{"id":7015,"date":"2021-08-19T22:04:16","date_gmt":"2021-08-19T20:04:16","guid":{"rendered":"https:\/\/digitalhistory.unite.it\/i-giganti-dal-xviii-al-xxi-secolo\/"},"modified":"2021-11-23T15:26:40","modified_gmt":"2021-11-23T14:26:40","slug":"i-giganti-dal-xviii-al-xxi-secolo","status":"publish","type":"page","link":"https:\/\/digitalhistory.unite.it\/es\/temi\/feste-e-rituali\/i-giganti-processionali-e-da-corteo\/i-giganti-dal-xviii-al-xxi-secolo\/","title":{"rendered":"I Giganti dal XVIII al XXI secolo"},"content":{"rendered":"<h1>I Giganti dal XVIII al XXI secolo <\/h1>\n<div class=\"testo\">\n<p style=\"text-align: justify\"><img loading=\"lazy\" decoding=\"async\" src=\"https:\/\/digitalhistory.unite.it\/wp-content\/uploads\/2021\/08\/giganti_di_barrafranca.0041-0-__fileminimizer__225x338.jpg\" width=\"225\" height=\"338\" alt=\"Giganti di Barrafranca\" align=\"left\">Gli studiosi che hanno ricostruito la storia dei giganti in Europa dalla prima et\u00e0 moderna ai giorni nostri, identificano nel Rinascimento l&#8217;apogeo della loro diffusione e nel Settecento una fase di decadenza culminata con alcuni provvedimenti statuali ed ecclesiastici emessi contro il loro uso (non solo durante la Rivoluzione francese, ma anche ad opera di sovrani come Carlo III di Spagna e l&#8217;imperatore austriaco Giuseppe II). L&#8217;Ottocento, invece, \u00e8 considerato il secondo &#8220;rinascimento&#8221; dei giganti: i colossi festivi&nbsp;furono reinterpretati come i simboli del patrimonio ancestrale e della cultura popolare delle Nazioni. Oggi, invece, si \u00e8 diffusa una vera e propria gigantomania legata al culto delle identit\u00e0 locali. Da qui la proliferazione dei cosiddetti \u00abtown-giants\u00bb o \u00abg\u00e9ants-miroirs\u00bb, ovvero di quei fantocci che impersonano i tipi socio-economici e i simboli anche inanimati di citt\u00e0 e piccole comunit\u00e0 d&#8217;Europa. In tal senso, il Novecento \u00e8 stato&nbsp;il secolo della &#8220;gigantificazione&#8221;, ovvero della trasformazione di figure normali in gigantesche (in passato, invece, nella maggior parte dei casi, il manichino altro non era che la rappresentazione proporzionata di un essere sovrumano).<\/p>\n<\/div>\n<p><\/p>\n","protected":false},"excerpt":{"rendered":"<p>I Giganti dal XVIII al XXI secolo Gli studiosi che hanno ricostruito la storia dei giganti in Europa dalla prima et\u00e0 moderna ai giorni nostri, identificano nel Rinascimento l&#8217;apogeo della loro diffusione e nel Settecento una fase di decadenza culminata con alcuni provvedimenti statuali ed&hellip;<\/p>\n","protected":false},"author":1,"featured_media":0,"parent":6178,"menu_order":0,"comment_status":"closed","ping_status":"closed","template":"","meta":{"footnotes":""},"class_list":["post-7015","page","type-page","status-publish","hentry"],"_links":{"self":[{"href":"https:\/\/digitalhistory.unite.it\/es\/wp-json\/wp\/v2\/pages\/7015","targetHints":{"allow":["GET"]}}],"collection":[{"href":"https:\/\/digitalhistory.unite.it\/es\/wp-json\/wp\/v2\/pages"}],"about":[{"href":"https:\/\/digitalhistory.unite.it\/es\/wp-json\/wp\/v2\/types\/page"}],"author":[{"embeddable":true,"href":"https:\/\/digitalhistory.unite.it\/es\/wp-json\/wp\/v2\/users\/1"}],"replies":[{"embeddable":true,"href":"https:\/\/digitalhistory.unite.it\/es\/wp-json\/wp\/v2\/comments?post=7015"}],"version-history":[{"count":3,"href":"https:\/\/digitalhistory.unite.it\/es\/wp-json\/wp\/v2\/pages\/7015\/revisions"}],"predecessor-version":[{"id":10511,"href":"https:\/\/digitalhistory.unite.it\/es\/wp-json\/wp\/v2\/pages\/7015\/revisions\/10511"}],"up":[{"embeddable":true,"href":"https:\/\/digitalhistory.unite.it\/es\/wp-json\/wp\/v2\/pages\/6178"}],"wp:attachment":[{"href":"https:\/\/digitalhistory.unite.it\/es\/wp-json\/wp\/v2\/media?parent=7015"}],"curies":[{"name":"wp","href":"https:\/\/api.w.org\/{rel}","templated":true}]}}