{"id":7022,"date":"2021-08-19T22:04:17","date_gmt":"2021-08-19T20:04:17","guid":{"rendered":"https:\/\/digitalhistory.unite.it\/la-tarasca-o-tarasque\/"},"modified":"2021-11-23T15:26:40","modified_gmt":"2021-11-23T14:26:40","slug":"la-tarasca-o-tarasque","status":"publish","type":"page","link":"https:\/\/digitalhistory.unite.it\/es\/temi\/feste-e-rituali\/i-giganti-in-spagna\/la-tarasca-o-tarasque\/","title":{"rendered":"La Tarasca (o Tarasque)"},"content":{"rendered":"<h1>La Tarasca (o Tarasque) <\/h1>\n<div class=\"testo\">\n<p style=\"text-align: justify\"><img loading=\"lazy\" decoding=\"async\" src=\"https:\/\/digitalhistory.unite.it\/wp-content\/uploads\/2021\/08\/la_tarasca_di_barcellona__spagna__226x303.jpg\" width=\"226\" height=\"303\" alt=\"Tarasca\" align=\"left\">La <em>Tarasca<\/em> \u00e8 l&#8217;equivalente spagnolo di un mostro provenzale (la <em>Tarasque<\/em>), che pare abbia addirittura dato il nome alla citt\u00e0 di Tarascon. La <em>Tarasque<\/em> \u00e8 un gigantesco ibrido zoomorfo con una strana testa di leone (dal volto umano e con le orecchie di cavallo), un carapace di tartaruga acuminato, una coda squamosa (culminante con un pungiglione di scorpione) e sei corte zampe. \u00c8 lo stesso Jacopo da Varagine, nella sua <em>Leggenda Aurea<\/em> (XIII secolo), a fornircene una descrizione. La leggenda narra che la <em>Tarasque<\/em> fosse nata in Galizia, dall&#8217;unione del mostro incendiario <em>Onachus<\/em> e del celeberrimo <em>Leviatano<\/em>, e che poi avesse trovato rifugio nel letto del Rodano, in Camargue. Da qui usciva terrorizzando gli abitanti della regione che, solo dopo l&#8217;intervento provvidenziale di Santa Marta di Betania, riuscirono ad addomesticarla. In Spagna, la <em>Tarasca<\/em> \u00e8 presente in molte localit\u00e0 (Madrid, Siviglia, Valencia, Tarragona, Granada, Toledo, Barcellona), dove spesso \u00e8 sormontata dal fantoccio di Anna Bolena, come a rappresentare simbolicamente il connubio tra il volto animale e umano dei nemici della Chiesa.<\/p>\n<\/div>\n<p><\/p>\n","protected":false},"excerpt":{"rendered":"<p>La Tarasca (o Tarasque) La Tarasca \u00e8 l&#8217;equivalente spagnolo di un mostro provenzale (la Tarasque), che pare abbia addirittura dato il nome alla citt\u00e0 di Tarascon. La Tarasque \u00e8 un gigantesco ibrido zoomorfo con una strana testa di leone (dal volto umano e con le&hellip;<\/p>\n","protected":false},"author":1,"featured_media":0,"parent":6181,"menu_order":0,"comment_status":"closed","ping_status":"closed","template":"","meta":{"footnotes":""},"class_list":["post-7022","page","type-page","status-publish","hentry"],"_links":{"self":[{"href":"https:\/\/digitalhistory.unite.it\/es\/wp-json\/wp\/v2\/pages\/7022","targetHints":{"allow":["GET"]}}],"collection":[{"href":"https:\/\/digitalhistory.unite.it\/es\/wp-json\/wp\/v2\/pages"}],"about":[{"href":"https:\/\/digitalhistory.unite.it\/es\/wp-json\/wp\/v2\/types\/page"}],"author":[{"embeddable":true,"href":"https:\/\/digitalhistory.unite.it\/es\/wp-json\/wp\/v2\/users\/1"}],"replies":[{"embeddable":true,"href":"https:\/\/digitalhistory.unite.it\/es\/wp-json\/wp\/v2\/comments?post=7022"}],"version-history":[{"count":3,"href":"https:\/\/digitalhistory.unite.it\/es\/wp-json\/wp\/v2\/pages\/7022\/revisions"}],"predecessor-version":[{"id":10507,"href":"https:\/\/digitalhistory.unite.it\/es\/wp-json\/wp\/v2\/pages\/7022\/revisions\/10507"}],"up":[{"embeddable":true,"href":"https:\/\/digitalhistory.unite.it\/es\/wp-json\/wp\/v2\/pages\/6181"}],"wp:attachment":[{"href":"https:\/\/digitalhistory.unite.it\/es\/wp-json\/wp\/v2\/media?parent=7022"}],"curies":[{"name":"wp","href":"https:\/\/api.w.org\/{rel}","templated":true}]}}