{"id":7026,"date":"2021-08-19T22:04:18","date_gmt":"2021-08-19T20:04:18","guid":{"rendered":"https:\/\/digitalhistory.unite.it\/la-tarasca-di-toledo\/"},"modified":"2021-11-23T15:26:37","modified_gmt":"2021-11-23T14:26:37","slug":"la-tarasca-di-toledo","status":"publish","type":"page","link":"https:\/\/digitalhistory.unite.it\/es\/temi\/feste-e-rituali\/i-giganti-del-corpus-christi-di-toledo\/la-tarasca-di-toledo\/","title":{"rendered":"La Tarasca di Toledo"},"content":{"rendered":"<h1>La Tarasca di Toledo <\/h1>\n<div class=\"testo\">\n<p style=\"text-align: justify\">La <em>Tarasca<\/em> di Toledo sputa fumo dalla bocca, ha il corpo di tartaruga, le ali di vampiro e la testa di un serpente con le fauci acuminate. Sul dorso del mostro toledano \u00e8 seduto il fantoccio di Anna Bolena (1507-1536): la seconda moglie del re d&#8217;Inghilterra Enrico VIII Tudor (1491-1547), sposata a seguito del ripudio della regina Caterina d&#8217;Aragona. Da allora, Anna Bolena \u00e8 stata additata come la causa della separazione della Chiesa d&#8217;Inghilterra da quella di Roma. Per tale motivo, la nuova sovrana \u00e8 stata oggetto di una costante esecrazione da parte dei cattolici. Durante la Controriforma, la sfortunata regina (che fu decapitata per volere del suo stesso consorte) \u00e8 divenuta il simbolo del peccato e dell&#8217;eresia. L&#8217;abitudine di posizionarla sul dorso della <em>Tarasca<\/em> \u00e8 quindi un modo per mettere in scena simbolicamente la sconfitta dei nemici della Chiesa. Nel XVIII secolo, in virt\u00f9 dei provvedimenti restrittivi emessi dalle autorit\u00e0 civili e religiose, la <em>Tarasca<\/em>&nbsp;toledana smise per qualche tempo di sfilare durante la ricorrenza del Santissimo Sacramento. Oggi, il mostro di Toledo, pur avendo perso le sue connotazioni simboliche originarie, conserva inalterato il suo fascino: la <em>Tarasca<\/em>, infatti, \u00e8 tuttora il fantoccio gigantesco pi\u00f9 apprezzato dagli spettatori.<\/p>\n<\/div>\n<p><\/p>\n","protected":false},"excerpt":{"rendered":"<p>La Tarasca di Toledo La Tarasca di Toledo sputa fumo dalla bocca, ha il corpo di tartaruga, le ali di vampiro e la testa di un serpente con le fauci acuminate. Sul dorso del mostro toledano \u00e8 seduto il fantoccio di Anna Bolena (1507-1536): la&hellip;<\/p>\n","protected":false},"author":1,"featured_media":0,"parent":6183,"menu_order":0,"comment_status":"closed","ping_status":"closed","template":"","meta":{"footnotes":""},"class_list":["post-7026","page","type-page","status-publish","hentry"],"_links":{"self":[{"href":"https:\/\/digitalhistory.unite.it\/es\/wp-json\/wp\/v2\/pages\/7026","targetHints":{"allow":["GET"]}}],"collection":[{"href":"https:\/\/digitalhistory.unite.it\/es\/wp-json\/wp\/v2\/pages"}],"about":[{"href":"https:\/\/digitalhistory.unite.it\/es\/wp-json\/wp\/v2\/types\/page"}],"author":[{"embeddable":true,"href":"https:\/\/digitalhistory.unite.it\/es\/wp-json\/wp\/v2\/users\/1"}],"replies":[{"embeddable":true,"href":"https:\/\/digitalhistory.unite.it\/es\/wp-json\/wp\/v2\/comments?post=7026"}],"version-history":[{"count":3,"href":"https:\/\/digitalhistory.unite.it\/es\/wp-json\/wp\/v2\/pages\/7026\/revisions"}],"predecessor-version":[{"id":10478,"href":"https:\/\/digitalhistory.unite.it\/es\/wp-json\/wp\/v2\/pages\/7026\/revisions\/10478"}],"up":[{"embeddable":true,"href":"https:\/\/digitalhistory.unite.it\/es\/wp-json\/wp\/v2\/pages\/6183"}],"wp:attachment":[{"href":"https:\/\/digitalhistory.unite.it\/es\/wp-json\/wp\/v2\/media?parent=7026"}],"curies":[{"name":"wp","href":"https:\/\/api.w.org\/{rel}","templated":true}]}}