{"id":7029,"date":"2021-08-19T22:04:18","date_gmt":"2021-08-19T20:04:18","guid":{"rendered":"https:\/\/digitalhistory.unite.it\/lesodo-dallegitto-e-la-settimana-di-passione\/"},"modified":"2021-11-23T15:26:53","modified_gmt":"2021-11-23T14:26:53","slug":"lesodo-dallegitto-e-la-settimana-di-passione","status":"publish","type":"page","link":"https:\/\/digitalhistory.unite.it\/es\/temi\/feste-e-rituali\/le-origini-della-settimana-santa-cattolica\/lesodo-dallegitto-e-la-settimana-di-passione\/","title":{"rendered":"L&#8217;Esodo dall&#8217;Egitto e la Settimana di Passione"},"content":{"rendered":"<h1>L&#8217;Esodo dall&#8217;Egitto e la Settimana di Passione <\/h1>\n<div class=\"testo\">\n<p style=\"text-align: justify\">Mos\u00e8, prima di fuggire dall&#8217;Egitto, rinnov\u00f2 il rituale dell&#8217;agnello (con l&#8217;invito a segnare le abitazioni col suo sangue, affinch\u00e9 l&#8217;Angelo sterminatore &#8220;passasse oltre&#8221; le case degli Ebrei e colpisse solo quelle degli Egiziani), la cerimonia del passaggio (con l&#8217;attraversamento del Mar Rosso e, pi\u00f9 in generale, con il superamento della condizione di schiavit\u00f9) e l&#8217;usanza di consumare il pane azzimo (preparato dagli ebrei prima della partenza dall&#8217;Egitto). La Passione di Cristo, invece, \u00e8 ambientata nel mese di Nissan (tra marzo e aprile), proprio durante la Pasqua ebraica: Ges\u00f9, infatti, venne arrestato dopo aver celebrato con gli Apostoli (l&#8217;Ultima) Cena Pasquale, che prevede la consumazione del pane azzimo.<\/p>\n<\/div>\n<p><\/p>\n","protected":false},"excerpt":{"rendered":"<p>L&#8217;Esodo dall&#8217;Egitto e la Settimana di Passione Mos\u00e8, prima di fuggire dall&#8217;Egitto, rinnov\u00f2 il rituale dell&#8217;agnello (con l&#8217;invito a segnare le abitazioni col suo sangue, affinch\u00e9 l&#8217;Angelo sterminatore &#8220;passasse oltre&#8221; le case degli Ebrei e colpisse solo quelle degli Egiziani), la cerimonia del passaggio (con&hellip;<\/p>\n","protected":false},"author":1,"featured_media":0,"parent":6186,"menu_order":0,"comment_status":"closed","ping_status":"closed","template":"","meta":{"footnotes":""},"class_list":["post-7029","page","type-page","status-publish","hentry"],"_links":{"self":[{"href":"https:\/\/digitalhistory.unite.it\/es\/wp-json\/wp\/v2\/pages\/7029","targetHints":{"allow":["GET"]}}],"collection":[{"href":"https:\/\/digitalhistory.unite.it\/es\/wp-json\/wp\/v2\/pages"}],"about":[{"href":"https:\/\/digitalhistory.unite.it\/es\/wp-json\/wp\/v2\/types\/page"}],"author":[{"embeddable":true,"href":"https:\/\/digitalhistory.unite.it\/es\/wp-json\/wp\/v2\/users\/1"}],"replies":[{"embeddable":true,"href":"https:\/\/digitalhistory.unite.it\/es\/wp-json\/wp\/v2\/comments?post=7029"}],"version-history":[{"count":3,"href":"https:\/\/digitalhistory.unite.it\/es\/wp-json\/wp\/v2\/pages\/7029\/revisions"}],"predecessor-version":[{"id":10656,"href":"https:\/\/digitalhistory.unite.it\/es\/wp-json\/wp\/v2\/pages\/7029\/revisions\/10656"}],"up":[{"embeddable":true,"href":"https:\/\/digitalhistory.unite.it\/es\/wp-json\/wp\/v2\/pages\/6186"}],"wp:attachment":[{"href":"https:\/\/digitalhistory.unite.it\/es\/wp-json\/wp\/v2\/media?parent=7029"}],"curies":[{"name":"wp","href":"https:\/\/api.w.org\/{rel}","templated":true}]}}