{"id":7031,"date":"2021-08-20T00:04:18","date_gmt":"2021-08-19T22:04:18","guid":{"rendered":"https:\/\/digitalhistory.unite.it\/la-storia-antica-della-settimana-santa-di-siviglia\/"},"modified":"2021-11-23T15:26:46","modified_gmt":"2021-11-23T14:26:46","slug":"la-storia-antica-della-settimana-santa-di-siviglia","status":"publish","type":"page","link":"https:\/\/digitalhistory.unite.it\/es\/temi\/feste-e-rituali\/la-settimana-santa-di-siviglia\/la-storia-antica-della-settimana-santa-di-siviglia\/","title":{"rendered":"La storia antica della Settimana Santa di Siviglia"},"content":{"rendered":"<h1>La storia antica della Settimana Santa di Siviglia <\/h1>\n<div class=\"testo\">\n<p style=\"text-align: justify\">Alla fine del Medioevo, i riti extraliturgici di tipo penitenziale (come quelli che prevedono l&#8217;autoflagellazione) e le rappresentazioni teatrali della Passione (come la <em>Via Crucis<\/em>) si svolgevano ancora all&#8217;interno delle chiese o nell&#8217;ambito delle celebrazioni ufficiali della Pasqua. La decisione delle autorit\u00e0 ecclesiastiche di spostare tali manifestazioni di culto lontano dal sagrato (XVI secolo), favor\u00ec la diffusione e il protagonismo delle <em>Cofrad\u00edas de<\/em> <em>la&nbsp;Semana Santa<\/em>: un tipo particolare di Confraternite (spesso fondate da una corporazione, da un gruppo etnico o da un ceto nobiliare), che&nbsp;avevano come obiettivo principale l&#8217;imitazione del martirio di Cristo e l&#8217;adorazione della Madonna Addolorata. Una missione a cui adempivano durante la Settimana Santa, mettendo in scena una <em>Estaci\u00f3n de Penitencia<\/em>, ovvero la rievocazione &#8211; divisa in &#8220;stazioni&#8221; &#8211; dell&#8217;ascesa di Cristo al Calvario: una forma di penitenza pubblica, che spesso prevedeva anche la cruenta autoflagellazione dei Confratelli (che si disinfettavano con un infuso contenente vino cotto, alloro, rose, viole, rosmarino e mirto in polvere). Agli albori dell&#8217;et\u00e0 moderna, le Confraternite partecipavano anche alle processioni del <em>Corpus Christi<\/em>, uno spazio scenico in cui si svolgevano diversi spettacoli a tema sacro. In tale contesto rituale, infatti, le corporazioni cittadine mettevano in scena rappresentazioni agiografiche o bibliche (dette <em>autos sacramentales<\/em>), che prevedevano anche la partecipazione dei <a href=\"\/temi\/feste-e-rituali\/i-giganti-processionali-e-da-corteo\/\"> Giganti<\/a> e della <a href=\"\/temi\/feste-e-rituali\/i-giganti-in-spagna\/la-tarasca-o-tarasque\/\"> <em>Tarasca<\/em><\/a>. In origine, i protagonisti dei riti pasquali&nbsp;erano i <em>disciplinati<\/em> o <em>Nazzareni<\/em> (vestiti con una tunica bianca, incappucciati, cinti da una corona di spine e scalzi), che compivano le loro processioni con la statua della Madonna, le croci e gli strumenti della flagellazione. Nella seconda met\u00e0 del Cinquecento, grazie all&#8217;impulso del Concilio di Trento, la Settimana Santa sivigliana inizi\u00f2 a trasformarsi. L&#8217;esistenza di un numero elevato di Confraternite, che spesso svolgevano le rispettive processioni in modo scomposto e poco consono ai dettami della Controriforma, spinse le autorit\u00e0 a rafforzare il controllo civile ed ecclesiastico sui riti penitenziali delle Settimana santa. Tra la fine del Cinquecento e l&#8217;inizio del Seicento, prese avvio una severa regolamentazione dei riti pasquali, con l&#8217;obiettivo di evitare gli eccessi, prevenire gli incidenti e dare uniformit\u00e0 alle manifestazioni del culto popolare. Un provvedimento dell&#8217;arcivescovo di Siviglia emanato nel 1604 impose a ciascuna Confraternita di compiere in modo uniforme e ordinato una &#8220;stazione&#8221; penitenziale presso la Cattedrale, proib\u00ec le sfilate notturne e assegn\u00f2 a ogni sodalizio orari e itinerari da rispettare.<\/p>\n<p style=\"text-align: justify\"><a href=\"\/temi\/feste-e-rituali\/la-settimana-santa-di-siviglia\/\"> &lt;&lt;&lt;&#8212;torna a La Settimana Santa di Siviglia<\/a><\/p>\n<\/div>\n<p><\/p>\n","protected":false},"excerpt":{"rendered":"<p>La storia antica della Settimana Santa di Siviglia Alla fine del Medioevo, i riti extraliturgici di tipo penitenziale (come quelli che prevedono l&#8217;autoflagellazione) e le rappresentazioni teatrali della Passione (come la Via Crucis) si svolgevano ancora all&#8217;interno delle chiese o nell&#8217;ambito delle celebrazioni ufficiali della&hellip;<\/p>\n","protected":false},"author":1,"featured_media":0,"parent":6188,"menu_order":0,"comment_status":"closed","ping_status":"closed","template":"","meta":{"footnotes":""},"class_list":["post-7031","page","type-page","status-publish","hentry"],"_links":{"self":[{"href":"https:\/\/digitalhistory.unite.it\/es\/wp-json\/wp\/v2\/pages\/7031","targetHints":{"allow":["GET"]}}],"collection":[{"href":"https:\/\/digitalhistory.unite.it\/es\/wp-json\/wp\/v2\/pages"}],"about":[{"href":"https:\/\/digitalhistory.unite.it\/es\/wp-json\/wp\/v2\/types\/page"}],"author":[{"embeddable":true,"href":"https:\/\/digitalhistory.unite.it\/es\/wp-json\/wp\/v2\/users\/1"}],"replies":[{"embeddable":true,"href":"https:\/\/digitalhistory.unite.it\/es\/wp-json\/wp\/v2\/comments?post=7031"}],"version-history":[{"count":3,"href":"https:\/\/digitalhistory.unite.it\/es\/wp-json\/wp\/v2\/pages\/7031\/revisions"}],"predecessor-version":[{"id":10578,"href":"https:\/\/digitalhistory.unite.it\/es\/wp-json\/wp\/v2\/pages\/7031\/revisions\/10578"}],"up":[{"embeddable":true,"href":"https:\/\/digitalhistory.unite.it\/es\/wp-json\/wp\/v2\/pages\/6188"}],"wp:attachment":[{"href":"https:\/\/digitalhistory.unite.it\/es\/wp-json\/wp\/v2\/media?parent=7031"}],"curies":[{"name":"wp","href":"https:\/\/api.w.org\/{rel}","templated":true}]}}