{"id":7032,"date":"2021-08-20T00:04:18","date_gmt":"2021-08-19T22:04:18","guid":{"rendered":"https:\/\/digitalhistory.unite.it\/la-storia-recente-della-settimana-santa-di-siviglia\/"},"modified":"2021-11-23T15:26:46","modified_gmt":"2021-11-23T14:26:46","slug":"la-storia-recente-della-settimana-santa-di-siviglia","status":"publish","type":"page","link":"https:\/\/digitalhistory.unite.it\/es\/temi\/feste-e-rituali\/la-settimana-santa-di-siviglia\/la-storia-recente-della-settimana-santa-di-siviglia\/","title":{"rendered":"La storia recente della Settimana Santa di Siviglia"},"content":{"rendered":"<h1>La storia recente della Settimana Santa di Siviglia <\/h1>\n<div class=\"testo\">\n<p style=\"text-align: justify\">Alle soglie dell&#8217;et\u00e0 contemporanea, l&#8217;antica tradizione della Settimana Santa di <a href=\"\/temi\/feste-e-rituali\/i-giganti-in-spagna\/siviglia\/\">Siviglia<\/a> avvi\u00f2 una stagione di profondi cambiamenti e interminabili vicissitudini. Tra fine Settecento e inizio Ottocento, la Corona impose alle Confraternite di sottoporre i rispettivi Statuti all&#8217;approvazione governativa. L&#8217;occupazione napoleonica della Spagna (1808), la successiva guerra di liberazione, i moti rivoluzionari e gli scontri civili dei primi decenni dell&#8217;Ottocento sconvolsero i ritmi della Settimana Santa sivigliana. Le Confraternite vissero un momento di stanca, aggravato dalla vendita dei beni ecclesiastici decisa dal governo. Durante il regno di Isabella II di Borbone, finalmente, si assistette ad una ripresa: negli anni Quaranta dell&#8217;Ottocento, infatti, crebbe il numero delle Confraternite e delle processioni e aumentarono anche i fedeli e i turisti che assistevano alla Settimana Santa. Le autorit\u00e0 dedicarono pi\u00f9 attenzione alla promozione turistica e ai suoi risvolti economici (proprio in questi anni venne inaugurata la consuetudine di mettere in vendita posti a sedere lungo il percorso ufficiale delle processioni). L&#8217;esilio di Isabella (1868), inaugur\u00f2 una nuova stagione di instabilit\u00e0 istituzionale, che dur\u00f2 fino alla restaurazione borbonica del 1875. Solo a partire dalla fine dell&#8217;Ottocento, le Confraternite tornarono in auge: si assistette alla fondazione di nuovi sodalizi, alla restaurazione di alcune antiche <em>Cofrad\u00edas<\/em> (che ormai si identificavano con i quartieri cittadini, e non pi\u00f9 con le corporazioni o con i gruppi etnici e nobiliari sivigliani) e alla codificazione degli attuali <em>Pasos de Palio<\/em> (i fercoli a baldacchino raffiguranti la Madonna). Nei primi decenni del Novecento, la Spagna&nbsp;venne lacerata da aspri conflitti politici e da forti spinte anticlericali, che produssero effetti negativi sulla Settimana Santa. La proclamazione della Seconda Repubblica (1931), in particolare, inaugur\u00f2 una stagione di tensioni e violenze, che impedirono lo svolgimento di molte processioni (nel 1933 non ne usc\u00ec nessuna) e provocarono pesanti danni al patrimonio religioso, spingendo le Confraternite a schierarsi con le forze conservatrici. Dopo la <a href=\"\/temi\/feste-e-rituali\/la-settimana-santa-di-siviglia\/la-storia-recente-della-settimana-santa-di-siviglia\/la-settimana-santa-di-siviglia-durante-il-franchismo\/\"> stagione di cambiamenti<\/a> vissuta durante il lungo periodo di dittatura di Francisco Franco (1936-1975), si&nbsp;\u00e8 aperta&nbsp;una nuova stagione positiva, tuttora in corso, segnata anche da un ulteriore arricchimento del patrimonio artistico.<\/p>\n<p style=\"text-align: justify\"><a href=\"\/temi\/feste-e-rituali\/la-settimana-santa-di-siviglia\/\"> &lt;&lt;&lt;&#8212;torna a La Settimana Santa di Siviglia<\/a><\/p>\n<\/div>\n<p><\/p>\n","protected":false},"excerpt":{"rendered":"<p>La storia recente della Settimana Santa di Siviglia Alle soglie dell&#8217;et\u00e0 contemporanea, l&#8217;antica tradizione della Settimana Santa di Siviglia avvi\u00f2 una stagione di profondi cambiamenti e interminabili vicissitudini. Tra fine Settecento e inizio Ottocento, la Corona impose alle Confraternite di sottoporre i rispettivi Statuti all&#8217;approvazione&hellip;<\/p>\n","protected":false},"author":1,"featured_media":0,"parent":6188,"menu_order":0,"comment_status":"closed","ping_status":"closed","template":"","meta":{"footnotes":""},"class_list":["post-7032","page","type-page","status-publish","hentry"],"_links":{"self":[{"href":"https:\/\/digitalhistory.unite.it\/es\/wp-json\/wp\/v2\/pages\/7032","targetHints":{"allow":["GET"]}}],"collection":[{"href":"https:\/\/digitalhistory.unite.it\/es\/wp-json\/wp\/v2\/pages"}],"about":[{"href":"https:\/\/digitalhistory.unite.it\/es\/wp-json\/wp\/v2\/types\/page"}],"author":[{"embeddable":true,"href":"https:\/\/digitalhistory.unite.it\/es\/wp-json\/wp\/v2\/users\/1"}],"replies":[{"embeddable":true,"href":"https:\/\/digitalhistory.unite.it\/es\/wp-json\/wp\/v2\/comments?post=7032"}],"version-history":[{"count":3,"href":"https:\/\/digitalhistory.unite.it\/es\/wp-json\/wp\/v2\/pages\/7032\/revisions"}],"predecessor-version":[{"id":10580,"href":"https:\/\/digitalhistory.unite.it\/es\/wp-json\/wp\/v2\/pages\/7032\/revisions\/10580"}],"up":[{"embeddable":true,"href":"https:\/\/digitalhistory.unite.it\/es\/wp-json\/wp\/v2\/pages\/6188"}],"wp:attachment":[{"href":"https:\/\/digitalhistory.unite.it\/es\/wp-json\/wp\/v2\/media?parent=7032"}],"curies":[{"name":"wp","href":"https:\/\/api.w.org\/{rel}","templated":true}]}}