{"id":7033,"date":"2021-08-20T00:04:18","date_gmt":"2021-08-19T22:04:18","guid":{"rendered":"https:\/\/digitalhistory.unite.it\/le-processioni-della-settimana-santa-di-siviglia\/"},"modified":"2021-11-23T15:26:46","modified_gmt":"2021-11-23T14:26:46","slug":"le-processioni-della-settimana-santa-di-siviglia","status":"publish","type":"page","link":"https:\/\/digitalhistory.unite.it\/es\/temi\/feste-e-rituali\/la-settimana-santa-di-siviglia\/le-processioni-della-settimana-santa-di-siviglia\/","title":{"rendered":"Le processioni della Settimana Santa di Siviglia"},"content":{"rendered":"<h1>Le processioni della Settimana Santa di Siviglia <\/h1>\n<div class=\"testo\">\n<p style=\"text-align: justify\">A <a href=\"\/temi\/feste-e-rituali\/i-giganti-in-spagna\/siviglia\/\">Siviglia<\/a>, per ogni giorno della Settimana Santa, dalla Domenica delle Palme alla Pasqua, si svolge un turno processionale, nel corso del quale sfilano fino ad un massimo di nove Confraternite. In totale, i <a href=\"\/temi\/feste-e-rituali\/la-settimana-santa-di-siviglia\/i-pasos-della-settimana-santa-di-siviglia\/\"> <em>pasos<\/em><\/a> sono pi\u00f9 di cento e vengono accompagnati da circa sessantamila confratelli.<\/p>\n<p style=\"text-align: justify\">I confratelli che partecipano a vario titolo ai riti della Pasqua prendono il nome di <em>Nazzareni<\/em> (termine usato inizialmente per indicare solo quelli che imitavano il Cristo nella <em>Via Crucis<\/em> e poi esteso a tutti gli altri). Essi indossano una tunica (spesso bianca) e sfilano col volto coperto da un cappuccio o da un copricapo (di vari colori). I <em>Nazzareni<\/em> si distinguono gli uni dagli altri per il <a href=\"\/temi\/feste-e-rituali\/la-settimana-santa-di-siviglia\/le-processioni-della-settimana-santa-di-siviglia\/i-diversi-compiti-dei-nazzareni\/\"> compito<\/a> che svolgono durante il sacro corteo. Al corteo processionale partecipano anche gli <em>Allegados<\/em>, ovvero i devoti non appartenenti ai sodalizi, che seguono la processione con una tunica sprovvista dell&#8217;emblema della Confraternita. Oggi anche le donne sivigliane partecipano alle processioni: l&#8217;unico ruolo che non possono ricoprire \u00e8 quello dei <em>costaleros<\/em> (i <em>costaleros<\/em> sono coloro che sorreggono il peso&nbsp;dei <em>pasos<\/em> durante la processione). Tra le altre figure che prendono parte al rito, si segnalano gli <em>Ac\u00f3litos<\/em> (i chierichetti che portano i grandi candelieri e gli incensieri), accompagnati dai <em>Pertigueros<\/em> (i sacrestani).<\/p>\n<p style=\"text-align: justify\">La processione pi\u00f9 importante e partecipata (quasi un milione di persone) \u00e8 quella che si svolge tra la notte del Gioved\u00ec e la mattinata del Venerd\u00ec Santo: la <em>Madrugada<\/em>. Ogni corteo, accompagnato dalle note struggenti della banda, \u00e8 aperto da una <em>Cruz de Gu\u00eda<\/em> (la <em>Croce Guida<\/em>, introdotta nel repertorio simbolico della Settimana Santa a fine Settecento), affiancata da due lanterne. La <em>Cruz de Gu\u00eda<\/em> precede il <em>Senatus<\/em>, il segno distintivo delle legioni romane, su cui \u00e8 iscritta la celebre formula latina S.P.Q.R., in ricordo del ruolo svolto dai soldati di Roma negli ultimi giorni della vita di Cristo. A seguire, sfilano le <em>Banderas de pasos<\/em> (le bandiere con il colore della Confraternita), l&#8217;<em>Estandarte<\/em> (lo stendardo simbolo della Confraternita), le <em>Bocinas<\/em> (le trombette funebri) e il <em>Libro de reglas<\/em> (lo Statuto della Confraternita). Tra le altre insegne, ricordiamo anche il <em>Simpecado<\/em> (lo stendardo dell&#8217;Immacolata Concezione).<\/p>\n<p style=\"text-align: justify\"><a href=\"\/temi\/feste-e-rituali\/la-settimana-santa-di-siviglia\/\"> &lt;&lt;&lt;&#8212;torna a La Settimana Santa di Siviglia<\/a><\/p>\n<\/div>\n<p><\/p>\n","protected":false},"excerpt":{"rendered":"<p>Le processioni della Settimana Santa di Siviglia A Siviglia, per ogni giorno della Settimana Santa, dalla Domenica delle Palme alla Pasqua, si svolge un turno processionale, nel corso del quale sfilano fino ad un massimo di nove Confraternite. In totale, i pasos sono pi\u00f9 di&hellip;<\/p>\n","protected":false},"author":1,"featured_media":0,"parent":6188,"menu_order":0,"comment_status":"closed","ping_status":"closed","template":"","meta":{"footnotes":""},"class_list":["post-7033","page","type-page","status-publish","hentry"],"_links":{"self":[{"href":"https:\/\/digitalhistory.unite.it\/es\/wp-json\/wp\/v2\/pages\/7033","targetHints":{"allow":["GET"]}}],"collection":[{"href":"https:\/\/digitalhistory.unite.it\/es\/wp-json\/wp\/v2\/pages"}],"about":[{"href":"https:\/\/digitalhistory.unite.it\/es\/wp-json\/wp\/v2\/types\/page"}],"author":[{"embeddable":true,"href":"https:\/\/digitalhistory.unite.it\/es\/wp-json\/wp\/v2\/users\/1"}],"replies":[{"embeddable":true,"href":"https:\/\/digitalhistory.unite.it\/es\/wp-json\/wp\/v2\/comments?post=7033"}],"version-history":[{"count":3,"href":"https:\/\/digitalhistory.unite.it\/es\/wp-json\/wp\/v2\/pages\/7033\/revisions"}],"predecessor-version":[{"id":10583,"href":"https:\/\/digitalhistory.unite.it\/es\/wp-json\/wp\/v2\/pages\/7033\/revisions\/10583"}],"up":[{"embeddable":true,"href":"https:\/\/digitalhistory.unite.it\/es\/wp-json\/wp\/v2\/pages\/6188"}],"wp:attachment":[{"href":"https:\/\/digitalhistory.unite.it\/es\/wp-json\/wp\/v2\/media?parent=7033"}],"curies":[{"name":"wp","href":"https:\/\/api.w.org\/{rel}","templated":true}]}}