{"id":7034,"date":"2021-08-20T00:04:18","date_gmt":"2021-08-19T22:04:18","guid":{"rendered":"https:\/\/digitalhistory.unite.it\/i-pasos-della-settimana-santa-di-siviglia\/"},"modified":"2021-11-23T15:26:46","modified_gmt":"2021-11-23T14:26:46","slug":"i-pasos-della-settimana-santa-di-siviglia","status":"publish","type":"page","link":"https:\/\/digitalhistory.unite.it\/es\/temi\/feste-e-rituali\/la-settimana-santa-di-siviglia\/i-pasos-della-settimana-santa-di-siviglia\/","title":{"rendered":"I Pasos della Settimana Santa di Siviglia"},"content":{"rendered":"<h1>I Pasos della Settimana Santa di Siviglia <\/h1>\n<div class=\"testo\">\n<p style=\"text-align: justify\">La Settimana Santa di <a href=\"\/temi\/feste-e-rituali\/i-giganti-in-spagna\/siviglia\/\">Siviglia<\/a> \u00e8 famosa per le bellissime e suggestive statue raffiguranti il Cristo e la Madonna Addolorata portate in processione dalle Confraternite. In Spagna, tali immagini, collocate su portantine o supporti lignei finemente decorati, costituiscono i famosi <em>pasos<\/em> (che a <a href=\"\/temi\/feste-e-rituali\/la-settimana-santa-di-siviglia\/i-pasos-della-settimana-santa-di-siviglia\/malaga\/\"> Malaga<\/a> prendono il nome di <a href=\"\/temi\/feste-e-rituali\/la-settimana-santa-di-malaga\/i-tronos-della-settimana-santa-di-malaga\/\"> <em>tronos<\/em><\/a> e che in Italia sono variamente denominati <a href=\"\/temi\/feste-e-rituali\/i-misteri\/\"><em>Vare<\/em> o <em>Misteri<\/em><\/a>). Il termine <em>paso<\/em> indica, per estensione, tanto la struttura portante, quanto la &#8220;macchina&#8221; processionale nel suo complesso. Ogni Confraternita della Settimana Santa di Siviglia porta in processione da un minimo di uno ad un massimo di tre <em>pasos<\/em>: i primi due dedicati al Cristo, l&#8217;altro alla Madonna (detto <em>paso de palio<\/em>, dal nome dell&#8217;imponente baldacchino che sovrasta l&#8217;effige della Vergine Dolorosa).<\/p>\n<p style=\"text-align: justify\">I <em>pasos<\/em> di Siviglia sono lunghi fino a 2,50 metri e larghi dai 3,5 ai 5 metri. Ogni <em>paso<\/em> \u00e8 costituito da una portantina (<em>parihuela<\/em>), coperta da un tessuto di velluto. Sulla <em>parihuela<\/em> poggia un basamento in legno intagliato (spesso in stile barocco), addobbato con fiori, lanterne, torce e candelieri. Su questa &#8220;macchina&#8221; processionale sono collocate le statue o i gruppi statuari (<em>las im\u00e1genes<\/em>), che raffigurano il Cristo, una scena della sua Passione (detta anche <em>Misterio<\/em>) o un&#8217;effige della Madonna Addolorata. La maggior parte delle <em>im\u00e1genes<\/em> \u00e8 stata costruita negli ultimi tre secoli. Alcune di esse, per\u00f2, risalgono addirittura al Quattrocento. Non di rado, <em>Cofrad\u00edas<\/em> costituitesi in tempi relativamente recenti hanno ereditato immagini molto antiche, in alcuni casi <a href=\"\/temi\/feste-e-rituali\/la-settimana-santa-di-siviglia\/i-pasos-della-settimana-santa-di-siviglia\/i-pasos-in-eta-barocca\/\"> risalenti all&#8217;et\u00e0 barocca<\/a>.<\/p>\n<p style=\"text-align: justify\"><a href=\"\/temi\/feste-e-rituali\/la-settimana-santa-di-siviglia\/\"> &lt;&lt;&lt;&#8212;torna a La Settimana Santa di Siviglia<\/a><\/p>\n<\/div>\n<p><\/p>\n","protected":false},"excerpt":{"rendered":"<p>I Pasos della Settimana Santa di Siviglia La Settimana Santa di Siviglia \u00e8 famosa per le bellissime e suggestive statue raffiguranti il Cristo e la Madonna Addolorata portate in processione dalle Confraternite. In Spagna, tali immagini, collocate su portantine o supporti lignei finemente decorati, costituiscono&hellip;<\/p>\n","protected":false},"author":1,"featured_media":0,"parent":6188,"menu_order":0,"comment_status":"closed","ping_status":"closed","template":"","meta":{"footnotes":""},"class_list":["post-7034","page","type-page","status-publish","hentry"],"_links":{"self":[{"href":"https:\/\/digitalhistory.unite.it\/es\/wp-json\/wp\/v2\/pages\/7034","targetHints":{"allow":["GET"]}}],"collection":[{"href":"https:\/\/digitalhistory.unite.it\/es\/wp-json\/wp\/v2\/pages"}],"about":[{"href":"https:\/\/digitalhistory.unite.it\/es\/wp-json\/wp\/v2\/types\/page"}],"author":[{"embeddable":true,"href":"https:\/\/digitalhistory.unite.it\/es\/wp-json\/wp\/v2\/users\/1"}],"replies":[{"embeddable":true,"href":"https:\/\/digitalhistory.unite.it\/es\/wp-json\/wp\/v2\/comments?post=7034"}],"version-history":[{"count":3,"href":"https:\/\/digitalhistory.unite.it\/es\/wp-json\/wp\/v2\/pages\/7034\/revisions"}],"predecessor-version":[{"id":10575,"href":"https:\/\/digitalhistory.unite.it\/es\/wp-json\/wp\/v2\/pages\/7034\/revisions\/10575"}],"up":[{"embeddable":true,"href":"https:\/\/digitalhistory.unite.it\/es\/wp-json\/wp\/v2\/pages\/6188"}],"wp:attachment":[{"href":"https:\/\/digitalhistory.unite.it\/es\/wp-json\/wp\/v2\/media?parent=7034"}],"curies":[{"name":"wp","href":"https:\/\/api.w.org\/{rel}","templated":true}]}}