{"id":7035,"date":"2021-08-20T00:04:18","date_gmt":"2021-08-19T22:04:18","guid":{"rendered":"https:\/\/digitalhistory.unite.it\/le-confraternite-della-settimana-santa-di-siviglia\/"},"modified":"2021-11-23T15:26:46","modified_gmt":"2021-11-23T14:26:46","slug":"le-confraternite-della-settimana-santa-di-siviglia","status":"publish","type":"page","link":"https:\/\/digitalhistory.unite.it\/es\/temi\/feste-e-rituali\/la-settimana-santa-di-siviglia\/le-confraternite-della-settimana-santa-di-siviglia\/","title":{"rendered":"Le Confraternite della Settimana Santa di Siviglia"},"content":{"rendered":"<h1>Le Confraternite della Settimana Santa di Siviglia <\/h1>\n<div class=\"testo\">\n<p style=\"text-align: justify\">Le Confraternite di <a href=\"\/temi\/feste-e-rituali\/i-giganti-in-spagna\/siviglia\/\">Siviglia<\/a> sono le protagoniste indiscusse delle molteplici processioni che si svolgono durante la Settimana Santa tra le vie della capitale andalusa. Alcune di queste sfilate hanno un&#8217;origine piuttosto recente (quella della <a href=\"#\" class=\"tooltip yellow-tooltip\">Domenica delle Palme<span>Tra le Confraternite che sfilano la Domenica delle Palme, quella della <em>Hiniesta<\/em> (nata nel XV secolo) si segnala per la partecipazione di 1300 <em>Nazareni<\/em>, quella della <em>Cena<\/em> per il suo <em>paso<\/em> cinquecentesco (<em>El Cristo de la Humildad<\/em>), quelle dell&#8217;<em>Estrella<\/em>, della <em>Amargura<\/em> e dell&#8217;<em>Amor<\/em> per i loro <em>pasos<\/em> seicenteschi.<\/span><\/a> \u00e8 nata a fine Ottocento; quelle del <a href=\"#\" class=\"tooltip yellow-tooltip\">Luned\u00ec<span>Tra le <em>Cofrad\u00edas<\/em> del Luned\u00ec Santo, quella di <em>San Gonzalo<\/em> conta 2050 <em>Nazareni<\/em>, mentre quella del <em>Museo<\/em> vanta un <em>paso<\/em> del 1575 e il <em>palio<\/em> settecentesco della <em>Virgen de las Aguas<\/em>.<\/span><\/a>, del <a href=\"#\" class=\"tooltip yellow-tooltip\">Marted\u00ec<span>Nelle sfilate del Marted\u00ec Santo troviamo solo Confraternite costituite nel XX secolo, ma che annoverano fercoli molto antichi, risalenti all&#8217;et\u00e0 barocca.<\/span><\/a>, del <a href=\"#\" class=\"tooltip yellow-tooltip\">Sabato Santo<span>La sfilata del Sabato Santo, che \u00e8 stata istituita solo a met\u00e0 Novecento, si svolge con la partecipazione di una <em>Confrad\u00eda<\/em> nata in questo stesso secolo, di due Confraternite risalenti al XVI secolo (<em>La Trinidad<\/em>, composta da mille <em>Nazareni<\/em>, e <em>La Soledad de San Lorenzo<\/em>, impreziosita da un <em>paso<\/em> del 1555), di un sodalizio fondato nel XVII (<em>Los Servitas<\/em>, con un <em>paso<\/em> del Settecento) e di una antichissima Confraternita, risalente addirittura al 1248 (quella del <em>Santo Entierro<\/em>, proprietaria di un <em>paso<\/em> del Cinquecento).<\/span><\/a> e della <a href=\"#\" class=\"tooltip yellow-tooltip\">Pasqua<span>Il giorno di Pasqua sfila un&#8217;unica processione, quella della <em>Resurreci\u00f3n<\/em>, con la partecipazione di una sola <em>Hermandad<\/em> (nata nel 1972) e dei suoi due <em>pasos<\/em>: l&#8217;antica immagine della <em>Resurrecci\u00f3n<\/em> (XVII secolo) e la pi\u00f9 recente <em>Virgen de la Aurora<\/em> (1978).<\/span><\/a>, invece, risalgono alla prima met\u00e0 del Novecento), rispetto alle pi\u00f9 antiche e classiche cerimonie del <a href=\"#\" class=\"tooltip yellow-tooltip\">Mercoled\u00ec<span>Molte Confraternite del Mercoled\u00ec Santo sono nate nella seconda met\u00e0 dell&#8217;Ottocento (quella del <em>Cristo de Burgos<\/em> vanta un <em>palio<\/em> cinquecentesco e quella delle <em>Siete Palabras<\/em> un <em>paso<\/em> seicentesco). Tra le restanti, si segnalano: quella di <em>San Bernardo<\/em>, costituita nel Settecento, che venera un <em>paso<\/em> seicentesco e include 2400 <em>Nazareni<\/em>; quella del <em>Buen Fin<\/em>, di origine cinquecentesca, possiede un <em>paso<\/em> e un <em>palio<\/em> del XVII secolo; quella della <em>Lanzada<\/em> porta in processione un <em>palio de la Virgen<\/em> ottocentesco; quella <em>de Los Panaderos<\/em>, nata alla fine del Cinquecento, vanta un <em>palio<\/em> del Seicento.<\/span><\/a>, <a href=\"#\" class=\"tooltip yellow-tooltip\">Gioved\u00ec<span>Le Confraternite del Gioved\u00ec Santo sono nate tutte tra il XIV e il XVII secolo e vantano <em>pasos<\/em> altrettanto antichi.<\/span><\/a> e <a href=\"#\" class=\"tooltip yellow-tooltip\">Venerd\u00ec Santo<span>Anche le Confraternite della <em>Madrugada<\/em> e del Venerd\u00ec Santo sono nate tutte tra il XIV e il XVII secolo.<\/span><\/a>.<\/p>\n<p style=\"text-align: justify\">I cortei sacri della Settimana Santa di Siviglia si svolgono sotto la supervisione del <em>Consejo General de Hermandades y Cofrad\u00edas<\/em>. Si tratta di un organismo creato nel 1954, allo scopo di coordinare l&#8217;attivit\u00e0 delle numerosissime Confraternite sivigliane (che superano il numero di sessanta, se si conteggiano anche quelle che sfilano il Venerd\u00ec di Dolore e il Sabato di Passione, ovvero nei due giorni che precedono la Domenica delle Palme). Il Consiglio Generale sovrintende al rispetto dei tragitti e dei tempi di svolgimento delle singole processioni. Ogni Confraternita, infatti, dopo essere uscita dalla chiesa di appartenenza (dove sono custodite le insegne e simboli del sodalizio), \u00e8 obbligata a compiere la <em>Carrera Oficial<\/em>, un percorso comune che la condurr\u00e0 fino alla Cattedrale. La durata media del solo corteo ufficiale \u00e8 di circa trenta minuti, con l&#8217;eccezione di alcuni sodalizi che impiegano anche pi\u00f9 di un&#8217;ora. La sfilata completa di ogni Confraternita, invece, pu\u00f2 protrarsi anche per un&#8217;intera giornata. Durante la processione penitenziale (detta <em>Estaci\u00f3n de Penitencia<\/em>), i rappresentanti del <em>Consejo<\/em> effettuano due controlli orari su ciascuna <em>Cofrad\u00eda<\/em>: in passato (negli anni Cinquanta e Sessanta), il mancato rispetto del rigido protocollo cerimoniale comportava pesanti sanzioni, che potevano arrivare fino al divieto di partecipazione al corteo dell&#8217;anno seguente.<\/p>\n<p style=\"text-align: justify\"><a href=\"\/temi\/feste-e-rituali\/la-settimana-santa-di-siviglia\/\"> &lt;&lt;&lt;&#8212;torna a La Settimana Santa di Siviglia<\/a><\/p>\n<\/div>\n<p><\/p>\n","protected":false},"excerpt":{"rendered":"<p>Le Confraternite della Settimana Santa di Siviglia Le Confraternite di Siviglia sono le protagoniste indiscusse delle molteplici processioni che si svolgono durante la Settimana Santa tra le vie della capitale andalusa. Alcune di queste sfilate hanno un&#8217;origine piuttosto recente (quella della Domenica delle PalmeTra le&hellip;<\/p>\n","protected":false},"author":1,"featured_media":0,"parent":6188,"menu_order":0,"comment_status":"closed","ping_status":"closed","template":"","meta":{"footnotes":""},"class_list":["post-7035","page","type-page","status-publish","hentry"],"_links":{"self":[{"href":"https:\/\/digitalhistory.unite.it\/es\/wp-json\/wp\/v2\/pages\/7035","targetHints":{"allow":["GET"]}}],"collection":[{"href":"https:\/\/digitalhistory.unite.it\/es\/wp-json\/wp\/v2\/pages"}],"about":[{"href":"https:\/\/digitalhistory.unite.it\/es\/wp-json\/wp\/v2\/types\/page"}],"author":[{"embeddable":true,"href":"https:\/\/digitalhistory.unite.it\/es\/wp-json\/wp\/v2\/users\/1"}],"replies":[{"embeddable":true,"href":"https:\/\/digitalhistory.unite.it\/es\/wp-json\/wp\/v2\/comments?post=7035"}],"version-history":[{"count":3,"href":"https:\/\/digitalhistory.unite.it\/es\/wp-json\/wp\/v2\/pages\/7035\/revisions"}],"predecessor-version":[{"id":10582,"href":"https:\/\/digitalhistory.unite.it\/es\/wp-json\/wp\/v2\/pages\/7035\/revisions\/10582"}],"up":[{"embeddable":true,"href":"https:\/\/digitalhistory.unite.it\/es\/wp-json\/wp\/v2\/pages\/6188"}],"wp:attachment":[{"href":"https:\/\/digitalhistory.unite.it\/es\/wp-json\/wp\/v2\/media?parent=7035"}],"curies":[{"name":"wp","href":"https:\/\/api.w.org\/{rel}","templated":true}]}}