{"id":7036,"date":"2021-08-20T00:04:18","date_gmt":"2021-08-19T22:04:18","guid":{"rendered":"https:\/\/digitalhistory.unite.it\/il-venerdi-santo-a-tarragona-oggi\/"},"modified":"2021-11-23T15:26:44","modified_gmt":"2021-11-23T14:26:44","slug":"il-venerdi-santo-a-tarragona-oggi","status":"publish","type":"page","link":"https:\/\/digitalhistory.unite.it\/es\/temi\/feste-e-rituali\/la-processione-del-santo-entierro-di-tarragona\/il-venerdi-santo-a-tarragona-oggi\/","title":{"rendered":"Il Venerd\u00ec Santo a Tarragona oggi"},"content":{"rendered":"<h1>Il Venerd\u00ec Santo a Tarragona oggi <\/h1>\n<div class=\"testo\">\n<p style=\"text-align: justify\">Alla processione del <em>Santo Entierro<\/em>, organizzata dalla Congregazione del Purissimo Sangue del Nostro Signore Ges\u00f9 Cristo (fondata nel 1545), prendono parte circa 5.000 confratelli. La sacra sfilata \u00e8 preceduta da una cerimonia spettacolare, le cui origini risalgono alla met\u00e0 del Settecento. Alle 16,30, infatti, gli <em>Armats<\/em> escono dalla chiesa di Nazaret per la <em>recollida de Misteris<\/em>: la raccolta ed il trasposto presso <em>Placa del Rey&nbsp;<\/em> dei gruppi statuari raffiguranti le scene della Passione. Il termine catalano <em>Misteris<\/em> \u00e8 uno dei modi pi\u00f9 comuni per indicare i <em>pasos<\/em>: la parola <em>Misteri<\/em>, infatti, \u00e8 tradizionalmente usata in Spagna ed in Italia per denominare le statue o i gruppi statuari che sfilano durante la Settimana Santa. Tale denominazione deriva dal fatto che in epoca medievale si chiamavano cos\u00ec la messe in scena o le rappresentazioni di qualche mistero della religione, e in particolare il mistero della salvezza. Una volta giunti tutti i <em>Misteri<\/em> nella Piazza del Re, parte il corteo con alla testa la coorte romana&nbsp;degli <em>Armats<\/em>. Il gruppo di figuranti in uniforme romana \u00e8 seguito dall&#8217;insegna della Congregazione del Purissimo Sangue di Cristo, che a sua volta apre il corteo dei 20 <em>pasos<\/em>. I fercoli lignei di Tarragona risalgono tutti al secolo scorso, poich\u00e9 quelli originali furono distrutti durante la Guerra Civile. I <em>pasos<\/em>, raffigurazioni scultoree dei momenti salienti della Passione e della Morte di Cristo, sono portati a spalla dalle 12 Associazioni della Settimana Santa di Tarragona.<\/p>\n<\/div>\n<p><\/p>\n","protected":false},"excerpt":{"rendered":"<p>Il Venerd\u00ec Santo a Tarragona oggi Alla processione del Santo Entierro, organizzata dalla Congregazione del Purissimo Sangue del Nostro Signore Ges\u00f9 Cristo (fondata nel 1545), prendono parte circa 5.000 confratelli. La sacra sfilata \u00e8 preceduta da una cerimonia spettacolare, le cui origini risalgono alla met\u00e0&hellip;<\/p>\n","protected":false},"author":1,"featured_media":0,"parent":6190,"menu_order":0,"comment_status":"closed","ping_status":"closed","template":"","meta":{"footnotes":""},"class_list":["post-7036","page","type-page","status-publish","hentry"],"_links":{"self":[{"href":"https:\/\/digitalhistory.unite.it\/es\/wp-json\/wp\/v2\/pages\/7036","targetHints":{"allow":["GET"]}}],"collection":[{"href":"https:\/\/digitalhistory.unite.it\/es\/wp-json\/wp\/v2\/pages"}],"about":[{"href":"https:\/\/digitalhistory.unite.it\/es\/wp-json\/wp\/v2\/types\/page"}],"author":[{"embeddable":true,"href":"https:\/\/digitalhistory.unite.it\/es\/wp-json\/wp\/v2\/users\/1"}],"replies":[{"embeddable":true,"href":"https:\/\/digitalhistory.unite.it\/es\/wp-json\/wp\/v2\/comments?post=7036"}],"version-history":[{"count":3,"href":"https:\/\/digitalhistory.unite.it\/es\/wp-json\/wp\/v2\/pages\/7036\/revisions"}],"predecessor-version":[{"id":10553,"href":"https:\/\/digitalhistory.unite.it\/es\/wp-json\/wp\/v2\/pages\/7036\/revisions\/10553"}],"up":[{"embeddable":true,"href":"https:\/\/digitalhistory.unite.it\/es\/wp-json\/wp\/v2\/pages\/6190"}],"wp:attachment":[{"href":"https:\/\/digitalhistory.unite.it\/es\/wp-json\/wp\/v2\/media?parent=7036"}],"curies":[{"name":"wp","href":"https:\/\/api.w.org\/{rel}","templated":true}]}}