{"id":7039,"date":"2021-08-20T00:04:18","date_gmt":"2021-08-19T22:04:18","guid":{"rendered":"https:\/\/digitalhistory.unite.it\/la-storia-della-processione-dei-misteri-di-trapani\/"},"modified":"2021-11-23T15:26:45","modified_gmt":"2021-11-23T14:26:45","slug":"la-storia-della-processione-dei-misteri-di-trapani","status":"publish","type":"page","link":"https:\/\/digitalhistory.unite.it\/es\/temi\/feste-e-rituali\/la-settimana-santa-a-trapani\/la-storia-della-processione-dei-misteri-di-trapani\/","title":{"rendered":"La storia della Processione dei Misteri di Trapani"},"content":{"rendered":"<h1>La storia della Processione dei Misteri di Trapani <\/h1>\n<div class=\"testo\">\n<p style=\"text-align: justify\">Pi\u00f9 antica e a lungo pi\u00f9 popolare era la cerimonia del luned\u00ec dopo Pasqua, il <em>Cilio<\/em>, ovvero l&#8217;offerta dei Ceri alla Madonna. Ogni maestranza in quell&#8217;occasione si radunava attorno al suo cero e la processione esprimeva la riunificazione della <em>Civitas<\/em> attraverso la riaffermazione dei gruppi corporati come base della vita sociale e dell&#8217;ordine riconosciuto, di cui la Patrona, la Madonna di Trapani, era la garante. Nel processo di sostituzione dell&#8217;antica cerimonia del <em>Cilio<\/em> con i <em>Misteri<\/em>, le corporazioni di mestiere (o maestranze) sono state coinvolte attraverso l&#8217;assegnazione a ciascuna di esse, a partire dal primo ventennio del XVII secolo, di un gruppo statuario. Con l&#8217;espulsione dei Gesuiti, nel 1773, la processione ha accentuato il suo aspetto di festa civica, dipendendo direttamente dal Senato, l&#8217;autorit\u00e0 municipale, e dai <em>consoli<\/em> (direttori) delle maestranze. La festa ha naturalmente subito varie modificazioni nel corso del tempo e le statue di legno via via distrutte sono state sostituite. La maggior parte di quelle che oggi sfilano, scolpite originariamente nei secoli XVIII e XIX, sono state ricostruite o restaurate dopo i disastrosi bombardamenti della citt\u00e0 nel 1940\/41.<\/p>\n<\/div>\n<p><\/p>\n","protected":false},"excerpt":{"rendered":"<p>La storia della Processione dei Misteri di Trapani Pi\u00f9 antica e a lungo pi\u00f9 popolare era la cerimonia del luned\u00ec dopo Pasqua, il Cilio, ovvero l&#8217;offerta dei Ceri alla Madonna. Ogni maestranza in quell&#8217;occasione si radunava attorno al suo cero e la processione esprimeva la&hellip;<\/p>\n","protected":false},"author":1,"featured_media":0,"parent":6197,"menu_order":0,"comment_status":"closed","ping_status":"closed","template":"","meta":{"footnotes":""},"class_list":["post-7039","page","type-page","status-publish","hentry"],"_links":{"self":[{"href":"https:\/\/digitalhistory.unite.it\/es\/wp-json\/wp\/v2\/pages\/7039","targetHints":{"allow":["GET"]}}],"collection":[{"href":"https:\/\/digitalhistory.unite.it\/es\/wp-json\/wp\/v2\/pages"}],"about":[{"href":"https:\/\/digitalhistory.unite.it\/es\/wp-json\/wp\/v2\/types\/page"}],"author":[{"embeddable":true,"href":"https:\/\/digitalhistory.unite.it\/es\/wp-json\/wp\/v2\/users\/1"}],"replies":[{"embeddable":true,"href":"https:\/\/digitalhistory.unite.it\/es\/wp-json\/wp\/v2\/comments?post=7039"}],"version-history":[{"count":3,"href":"https:\/\/digitalhistory.unite.it\/es\/wp-json\/wp\/v2\/pages\/7039\/revisions"}],"predecessor-version":[{"id":10564,"href":"https:\/\/digitalhistory.unite.it\/es\/wp-json\/wp\/v2\/pages\/7039\/revisions\/10564"}],"up":[{"embeddable":true,"href":"https:\/\/digitalhistory.unite.it\/es\/wp-json\/wp\/v2\/pages\/6197"}],"wp:attachment":[{"href":"https:\/\/digitalhistory.unite.it\/es\/wp-json\/wp\/v2\/media?parent=7039"}],"curies":[{"name":"wp","href":"https:\/\/api.w.org\/{rel}","templated":true}]}}