{"id":7044,"date":"2021-08-20T00:04:18","date_gmt":"2021-08-19T22:04:18","guid":{"rendered":"https:\/\/digitalhistory.unite.it\/la-settimana-santa-di-molfetta-bari\/"},"modified":"2021-11-23T15:26:49","modified_gmt":"2021-11-23T14:26:49","slug":"la-settimana-santa-di-molfetta-bari","status":"publish","type":"page","link":"https:\/\/digitalhistory.unite.it\/es\/temi\/feste-e-rituali\/la-settimana-santa-in-puglia\/la-settimana-santa-di-molfetta-bari\/","title":{"rendered":"La Settimana Santa di Molfetta (Bari)"},"content":{"rendered":"<h1>La Settimana Santa di Molfetta (Bari) <\/h1>\n<div class=\"testo\">\n<p style=\"text-align: justify\">I riti pasquali di <a href=\"#\" class=\"tooltip yellow-tooltip\">Molfetta<span>Molfetta \u00e8 una citt\u00e0 della Puglia in provincia di Bari. In et\u00e0 moderna, la citt\u00e0 pass\u00f2 sotto la giurisdizione degli Aragonesi, dopo essere stata parte del regno Angioino. Nel quadro delle lotte tra spagnoli e francesi per l&#8217;egemonia dell&#8217;Italia, nel 1529 la cittadina pugliese sub\u00ec un sacco ad opera delle truppe transalpine e dei veneziani. Nei secoli successivi, Molfetta segu\u00ec le sorti del regno di Napoli. Di particolare interesse dal punto di vista monumentale \u00e8 la Cattedrale barocca di Santa Maria Assunta.<\/span><\/a> iniziano il Mercoled\u00ec delle Ceneri con la processione della Croce, curata dell&#8217;<a href=\"\/temi\/feste-e-rituali\/le-confraternite-della-settimana-santa\/\" title=\"Le Confraternite della Settimana Santa\">Arciconfraternita<\/a> della Morte dal Sacco Nero. Segue la sfilata della Beata Vergine Addolorata, che si tiene il Venerd\u00ec di Passione antecedente la Domenica delle Palme. Nelle prime ore del Venerd\u00ec Santo, invece, prende avvio la suggestiva processione dei <a href=\"\/temi\/feste-e-rituali\/i-misteri\/\" title=\"I Misteri\">Misteri<\/a>: i membri dell&#8217;Arciconfratenita di Santo Stefano trascinano a spalla i cinque gruppi statuari risalenti al XVI secolo, che raffigurano altrettante scene della Passione e della Morte di Ges\u00f9: il Cristo nell&#8217;Orto degli Ulivi, la Flagellazione, l&#8217;Ecce Homo, il Cristo al Calvario, il Cristo Morto. L&#8217;incedere lento ed esitante dei fedeli \u00e8 accompagnato dalla struggente marcia funebre scritta a met\u00e0 Ottocento dal Maestro Vincenzo Valente: il <a href=\"#\" class=\"tooltip yellow-tooltip\"><em>Conzasiegge<\/em><span>Pare che l&#8217;artista Vincenzo Valente (1830-1908), noto compositore molfettese, abbia intitolato cos\u00ec la sua marcia funebre ispirandosi al grido dell&#8217;artigiano ambulante che riparava le sedie di paglia: il <em>conzasiegge<\/em>, in dialetto.<\/span><\/a>. Il Sabato Santo a Molfetta si tiene un&#8217;altra importante sfilata: la processione della Piet\u00e0, che prevede la partecipazione di statue in cartapesta raffiguranti San Pietro, la Veronica (che reca l&#8217;immagine di Cristo), Maria di Cleofe (che porta le Sante reliquie), Maria di Salom\u00e9 (la portatrice degli aromi), Maria Maddalena (la peccatrice) e San Giovanni (il discepolo prediletto).<\/p>\n<p style=\"text-align: justify\"><a href=\"\/temi\/feste-e-rituali\/la-settimana-santa-in-puglia\/\" title=\"La Settimana Santa in Puglia\">&lt;&lt;&lt;&#8212;torna a La Settimana Santa in Puglia<\/a><\/p>\n<\/div>\n<p><\/p>\n","protected":false},"excerpt":{"rendered":"<p>La Settimana Santa di Molfetta (Bari) I riti pasquali di MolfettaMolfetta \u00e8 una citt\u00e0 della Puglia in provincia di Bari. In et\u00e0 moderna, la citt\u00e0 pass\u00f2 sotto la giurisdizione degli Aragonesi, dopo essere stata parte del regno Angioino. Nel quadro delle lotte tra spagnoli e&hellip;<\/p>\n","protected":false},"author":1,"featured_media":0,"parent":6200,"menu_order":0,"comment_status":"closed","ping_status":"closed","template":"","meta":{"footnotes":""},"class_list":["post-7044","page","type-page","status-publish","hentry"],"_links":{"self":[{"href":"https:\/\/digitalhistory.unite.it\/es\/wp-json\/wp\/v2\/pages\/7044","targetHints":{"allow":["GET"]}}],"collection":[{"href":"https:\/\/digitalhistory.unite.it\/es\/wp-json\/wp\/v2\/pages"}],"about":[{"href":"https:\/\/digitalhistory.unite.it\/es\/wp-json\/wp\/v2\/types\/page"}],"author":[{"embeddable":true,"href":"https:\/\/digitalhistory.unite.it\/es\/wp-json\/wp\/v2\/users\/1"}],"replies":[{"embeddable":true,"href":"https:\/\/digitalhistory.unite.it\/es\/wp-json\/wp\/v2\/comments?post=7044"}],"version-history":[{"count":3,"href":"https:\/\/digitalhistory.unite.it\/es\/wp-json\/wp\/v2\/pages\/7044\/revisions"}],"predecessor-version":[{"id":10608,"href":"https:\/\/digitalhistory.unite.it\/es\/wp-json\/wp\/v2\/pages\/7044\/revisions\/10608"}],"up":[{"embeddable":true,"href":"https:\/\/digitalhistory.unite.it\/es\/wp-json\/wp\/v2\/pages\/6200"}],"wp:attachment":[{"href":"https:\/\/digitalhistory.unite.it\/es\/wp-json\/wp\/v2\/media?parent=7044"}],"curies":[{"name":"wp","href":"https:\/\/api.w.org\/{rel}","templated":true}]}}