{"id":7047,"date":"2021-08-20T00:04:18","date_gmt":"2021-08-19T22:04:18","guid":{"rendered":"https:\/\/digitalhistory.unite.it\/oristano\/"},"modified":"2021-11-23T15:26:50","modified_gmt":"2021-11-23T14:26:50","slug":"oristano","status":"publish","type":"page","link":"https:\/\/digitalhistory.unite.it\/es\/temi\/feste-e-rituali\/la-settimana-santa-in-sardegna\/oristano\/","title":{"rendered":"Oristano"},"content":{"rendered":"<h1>Oristano <\/h1>\n<div class=\"testo\">\n<p style=\"text-align: justify\"><span>Capitale dell&#8221;antico Giudicato di Arborea, il comune sardo di Oristano \u00e8 attualmente capoluogo dell&#8221;omonima provincia. Tra XIII e XIV secolo, la citt\u00e0 resistette a lungo alle truppe catalano-aragonesi, ostacolandone la conquista dell&#8221;Isola. Nel 1420 il Giudicato entr\u00f2 a far parte del regno d&#8221;Aragona: da quel momento in poi Oristano segu\u00ec i destini della Sardegna, passando dalla Corona spagnola ai Savoia. Un esempio di arte barocca in citt\u00e0 \u00e8 la Cattedrale di Santa Maria Assunta; mentre la chiesa del Carmine rappresenta uno dei massimi esempi del rococ\u00f2 sardo. Il Luned\u00ec Santo ad Oristano sfilano per le sette chiese cittadine altrettante statue lignee portate in processione dalla Confraternita del Santissimo nome di Ges\u00f9. Si tratta di antichi simulacri ideati per raffigurare le scene pi\u00f9 importanti della Passione di Cristo.<\/span><\/p>\n<\/div>\n<p><\/p>\n","protected":false},"excerpt":{"rendered":"<p>Oristano Capitale dell&#8221;antico Giudicato di Arborea, il comune sardo di Oristano \u00e8 attualmente capoluogo dell&#8221;omonima provincia. Tra XIII e XIV secolo, la citt\u00e0 resistette a lungo alle truppe catalano-aragonesi, ostacolandone la conquista dell&#8221;Isola. Nel 1420 il Giudicato entr\u00f2 a far parte del regno d&#8221;Aragona: da&hellip;<\/p>\n","protected":false},"author":1,"featured_media":0,"parent":6204,"menu_order":0,"comment_status":"closed","ping_status":"closed","template":"","meta":{"footnotes":""},"class_list":["post-7047","page","type-page","status-publish","hentry"],"_links":{"self":[{"href":"https:\/\/digitalhistory.unite.it\/es\/wp-json\/wp\/v2\/pages\/7047","targetHints":{"allow":["GET"]}}],"collection":[{"href":"https:\/\/digitalhistory.unite.it\/es\/wp-json\/wp\/v2\/pages"}],"about":[{"href":"https:\/\/digitalhistory.unite.it\/es\/wp-json\/wp\/v2\/types\/page"}],"author":[{"embeddable":true,"href":"https:\/\/digitalhistory.unite.it\/es\/wp-json\/wp\/v2\/users\/1"}],"replies":[{"embeddable":true,"href":"https:\/\/digitalhistory.unite.it\/es\/wp-json\/wp\/v2\/comments?post=7047"}],"version-history":[{"count":3,"href":"https:\/\/digitalhistory.unite.it\/es\/wp-json\/wp\/v2\/pages\/7047\/revisions"}],"predecessor-version":[{"id":10619,"href":"https:\/\/digitalhistory.unite.it\/es\/wp-json\/wp\/v2\/pages\/7047\/revisions\/10619"}],"up":[{"embeddable":true,"href":"https:\/\/digitalhistory.unite.it\/es\/wp-json\/wp\/v2\/pages\/6204"}],"wp:attachment":[{"href":"https:\/\/digitalhistory.unite.it\/es\/wp-json\/wp\/v2\/media?parent=7047"}],"curies":[{"name":"wp","href":"https:\/\/api.w.org\/{rel}","templated":true}]}}