{"id":7048,"date":"2021-08-20T00:04:18","date_gmt":"2021-08-19T22:04:18","guid":{"rendered":"https:\/\/digitalhistory.unite.it\/il-lunedi-santo-a-castelsardo-sassari\/"},"modified":"2021-11-23T15:26:49","modified_gmt":"2021-11-23T14:26:49","slug":"il-lunedi-santo-a-castelsardo-sassari","status":"publish","type":"page","link":"https:\/\/digitalhistory.unite.it\/es\/temi\/feste-e-rituali\/la-settimana-santa-in-sardegna\/il-lunedi-santo-a-castelsardo-sassari\/","title":{"rendered":"Il Luned\u00ec Santo a Castelsardo (Sassari)"},"content":{"rendered":"<h1>Il Luned\u00ec Santo a Castelsardo (Sassari) <\/h1>\n<div class=\"testo\">\n<p style=\"text-align: justify\">La rievocazione della Passione di Castelsardo ( <a href=\"\/temi\/feste-e-rituali\/la-settimana-santa-in-sardegna\/il-lunedi-santo-a-castelsardo-sassari\/sassari\/\"> Sassari<\/a>) \u00e8 uno degli appuntamenti pi\u00f9 importanti della Settimana Santa in Sardegna. La cerimonia inizia il Luned\u00ec Santo (<em>Lunissanti<\/em>), con due processioni, dette dei <em>Misteri<\/em>, che raccontano la Flagellazione e la Crocifissione di Cristo. I riti sono organizzati dalla <a href=\"\/temi\/feste-e-rituali\/le-confraternite-della-settimana-santa\/\"> Confraternita<\/a> dell&#8217;Oratorio di Santa Croce. I suoi affiliati, che indossano il classico cappuccio e una tunica bianca cinta da un cordone, si distinguono per la funzione che ricoprono durante le cerimonie: gli <em>Apostoli<\/em> trasportano i dieci <a href=\"\/temi\/feste-e-rituali\/i-misteri\/\"><em>Misteri<\/em><\/a> (oggetti e strumenti che raccontano le scene della Passione), i <em>Cantori<\/em> intonano i canti sacri. Quest&#8217;ultimi sono raggruppati in tre cori, associati ad altrettante reliquie: il Coro del <em>Miserere<\/em> al Teschio, il Coro dello <em>Stabat<\/em> o <em>Ecce Homo<\/em> al Busto di Cristo e il Coro dello <em>Jesu<\/em> al Crocifisso. La <a href=\"\/temi\/feste-e-rituali\/la-settimana-santa-in-sardegna\/il-lunedi-santo-a-castelsardo-sassari\/la-prima-processione-del-lunedi-santo-a-castelsardo\/\"> prima cerimonia<\/a> inizia all&#8217;alba presso la chiesa di Santa Maria delle Grazie. Al tramonto, nel centro storico di Castelsardo, si svolge il <a href=\"\/temi\/feste-e-rituali\/la-settimana-santa-in-sardegna\/il-lunedi-santo-a-castelsardo-sassari\/la-seconda-processione-del-lunedi-santo-a-castelsardo\/\"> secondo rito<\/a> del Luned\u00ec Santo.<\/p>\n<p style=\"text-align: justify\">Dopo il Luned\u00ec Santo, l&#8217;altra cerimonia importante della Settimana Santa di Castelsardo \u00e8 quella dell&#8217;<em>Iscravamentu<\/em> (la deposizione di Cristo dalla Croce), che si celebra il Venerd\u00ec Santo. Il giorno precedente, invece, un percorso processionale rievoca la ricerca di Ges\u00f9 (impersonato dal simulacro ligneo del Trecento) da parte di Maria (raffigurata da una statua di piccole dimensioni). Il rito dell&#8217;<em>Iscravamentu<\/em> \u00e8 un gesto paraliturgico molto suggestivo e teatrale, che si svolge nella chiesa di Santa Maria delle Grazie. I fedeli assiepati nella Cattedrale, la Madonna Addolorata posta dietro il Crocefisso e la bara di Cristo a lato dell&#8217;altare maggiore: \u00e8 questa la scenografia che fa da sfondo alla rappresentazione teatrale della Deposizione raccontata da un predicatore francescano sistemato sul pulpito barocco. Due confratelli interpretano Giuseppe d&#8217;Arimatea e Nicodemo. Mentre il predicatore narra l&#8217;evento, quest&#8217;ultimi salgono le scale poste al lato della Croce, estraggono i chiodi e rimuovono la Corona di spine. A questo punto, il Corpo di Cristo viene deposto dalla Croce, adagiato nella bara e ricoperto con un velo bianco. Il <em>Miserere Fugi Fugiendi<\/em> intonato dai <em>Cantori<\/em> da inizio alla processione con la bara del Cristo ricoperta di fiori e la statua dell&#8217;Addolorata, che gli Apostoli conducono a passo svelto nella Chiesa di Santa Maria delle Grazie, dove avviene la Sepoltura di Ges\u00f9 (in ottemperanza al precetto ebraico che ne vieta l&#8217;esecuzione nel giorno di Sabato).<\/p>\n<p style=\"text-align: justify\"><a href=\"\/temi\/feste-e-rituali\/la-settimana-santa-in-sardegna\/\"> &lt;&lt;&lt;&#8212;torna a La Settimana Santa in Sardegna<\/a><\/p>\n<\/div>\n<p><\/p>\n","protected":false},"excerpt":{"rendered":"<p>Il Luned\u00ec Santo a Castelsardo (Sassari) La rievocazione della Passione di Castelsardo ( Sassari) \u00e8 uno degli appuntamenti pi\u00f9 importanti della Settimana Santa in Sardegna. La cerimonia inizia il Luned\u00ec Santo (Lunissanti), con due processioni, dette dei Misteri, che raccontano la Flagellazione e la Crocifissione&hellip;<\/p>\n","protected":false},"author":1,"featured_media":0,"parent":6204,"menu_order":0,"comment_status":"closed","ping_status":"closed","template":"","meta":{"footnotes":""},"class_list":["post-7048","page","type-page","status-publish","hentry"],"_links":{"self":[{"href":"https:\/\/digitalhistory.unite.it\/es\/wp-json\/wp\/v2\/pages\/7048","targetHints":{"allow":["GET"]}}],"collection":[{"href":"https:\/\/digitalhistory.unite.it\/es\/wp-json\/wp\/v2\/pages"}],"about":[{"href":"https:\/\/digitalhistory.unite.it\/es\/wp-json\/wp\/v2\/types\/page"}],"author":[{"embeddable":true,"href":"https:\/\/digitalhistory.unite.it\/es\/wp-json\/wp\/v2\/users\/1"}],"replies":[{"embeddable":true,"href":"https:\/\/digitalhistory.unite.it\/es\/wp-json\/wp\/v2\/comments?post=7048"}],"version-history":[{"count":3,"href":"https:\/\/digitalhistory.unite.it\/es\/wp-json\/wp\/v2\/pages\/7048\/revisions"}],"predecessor-version":[{"id":10615,"href":"https:\/\/digitalhistory.unite.it\/es\/wp-json\/wp\/v2\/pages\/7048\/revisions\/10615"}],"up":[{"embeddable":true,"href":"https:\/\/digitalhistory.unite.it\/es\/wp-json\/wp\/v2\/pages\/6204"}],"wp:attachment":[{"href":"https:\/\/digitalhistory.unite.it\/es\/wp-json\/wp\/v2\/media?parent=7048"}],"curies":[{"name":"wp","href":"https:\/\/api.w.org\/{rel}","templated":true}]}}