{"id":7050,"date":"2021-08-20T00:04:18","date_gmt":"2021-08-19T22:04:18","guid":{"rendered":"https:\/\/digitalhistory.unite.it\/alghero\/"},"modified":"2021-11-23T15:26:49","modified_gmt":"2021-11-23T14:26:49","slug":"alghero","status":"publish","type":"page","link":"https:\/\/digitalhistory.unite.it\/es\/temi\/feste-e-rituali\/la-settimana-santa-in-sardegna\/alghero\/","title":{"rendered":"Alghero"},"content":{"rendered":"<h1>Alghero <\/h1>\n<div class=\"testo\">\n<p style=\"text-align: justify\"><span>Alghero \u00e8 un comune della provincia di Sassari, in Sardegna. Fondata dai genovesi nel XII secolo, a met\u00e0 Trecento la citt\u00e0 pass\u00f2 definitivamente sotto il dominio degli Aragonesi. Tracce di questa dominazione si ritrovano anche nel dialetto locale, una variante sarda del catalano cui la Repubblica italiana ha riconosciuto lo status di lingua minoritaria. Chi volesse ammirare le testimonianze del barocco ad Alghero, dovrebbe iniziare visitando gli altari laterali della Chiesa di San Michele. La Settimana Santa di Alghero ha un&#8221;origine catalana. Nella sera del Marted\u00ec Santo, gli antichi <em>Misteri<\/em>, i gruppi statuari della Passione, vengono scortati in processione dai confratelli con i caratteristici lampioni. Il corteo inizia e si conclude nella Chiesa di San Francesco, dove \u00e8 custodito un antico Crocifisso ligneo di origine spagnola. La Cattedrale, invece, \u00e8 il luogo in cui si svolge l&#8221;intenso rito della crocifissione.<\/span><\/p>\n<\/div>\n<p><\/p>\n","protected":false},"excerpt":{"rendered":"<p>Alghero Alghero \u00e8 un comune della provincia di Sassari, in Sardegna. Fondata dai genovesi nel XII secolo, a met\u00e0 Trecento la citt\u00e0 pass\u00f2 definitivamente sotto il dominio degli Aragonesi. Tracce di questa dominazione si ritrovano anche nel dialetto locale, una variante sarda del catalano cui&hellip;<\/p>\n","protected":false},"author":1,"featured_media":0,"parent":6204,"menu_order":0,"comment_status":"closed","ping_status":"closed","template":"","meta":{"footnotes":""},"class_list":["post-7050","page","type-page","status-publish","hentry"],"_links":{"self":[{"href":"https:\/\/digitalhistory.unite.it\/es\/wp-json\/wp\/v2\/pages\/7050","targetHints":{"allow":["GET"]}}],"collection":[{"href":"https:\/\/digitalhistory.unite.it\/es\/wp-json\/wp\/v2\/pages"}],"about":[{"href":"https:\/\/digitalhistory.unite.it\/es\/wp-json\/wp\/v2\/types\/page"}],"author":[{"embeddable":true,"href":"https:\/\/digitalhistory.unite.it\/es\/wp-json\/wp\/v2\/users\/1"}],"replies":[{"embeddable":true,"href":"https:\/\/digitalhistory.unite.it\/es\/wp-json\/wp\/v2\/comments?post=7050"}],"version-history":[{"count":3,"href":"https:\/\/digitalhistory.unite.it\/es\/wp-json\/wp\/v2\/pages\/7050\/revisions"}],"predecessor-version":[{"id":10612,"href":"https:\/\/digitalhistory.unite.it\/es\/wp-json\/wp\/v2\/pages\/7050\/revisions\/10612"}],"up":[{"embeddable":true,"href":"https:\/\/digitalhistory.unite.it\/es\/wp-json\/wp\/v2\/pages\/6204"}],"wp:attachment":[{"href":"https:\/\/digitalhistory.unite.it\/es\/wp-json\/wp\/v2\/media?parent=7050"}],"curies":[{"name":"wp","href":"https:\/\/api.w.org\/{rel}","templated":true}]}}