{"id":7053,"date":"2021-08-20T00:04:18","date_gmt":"2021-08-19T22:04:18","guid":{"rendered":"https:\/\/digitalhistory.unite.it\/la-festa-di-santa-rosalia-a-palermo\/"},"modified":"2021-11-23T15:26:54","modified_gmt":"2021-11-23T14:26:54","slug":"la-festa-di-santa-rosalia-a-palermo","status":"publish","type":"page","link":"https:\/\/digitalhistory.unite.it\/es\/temi\/feste-e-rituali\/le-vare-nelle-feste-siciliane\/la-festa-di-santa-rosalia-a-palermo\/","title":{"rendered":"La Festa di Santa Rosalia a Palermo"},"content":{"rendered":"<h1>La Festa di Santa Rosalia a Palermo <\/h1>\n<div class=\"testo\">\n<p style=\"text-align: justify\"><img loading=\"lazy\" decoding=\"async\" src=\"https:\/\/digitalhistory.unite.it\/wp-content\/uploads\/2021\/08\/santa_rosalia2_251x167.jpg\" width=\"251\" height=\"167\" alt=\"Santa Rosalia2\" align=\"left\">La festa di Santa Rosalia a <a href=\"\/temi\/feste-e-rituali\/i-misteri\/palermo\/\" title=\"Palermo\">Palermo<\/a>, detta <em>&#8216;u fistinu<\/em>&nbsp;(il festino), \u00e8 una cerimonia religiosa che ricorda la salvezza della citt\u00e0 dalla peste del 1624 e il legame che da allora lega la Santa, al cui intervento \u00e8 attribuita la fine del morbo, e la citt\u00e0, che la elesse sua Patrona. Prima di quel tempo, infatti, Palermo aveva altre sante patrone: nella famosa piazza Vigliena (dal nome del vicer\u00e9 dell&#8217;epoca, marchese di Villena), detta anche dei Quattro canti (foto 1) ed edificata tra il 1609 e il 1620, sulle quattro facciate dei palazzi prospicienti la piazza si possono ammirare le statue delle sante patrone della citt\u00e0 a quel tempo e cio\u00e8 S. Cristina, S. Oliva, S. Agata e S. Ninfa.<\/p>\n<p style=\"text-align: justify\">La leggenda vuole che, mentre in citt\u00e0 infuriava la peste, un cacciatore, tale Vincenzo Bonello, mentre si trovava sul monte Pellegrino (la montagna prospicente la citt\u00e0 di Palermo), ebbe la visione di una vergine romita del XII secolo in odore di santit\u00e0, Rosalia, che gli avrebbe mostrato il luogo del suo eremitaggio, una grotta nei paraggi. Bonello avrebbe confermato che le ossa trovate qualche tempo prima nella grotta erano i resti mortali di Rosalia. Dando credito alle rivelazioni del Bonello, una solenne processione, guidata dal Cardinale, il 6 giugno 1625, riportava le ossa di Santa Rosalia in Cattedrale a Palermo. In coincidenza con il culto della vergine romita, organizzato dai <a href=\"\/territori\/percorsi-urbani\/lecce-la-citta-simbolo-del-barocco\/seminario\/compagnia-di-gesu\/\" title=\"Compagnia di Ges\u00f9\">Gesuiti<\/a>, la peste cessa di infierire sulla popolazione.<\/p>\n<p style=\"text-align: justify\">Da questi fatti deriva la nomina di Rosalia a patrona della citt\u00e0 e la sua elevazione agli altari, promossa dai Gesuiti, il 26 gennaio 1630. Attorno alla nuova Santa si elabora in quell&#8217;occasione una tradizione che la vuole povera per vocazione ma in realt\u00e0 nobile, appartenente alla famiglia Sinibaldi signori di Quisquina, discendenti da Carlo Magno ed imparentati con re Ruggero il normanno. La nobilt\u00e0 cittadina pu\u00f2 ora identificarsi con la vergine romita morta in povert\u00e0.<\/p>\n<p style=\"text-align: justify\">Le reliquie della Santa, riposte in uno scrigno di argento e vetro, iniziano ad essere portate ritualmente in processione, dando origine alla festa. Come in altri centri siciliani (<a href=\"\/temi\/feste-e-rituali\/i-misteri\/trapani\/\" title=\"Trapani\">Trapani<\/a>, <a href=\"\/territori\/percorsi-regionali\/guerra-di-santi\/vizzini\/catania\/\" title=\"Catania\">Catania<\/a>), la festa di S. Rosalia tende ad inglobare la pi\u00f9 risaliente cerimonia dei <em>Cilii<\/em>, i grandi ceri che venivano offerti dalle corporazioni di mestiere o maestranze alla Madonna. Le maestranze vengono cos\u00ec coinvolte nella festa: e nel 1635 i barbieri e i calzolai fondano la confraternita di \u00abS. Rosalia dei sacchi\u00bb, incaricata di trasportare processionalmente l&#8217;effige della Santa, conservata nella chiesa di Casa Professa.<\/p>\n<p style=\"text-align: justify\"><img loading=\"lazy\" decoding=\"async\" src=\"https:\/\/digitalhistory.unite.it\/wp-content\/uploads\/2021\/08\/santa_rosalia_251x167.jpg\" width=\"251\" height=\"167\" alt=\"Santa Rosalia1\" align=\"left\">Col tempo si stabilisce un corpo di celebrazioni, <em>&#8216;u fistinu<\/em>, articolato in vari giorni. L&#8217;aspetto pi\u00f9 decisamente devoto della festa ha luogo il 15 luglio, con la processione dell&#8217;urna contenente le reliquie di Santa Rosalia. Il 14 luglio, per\u00f2, preparato da varie attivit\u00e0 svolte nei giorni precedenti, ha luogo la&nbsp; sfilata trionfale di Santa Rosalia. In quell&#8217;occasione, la statua della Santa viene condotta da palazzo dei Normanni (antica sede dei <a href=\"\/territori\/percorsi-trans-nazionali\/statue-equestri-di-sovrani-spagnoli\/le-statue-equestri-e-la-monarchia-spagnola\/regno-di-sicilia\/\" title=\"Regno di Sicilia\">re e vicer\u00e9 di Sicilia<\/a> e dopo di essi delle autorit\u00e0 governative) fino al mare. Questa parte della festa ha subito innumerevoli rimaneggiamenti nel corso del tempo. Nel 1686 ai piccoli carri allegorici che formano la processione viene affiancato un carro trainato da muli o buoi, una macchina barocca di dimensioni imponenti che, a partire dal 1701, prende la forma di un vascello (foto 2). Questo motivo, sia pure pi\u00f9 volte modificato, rimane centrale nel <em>festinu<\/em>; cos\u00ec come pure il ricorrente colore del bianco (la purezza) e il tema delle rose, i cui petali sono reiteratamente gettati ai piedi dell&#8217;immagine della Santa. Accompagnano la festa musiche e canti di devozione in rima, grida ricorrenti e uno spettacolare gioco pirotecnico.<\/p>\n<p style=\"text-align: justify\">Il dato saliente del <em>fistinu<\/em> \u00e8 cos\u00ec la tendenziale separazione tra un aspetto di festa giocosa, che ha mantenuto una chiara impronta allegorica e di apparato effimero barocco, e la parte pi\u00f9 chiaramente religiosa delle celebrazioni. Nel trionfo del 14 luglio le autorit\u00e0 cittadine hanno sempre giocato, sino ai nostri gironi, un ruolo fondamentale, scegliendo i pi\u00f9 importanti decoratori ed architetti per idearla. Nel 1896 il carro fu ideato da Giuseppe Pitr\u00e8, il grande studioso di tradizioni popolari siciliane. In quell&#8217;occasione egli progett\u00f2 una macchina di dimensioni tanto colossali da non potere attraversare il centro della citt\u00e0. Anche in tempi pi\u00f9 recenti le autorit\u00e0 municipali si sono rivolte ad architetti e famosi uomini di spettacolo e&nbsp; di cultura per ideare la sfilata trionfale. Vera festa barocca, <em>&#8216;u fistinu<\/em> si rinnova ogni anno e non \u00e8 mai uguale a se stesso.<\/p>\n<p style=\"text-align: justify\"><a href=\"\/temi\/feste-e-rituali\/le-vare-nelle-feste-siciliane\/\" title=\"Le Vare nelle feste siciliane\">&lt;&lt;&lt;&#8212;torna a Le Vare nelle feste siciliane<\/a><\/p>\n<\/div>\n<p><\/p>\n","protected":false},"excerpt":{"rendered":"<p>La Festa di Santa Rosalia a Palermo La festa di Santa Rosalia a Palermo, detta &#8216;u fistinu&nbsp;(il festino), \u00e8 una cerimonia religiosa che ricorda la salvezza della citt\u00e0 dalla peste del 1624 e il legame che da allora lega la Santa, al cui intervento \u00e8&hellip;<\/p>\n","protected":false},"author":1,"featured_media":0,"parent":6207,"menu_order":0,"comment_status":"closed","ping_status":"closed","template":"","meta":{"footnotes":""},"class_list":["post-7053","page","type-page","status-publish","hentry"],"_links":{"self":[{"href":"https:\/\/digitalhistory.unite.it\/es\/wp-json\/wp\/v2\/pages\/7053","targetHints":{"allow":["GET"]}}],"collection":[{"href":"https:\/\/digitalhistory.unite.it\/es\/wp-json\/wp\/v2\/pages"}],"about":[{"href":"https:\/\/digitalhistory.unite.it\/es\/wp-json\/wp\/v2\/types\/page"}],"author":[{"embeddable":true,"href":"https:\/\/digitalhistory.unite.it\/es\/wp-json\/wp\/v2\/users\/1"}],"replies":[{"embeddable":true,"href":"https:\/\/digitalhistory.unite.it\/es\/wp-json\/wp\/v2\/comments?post=7053"}],"version-history":[{"count":3,"href":"https:\/\/digitalhistory.unite.it\/es\/wp-json\/wp\/v2\/pages\/7053\/revisions"}],"predecessor-version":[{"id":10663,"href":"https:\/\/digitalhistory.unite.it\/es\/wp-json\/wp\/v2\/pages\/7053\/revisions\/10663"}],"up":[{"embeddable":true,"href":"https:\/\/digitalhistory.unite.it\/es\/wp-json\/wp\/v2\/pages\/6207"}],"wp:attachment":[{"href":"https:\/\/digitalhistory.unite.it\/es\/wp-json\/wp\/v2\/media?parent=7053"}],"curies":[{"name":"wp","href":"https:\/\/api.w.org\/{rel}","templated":true}]}}