{"id":7055,"date":"2021-08-20T00:04:19","date_gmt":"2021-08-19T22:04:19","guid":{"rendered":"https:\/\/digitalhistory.unite.it\/la-festa-di-santefisio-a-cagliari\/"},"modified":"2021-11-23T15:26:52","modified_gmt":"2021-11-23T14:26:52","slug":"la-festa-di-santefisio-a-cagliari","status":"publish","type":"page","link":"https:\/\/digitalhistory.unite.it\/es\/temi\/feste-e-rituali\/le-feste-patronali-fercoli-vare-e-candelore-in-sardegna\/la-festa-di-santefisio-a-cagliari\/","title":{"rendered":"La Festa di Sant&#8217;Efisio a Cagliari"},"content":{"rendered":"<h1>La Festa di Sant&#8217;Efisio a Cagliari <\/h1>\n<div class=\"testo\">\n<p style=\"text-align: justify\"><img loading=\"lazy\" decoding=\"async\" src=\"https:\/\/digitalhistory.unite.it\/wp-content\/uploads\/2021\/08\/s._efisio_250x188.jpg\" width=\"250\" height=\"188\" alt=\"Sant'Efisio Cagliari\" align=\"left\">L&#8217;attuale Festa di Sant&#8217;Efisio \u00e8 nata a met\u00e0 Seicento in occasione di una terribile pestilenza. Le autorit\u00e0 cittadine di <a href=\"\/temi\/chiese\/chiese-barocche-di-sassari\/cagliari\/\" title=\"Cagliari\">Cagliari<\/a> la istituirono per commemorare la cessazione del morbo propiziata dall&#8217;intervento miracoloso del Protettore (venerato da secoli nella capitale sarda). Da allora, la cerimonia prevede una processione che da Cagliari raggiunge la localit\u00e0 marittima di Nora (nel vicino comune di Pula). Nora \u00e8 il luogo del martirio di un soldato romano di nome <a href=\"#\" class=\"tooltip yellow-tooltip\">Efisio<span>Vissuto a cavallo tra III e IV secolo d.C., Efisio era un militare al tempo dell&#8217;imperatore Diocleziano. Giunto in Sardegna dall&#8217;Antiochia con l&#8217;incarico di tutelare gli interessi dell&#8217;Impero, si convert\u00ec al cristianesimo e fu decapitato a Nora il 15 gennaio dell&#8217;anno 303.<\/span><\/a>, avvenuto nel IV secolo d.C. a seguito della sua conversione al cristianesimo. I <a href=\"#\" class=\"tooltip yellow-tooltip\">festeggiamenti<span>Il corteo del Santo parte il primo maggio dalla chiesa del quartiere di Stampace dove \u00e8 custodit\u00e0 la sacra effige. Il giorno dopo giunge a Nora e da qui riparte il 4 maggio alla volta di Cagliari. All&#8217;interminabile parata, che si dipana per oltre 30 chilometri, partecipano un numero impressionante di persone in costume tradizionale, anche a cavallo, provenienti da ogni parte dell&#8217;Isola. Il Sindaco reca il toson d&#8217;oro, il prestigioso collare concesso dal sovrano spagnolo ai Grandi del regno.<\/span><\/a> si tengono ogni anno dal primo al quattro maggio e si aprono con la caratteristica sfilata delle <em>traccas<\/em>: i tradizionali carri addobbati a festa trainati da buoi. La statua del Santo viene portata in processione su un cocchio dorato (risalente al XVIII secolo), anch&#8217;esso trainato da buoi ornati di fiori, preceduto dai suonatori di <em>launeddas<\/em> (un antico strumento a fiato sardo). Il carro di Sant&#8217;Efisio \u00e8 seguito da giganteschi ceri, in ricordo di un&#8217;antica tradizione, l&#8217;oblazione delle cera, ancora oggi in uso a <a href=\"\/temi\/feste-e-rituali\/la-settimana-santa-in-sardegna\/il-lunedi-santo-a-castelsardo-sassari\/sassari\/\" title=\"Sassari\">Sassari<\/a> durante la <a href=\"\/temi\/feste-e-rituali\/le-feste-patronali-fercoli-vare-e-candelore-in-sardegna\/la-festa-dellassunta-e-i-candelieri-di-sassari\/\" title=\"La Festa dell'Assunta e i Candelieri di Sassari\">Festa dell&#8217;Assunta<\/a>. La sfilata \u00e8 scortata da figuranti in costume, che impersonano le milizie regie anticamente assoldate per difendere il fercolo dal <a href=\"\/temi\/feste-e-rituali\/le-feste-dei-mori-e-dei-cristiani\/\" title=\"Le Feste dei Mori e dei Cristiani\">saccheggio dei Mori<\/a>.<\/p>\n<p style=\"text-align: justify\"><a href=\"\/temi\/feste-e-rituali\/le-feste-patronali-fercoli-vare-e-candelore-in-sardegna\/\"> &lt;&lt;&lt;&#8212;torna a Le Feste Patronali (fercoli, <em>vare<\/em> e <em>candelore<\/em>) in Sardegna<\/a><\/p>\n<\/div>\n<p><\/p>\n","protected":false},"excerpt":{"rendered":"<p>La Festa di Sant&#8217;Efisio a Cagliari L&#8217;attuale Festa di Sant&#8217;Efisio \u00e8 nata a met\u00e0 Seicento in occasione di una terribile pestilenza. Le autorit\u00e0 cittadine di Cagliari la istituirono per commemorare la cessazione del morbo propiziata dall&#8217;intervento miracoloso del Protettore (venerato da secoli nella capitale sarda).&hellip;<\/p>\n","protected":false},"author":1,"featured_media":0,"parent":6209,"menu_order":0,"comment_status":"closed","ping_status":"closed","template":"","meta":{"footnotes":""},"class_list":["post-7055","page","type-page","status-publish","hentry"],"_links":{"self":[{"href":"https:\/\/digitalhistory.unite.it\/es\/wp-json\/wp\/v2\/pages\/7055","targetHints":{"allow":["GET"]}}],"collection":[{"href":"https:\/\/digitalhistory.unite.it\/es\/wp-json\/wp\/v2\/pages"}],"about":[{"href":"https:\/\/digitalhistory.unite.it\/es\/wp-json\/wp\/v2\/types\/page"}],"author":[{"embeddable":true,"href":"https:\/\/digitalhistory.unite.it\/es\/wp-json\/wp\/v2\/users\/1"}],"replies":[{"embeddable":true,"href":"https:\/\/digitalhistory.unite.it\/es\/wp-json\/wp\/v2\/comments?post=7055"}],"version-history":[{"count":3,"href":"https:\/\/digitalhistory.unite.it\/es\/wp-json\/wp\/v2\/pages\/7055\/revisions"}],"predecessor-version":[{"id":10642,"href":"https:\/\/digitalhistory.unite.it\/es\/wp-json\/wp\/v2\/pages\/7055\/revisions\/10642"}],"up":[{"embeddable":true,"href":"https:\/\/digitalhistory.unite.it\/es\/wp-json\/wp\/v2\/pages\/6209"}],"wp:attachment":[{"href":"https:\/\/digitalhistory.unite.it\/es\/wp-json\/wp\/v2\/media?parent=7055"}],"curies":[{"name":"wp","href":"https:\/\/api.w.org\/{rel}","templated":true}]}}