{"id":7057,"date":"2021-08-20T00:04:19","date_gmt":"2021-08-19T22:04:19","guid":{"rendered":"https:\/\/digitalhistory.unite.it\/la-vigilia-del-corpus-christi-di-valencia\/"},"modified":"2021-11-23T15:26:42","modified_gmt":"2021-11-23T14:26:42","slug":"la-vigilia-del-corpus-christi-di-valencia","status":"publish","type":"page","link":"https:\/\/digitalhistory.unite.it\/es\/temi\/feste-e-rituali\/il-corpus-christi-di-valencia\/la-vigilia-del-corpus-christi-di-valencia\/","title":{"rendered":"La vigilia del Corpus Christi di Valencia"},"content":{"rendered":"<h1>La vigilia del Corpus Christi di Valencia <\/h1>\n<div class=\"testo\">\n<p style=\"text-align: justify\">Oltre alla sfilata dei <em>Cirialots<\/em>, altre suggestive manifestazioni avvengono prima della Processione del Santissimo Sacramento di Valencia. Una tra queste \u00e8 la <em>Cabalgada<\/em> (Calvacata), le cui origini risalgono all&#8217;inzio del XVI secolo. Lo svolgimento di tale cerimonia non \u00e8 stato costante. Dal 1977, tuttavia, essa \u00e8 stata reinserita stabilmente nel calendario festivo velanciano nella forma in cui si teneva a fine Settecento. La <em>Cabalgada<\/em> \u00e8 la cerimonia in cui a nome delle autorit\u00e0 cittadine il <em>Capell\u00e1n&nbsp;de Las Rocas<\/em> (il chierico incaricato in passato di custodire gli oggetti della Festa stipati nella <em>Casa de Las Rocas<\/em>) invita la cittadinanza a partecipare alla processione del <em>Corpus<\/em> che si terr\u00e0 in serata. Per tale motivo, la Calvacata \u00e8 detta anche <em>Convite<\/em> (invito, bando). Durante questa processione, oltre alle danze tipiche (la pi\u00f9 interessante \u00e8 senz&#8217;altro la <em>Moma<\/em>) ed ai Nani, vengono messi in scena da personaggi viventi alcuni <em>Misteri<\/em>: il Mistero di San Cristoforo, il Mistero di Adamo ed Eva ed, infine, il Mistero di Erode. In quest&#8217;ultima rappresentazione svolge un ruolo centrale la <em>Degolla<\/em>: la guardia di Erode incaricata di procedere alla strage degli innocenti. In passato, il famigerato ruolo della <em>Degolla<\/em>, che i figuranti interpretavano bastonando gli astanti, e le altrettanto energiche reazioni del pubblico, hanno portato alla soppressione di questo Mistero. Precedono la processione del <em>Corpus<\/em>&nbsp;anche il corteo dei Giganti e delle <em>Rocas<\/em> (gli splendidi Carri che ricalcano il percorso del Santissimo Sacramento tra le vie cittadine).<\/p>\n<p style=\"text-align: justify\">Nel suggestivo e ricchissimo preambolo al corteo del <em>Corpus<\/em> di Valencia partecipano anche i Nani (3 coppie di <em>testegrosse<\/em> che impersonano Asia, Africa e America, con la fisionomia dei <em>turcos<\/em>, <em>moros<\/em> e <em>negros<\/em>) ed i Giganti (4 coppie di colossi &#8211; <em>Espagnoles<\/em>, <em>Turcos<\/em>, <em>Gitanos<\/em>, <em>Negros<\/em> &#8211; in rappresentanza dei continenti conosciuti al tempo in cui la festa \u00e8 nata, ed una coppia vestita alla valenciana). Ritroviamo anche i <em>caballets<\/em> o <em>morets<\/em>: si tratta di otto bambini vestiti da Mori che indossano a mo&#8217; di salvagente un costume a forma di cavallo fatto di cartone e stoffa (presenti anche nella festa principale di Barcellona, in Francia ed in Belgio sono noti come i&nbsp;<em>chevals-jupon<\/em>). Come nella vicina Barcellona, il patrimonio gigantesco valenciano annovera anche molteplici figure zoomorfe. Oltre alle tre Aquile (la pi\u00f9 grande \u00e8 un&#8217;allegoria di San Giovanni Evangelista), infatti, non mancano le pi\u00f9 tradizionali raffigurazione del Drago: la mitica <em>Tarasca<\/em> (un gigantesco ibrido zoomorfo domato, secondo la leggenda, dall&#8217;intervento miracoloso di Santa Marta di Betania), <em>El Drac<\/em> (che sfila insieme al suo avversario San Giorgio), la <em>Cuca Fera<\/em> (un mostro a forma di tartaruga, associato alla figura di Santa Margherita, in ragione del fatto che la tradizione attribuisce a quest&#8217;ultima lo sventramento del demonio sottoforma di dragone). Di particolare interesse, oltre all&#8217;insolita presenza di un carro raffigurante la Barca di San Nicola (patrono dei marinai), \u00e8 senz&#8217;altro la partecipazione alla sfilata valenciana del fantoccio di San Cristoforo: uno dei giganti pi\u00f9 antichi della tradizione spagnola, presente in Spagna sin dalle prime cerimonie medievali del <em>Corpus Christi<\/em>.<\/p>\n<\/div>\n<p><\/p>\n","protected":false},"excerpt":{"rendered":"<p>La vigilia del Corpus Christi di Valencia Oltre alla sfilata dei Cirialots, altre suggestive manifestazioni avvengono prima della Processione del Santissimo Sacramento di Valencia. Una tra queste \u00e8 la Cabalgada (Calvacata), le cui origini risalgono all&#8217;inzio del XVI secolo. Lo svolgimento di tale cerimonia non&hellip;<\/p>\n","protected":false},"author":1,"featured_media":0,"parent":6212,"menu_order":0,"comment_status":"closed","ping_status":"closed","template":"","meta":{"footnotes":""},"class_list":["post-7057","page","type-page","status-publish","hentry"],"_links":{"self":[{"href":"https:\/\/digitalhistory.unite.it\/es\/wp-json\/wp\/v2\/pages\/7057","targetHints":{"allow":["GET"]}}],"collection":[{"href":"https:\/\/digitalhistory.unite.it\/es\/wp-json\/wp\/v2\/pages"}],"about":[{"href":"https:\/\/digitalhistory.unite.it\/es\/wp-json\/wp\/v2\/types\/page"}],"author":[{"embeddable":true,"href":"https:\/\/digitalhistory.unite.it\/es\/wp-json\/wp\/v2\/users\/1"}],"replies":[{"embeddable":true,"href":"https:\/\/digitalhistory.unite.it\/es\/wp-json\/wp\/v2\/comments?post=7057"}],"version-history":[{"count":3,"href":"https:\/\/digitalhistory.unite.it\/es\/wp-json\/wp\/v2\/pages\/7057\/revisions"}],"predecessor-version":[{"id":10538,"href":"https:\/\/digitalhistory.unite.it\/es\/wp-json\/wp\/v2\/pages\/7057\/revisions\/10538"}],"up":[{"embeddable":true,"href":"https:\/\/digitalhistory.unite.it\/es\/wp-json\/wp\/v2\/pages\/6212"}],"wp:attachment":[{"href":"https:\/\/digitalhistory.unite.it\/es\/wp-json\/wp\/v2\/media?parent=7057"}],"curies":[{"name":"wp","href":"https:\/\/api.w.org\/{rel}","templated":true}]}}