{"id":7060,"date":"2021-08-20T00:04:19","date_gmt":"2021-08-19T22:04:19","guid":{"rendered":"https:\/\/digitalhistory.unite.it\/le-rocas\/"},"modified":"2021-11-23T15:26:42","modified_gmt":"2021-11-23T14:26:42","slug":"le-rocas","status":"publish","type":"page","link":"https:\/\/digitalhistory.unite.it\/es\/temi\/feste-e-rituali\/il-corpus-christi-di-valencia\/le-rocas\/","title":{"rendered":"Le Rocas"},"content":{"rendered":"<h1>Le Rocas <\/h1>\n<div class=\"testo\">\n<p style=\"text-align: justify\">Le <em>Rocas<\/em> sono gli 11 carri processionali lignei, sulla cui base a forma di barca sono installati altrettanti gruppi statuari con le effigi dei Santi o raffigurazioni di episodi biblici. Si tratta di straordinari apparati (altrove detti anche <em>castillos<\/em>), portati a spalla tramite portantine o trascinati con l&#8217;ausilio di cavalli. Tale manifestazione ha avuto origine nella prima et\u00e0 moderna, anche se l&#8217;usanza di allestire carri trionfali \u00e8 pi\u00f9 antica. Fercoli simili, infatti, venivano usati in occasione delle entrate trionfali in citt\u00e0 dei sovrani medievali. Mentre in passato tali rappresentazioni prevedevano anche la partecipazione di personaggi viventi, a seguito della <a href=\"\/temi\/feste-e-rituali\/la-settimana-santa-di-siviglia\/la-storia-antica-della-settimana-santa-di-siviglia\/controriforma\/\" title=\"Controriforma\">Controriforma<\/a>&nbsp;esse hanno lasciato spazio alle pi\u00f9 composte cerimonie con statue e gruppi statuari. Una tradizione, quest&#8217;ultima, a suo tempo presente a <a href=\"\/temi\/feste-e-rituali\/i-giganti-in-spagna\/siviglia\/\" title=\"Siviglia\">Siviglia<\/a>.<\/p>\n<p style=\"text-align: justify\">Le <em>Rocas<\/em> che sfilano (alcune portate a spalle, altre trainate da cavalli) prima del Santissimo Sacramento sono state costruite in epoche storiche diverse. Alcune di esse, le pi\u00f9 antiche, evocano particolari momenti della storia spagnola: le <em>Rocas<\/em> realizzate nel Cinquecento, infatti, ad eccezione di quella della <em>Pur\u00edsima<\/em>, che celebra l&#8217;Immacolata concezione, fanno riferimento al tempo della dominazione musulmana e della <em><a href=\"\/territori\/percorsi-regionali\/il-quijote-e-la-mancha\/el-toboso-di-dulcinea\/reconquista\/\" title=\"Reconquista\">Reconquista<\/a><\/em> (<em>Roca San Miguel<\/em>, <em>Roca Diablera<\/em> e <em>Roca de la Fe<\/em>). Risalgono al Seicento, invece, le <em>Rocas<\/em> intitolate a San Vicente Ferrer e alla <em>Sant\u00edsima Trinidad<\/em>. I fercoli ottocenteschi sono dedicati alla citt\u00e0 di <a href=\"\/territori\/percorsi-regionali\/storia-araba-e-gusto-barocco\/valencia\/valencia\/\" title=\"Valencia\">Valencia<\/a> e ad un ritratto simbolico della Fama, mentre quelli realizzati nel XX secolo raffigurano un illustre concittadino valenciano (San Juan de Ribera) e la patrona della citt\u00e0: la <em>Mare de D\u00e9u dels Desamparats<\/em> (la cui <em>roca<\/em> \u00e8 stata costruita nel 1995 in stile barocco). Nel Duemila, da ultimo, \u00e8 stato introdotta nella sfilata, per iniziativa degli Amici del <em>Corpus<\/em> della citt\u00e0 di Valencia, la <em>Roca del Santo C\u00e1liz<\/em> (sul cui carro sono disegnati alcuni personaggi biblici).<\/p>\n<p style=\"text-align: justify\"><a href=\"\/temi\/feste-e-rituali\/il-corpus-christi-di-valencia\/\" title=\"Il Corpus Christi di Valencia\">&lt;&lt;&lt;&#8212;torna a Il <em>Corpus Christi<\/em> di Valencia<\/a><\/p>\n<\/div>\n<p><\/p>\n","protected":false},"excerpt":{"rendered":"<p>Le Rocas Le Rocas sono gli 11 carri processionali lignei, sulla cui base a forma di barca sono installati altrettanti gruppi statuari con le effigi dei Santi o raffigurazioni di episodi biblici. Si tratta di straordinari apparati (altrove detti anche castillos), portati a spalla tramite&hellip;<\/p>\n","protected":false},"author":1,"featured_media":0,"parent":6212,"menu_order":0,"comment_status":"closed","ping_status":"closed","template":"","meta":{"footnotes":""},"class_list":["post-7060","page","type-page","status-publish","hentry"],"_links":{"self":[{"href":"https:\/\/digitalhistory.unite.it\/es\/wp-json\/wp\/v2\/pages\/7060","targetHints":{"allow":["GET"]}}],"collection":[{"href":"https:\/\/digitalhistory.unite.it\/es\/wp-json\/wp\/v2\/pages"}],"about":[{"href":"https:\/\/digitalhistory.unite.it\/es\/wp-json\/wp\/v2\/types\/page"}],"author":[{"embeddable":true,"href":"https:\/\/digitalhistory.unite.it\/es\/wp-json\/wp\/v2\/users\/1"}],"replies":[{"embeddable":true,"href":"https:\/\/digitalhistory.unite.it\/es\/wp-json\/wp\/v2\/comments?post=7060"}],"version-history":[{"count":3,"href":"https:\/\/digitalhistory.unite.it\/es\/wp-json\/wp\/v2\/pages\/7060\/revisions"}],"predecessor-version":[{"id":10539,"href":"https:\/\/digitalhistory.unite.it\/es\/wp-json\/wp\/v2\/pages\/7060\/revisions\/10539"}],"up":[{"embeddable":true,"href":"https:\/\/digitalhistory.unite.it\/es\/wp-json\/wp\/v2\/pages\/6212"}],"wp:attachment":[{"href":"https:\/\/digitalhistory.unite.it\/es\/wp-json\/wp\/v2\/media?parent=7060"}],"curies":[{"name":"wp","href":"https:\/\/api.w.org\/{rel}","templated":true}]}}