{"id":7062,"date":"2021-08-20T00:04:19","date_gmt":"2021-08-19T22:04:19","guid":{"rendered":"https:\/\/digitalhistory.unite.it\/la-sfilata-del-corpus-christi-di-siviglia-oggi\/"},"modified":"2021-11-23T15:26:42","modified_gmt":"2021-11-23T14:26:42","slug":"la-sfilata-del-corpus-christi-di-siviglia-oggi","status":"publish","type":"page","link":"https:\/\/digitalhistory.unite.it\/es\/temi\/feste-e-rituali\/il-corpus-christi-di-siviglia\/la-sfilata-del-corpus-christi-di-siviglia-oggi\/","title":{"rendered":"La sfilata del Corpus Christi di Siviglia oggi"},"content":{"rendered":"<h1>La sfilata del Corpus Christi di Siviglia oggi <\/h1>\n<div class=\"testo\">\n<p style=\"text-align: justify\">La sfilata del <em>Corpus Christi<\/em> di Siviglia parte dalla Cattedrale alle 8.30 del mattino, dopo il tradizionale ballo <em>de los Seises<\/em>: questa danza, risalente al XVII secolo, viene eseguita da sei giovani cantori davanti al Santissimo Sacramento, all&#8217;Arcivescovo e alla autorit\u00e0 municipali. I <em>pasos<\/em>, portati a spalla e scortati dalle numerose confraternite sivigliane, escono dalla chiesa nel seguente ordine: <em>Sant&#8217;Angela della Croce<\/em>, <em>Sante Giusta e Ruffina<\/em>, <em>San Isidoro<\/em>, <em>San Leandro<\/em>, <em>San Ferdinando<\/em> (il re, che nel XIII secolo unific\u00f2 le corone di Castiglia e L\u00e9on, \u00e8 raffigurato in abito regale mentre con una mano imbraccia la spada e con l&#8217;altra tiene un globo). Segue, accompagnata dal corteo delle autorit\u00e0 ecclesiastiche e civili, la <em>Custodia<\/em> del Santissimo Sacramento. In Piazza San Francisco, la processione viene incanalata attraverso una porta d&#8217;ingresso (un elemento architettonico effimero approntato per l&#8217;occasione) in un percorso coperto da una tenda da cui i fedeli fuoriescono passando per un&#8217;altra porta. Esclusa l&#8217;immagine di Sant&#8217;Angela, costruita in tempi recenti, ed il <em>paso<\/em> argenteo della <em>Custodia<\/em>, realizzata sul finire del Cinquencento, si tratta di opere barocche risalenti ai secoli XVII e XVIII.<\/p>\n<\/div>\n<p><\/p>\n","protected":false},"excerpt":{"rendered":"<p>La sfilata del Corpus Christi di Siviglia oggi La sfilata del Corpus Christi di Siviglia parte dalla Cattedrale alle 8.30 del mattino, dopo il tradizionale ballo de los Seises: questa danza, risalente al XVII secolo, viene eseguita da sei giovani cantori davanti al Santissimo Sacramento,&hellip;<\/p>\n","protected":false},"author":1,"featured_media":0,"parent":6214,"menu_order":0,"comment_status":"closed","ping_status":"closed","template":"","meta":{"footnotes":""},"class_list":["post-7062","page","type-page","status-publish","hentry"],"_links":{"self":[{"href":"https:\/\/digitalhistory.unite.it\/es\/wp-json\/wp\/v2\/pages\/7062","targetHints":{"allow":["GET"]}}],"collection":[{"href":"https:\/\/digitalhistory.unite.it\/es\/wp-json\/wp\/v2\/pages"}],"about":[{"href":"https:\/\/digitalhistory.unite.it\/es\/wp-json\/wp\/v2\/types\/page"}],"author":[{"embeddable":true,"href":"https:\/\/digitalhistory.unite.it\/es\/wp-json\/wp\/v2\/users\/1"}],"replies":[{"embeddable":true,"href":"https:\/\/digitalhistory.unite.it\/es\/wp-json\/wp\/v2\/comments?post=7062"}],"version-history":[{"count":3,"href":"https:\/\/digitalhistory.unite.it\/es\/wp-json\/wp\/v2\/pages\/7062\/revisions"}],"predecessor-version":[{"id":10532,"href":"https:\/\/digitalhistory.unite.it\/es\/wp-json\/wp\/v2\/pages\/7062\/revisions\/10532"}],"up":[{"embeddable":true,"href":"https:\/\/digitalhistory.unite.it\/es\/wp-json\/wp\/v2\/pages\/6214"}],"wp:attachment":[{"href":"https:\/\/digitalhistory.unite.it\/es\/wp-json\/wp\/v2\/media?parent=7062"}],"curies":[{"name":"wp","href":"https:\/\/api.w.org\/{rel}","templated":true}]}}