{"id":7063,"date":"2021-08-20T00:04:19","date_gmt":"2021-08-19T22:04:19","guid":{"rendered":"https:\/\/digitalhistory.unite.it\/i-giganti-del-corpus-christi-di-siviglia\/"},"modified":"2021-11-23T15:26:42","modified_gmt":"2021-11-23T14:26:42","slug":"i-giganti-del-corpus-christi-di-siviglia","status":"publish","type":"page","link":"https:\/\/digitalhistory.unite.it\/es\/temi\/feste-e-rituali\/il-corpus-christi-di-siviglia\/i-giganti-del-corpus-christi-di-siviglia\/","title":{"rendered":"I Giganti del Corpus Christi di Siviglia"},"content":{"rendered":"<h1>I Giganti del Corpus Christi di Siviglia <\/h1>\n<div class=\"testo\">\n<p style=\"text-align: justify\">A Siviglia, gi\u00e0 nel XVI secolo, sfilavano i giganti, i nani, le <em>testegrosse<\/em> (<em>cabezudos<\/em>, in spagnolo) e i diavoli. A quel tempo, i giganti erano costituiti da impalcature in legno rivestite di tessuti, al cui interno si posizionavano abili portatori che camminavano sui trampoli. Alle celebrazioni del <em>Corpus Christi<\/em> partecipava anche la mitica <em>Tarasca<\/em>, che apriva la sfilata. A causa di alcuni provvedimenti statali ed ecclesiastici emessi contro il loro uso nel corso del XVIII secolo, la <em>Tarasca<\/em> ed i giganti processionali&nbsp;furono estromessi dalla sfilata del Santissimo Sacramento. In origine, il corteo dei giganti era affidato alle Corporazioni artigianali (<em>Gremios<\/em>, in spagnolo). A partire dalla seconda met\u00e0 del Cinquecento, tuttavia, l&#8217;organizzazione degli eventi festivi pass\u00f2 sotto la responsabilit\u00e0 delle autorit\u00e0 cittadine, che agivano di concerto con quelle ecclesiastiche. I Giganti e la <em>Tarasca<\/em> erano protagonisti di spettacolari balli rituali. Le <em>danzas<\/em> sivigliane, tuttavia, coinvolgevano anche altri personaggi. Si trattava, pi\u00f9 in generale, di rappresentazioni sceniche ed allegoriche dedicate ai temi pi\u00f9 svariati: eventi storici, argomenti religiosi, mitologia classica, soggetti esotici.<\/p>\n<\/div>\n<p><\/p>\n","protected":false},"excerpt":{"rendered":"<p>I Giganti del Corpus Christi di Siviglia A Siviglia, gi\u00e0 nel XVI secolo, sfilavano i giganti, i nani, le testegrosse (cabezudos, in spagnolo) e i diavoli. A quel tempo, i giganti erano costituiti da impalcature in legno rivestite di tessuti, al cui interno si posizionavano&hellip;<\/p>\n","protected":false},"author":1,"featured_media":0,"parent":6214,"menu_order":0,"comment_status":"closed","ping_status":"closed","template":"","meta":{"footnotes":""},"class_list":["post-7063","page","type-page","status-publish","hentry"],"_links":{"self":[{"href":"https:\/\/digitalhistory.unite.it\/es\/wp-json\/wp\/v2\/pages\/7063","targetHints":{"allow":["GET"]}}],"collection":[{"href":"https:\/\/digitalhistory.unite.it\/es\/wp-json\/wp\/v2\/pages"}],"about":[{"href":"https:\/\/digitalhistory.unite.it\/es\/wp-json\/wp\/v2\/types\/page"}],"author":[{"embeddable":true,"href":"https:\/\/digitalhistory.unite.it\/es\/wp-json\/wp\/v2\/users\/1"}],"replies":[{"embeddable":true,"href":"https:\/\/digitalhistory.unite.it\/es\/wp-json\/wp\/v2\/comments?post=7063"}],"version-history":[{"count":3,"href":"https:\/\/digitalhistory.unite.it\/es\/wp-json\/wp\/v2\/pages\/7063\/revisions"}],"predecessor-version":[{"id":10529,"href":"https:\/\/digitalhistory.unite.it\/es\/wp-json\/wp\/v2\/pages\/7063\/revisions\/10529"}],"up":[{"embeddable":true,"href":"https:\/\/digitalhistory.unite.it\/es\/wp-json\/wp\/v2\/pages\/6214"}],"wp:attachment":[{"href":"https:\/\/digitalhistory.unite.it\/es\/wp-json\/wp\/v2\/media?parent=7063"}],"curies":[{"name":"wp","href":"https:\/\/api.w.org\/{rel}","templated":true}]}}