{"id":7065,"date":"2021-08-20T00:04:19","date_gmt":"2021-08-19T22:04:19","guid":{"rendered":"https:\/\/digitalhistory.unite.it\/la-custodia-grande-del-corpus-di-siviglia\/"},"modified":"2021-11-23T15:26:42","modified_gmt":"2021-11-23T14:26:42","slug":"la-custodia-grande-del-corpus-di-siviglia","status":"publish","type":"page","link":"https:\/\/digitalhistory.unite.it\/es\/temi\/feste-e-rituali\/il-corpus-christi-di-siviglia\/la-custodia-grande-del-corpus-di-siviglia\/","title":{"rendered":"La Custodia Grande del Corpus di Siviglia"},"content":{"rendered":"<h1>La Custodia Grande del Corpus di Siviglia <\/h1>\n<div class=\"testo\">\n<p style=\"text-align: justify\">Opera del grande orafo e scultore Juan de Arfe y Villafa\u00f1e (L\u00e9on 1535 &#8211; Madrid 1603), la <em>Custodia Grande<\/em> di Siviglia \u00e8 uno splendido fercolo in argento usato per portare in processione il Santissimo Sacramento nel giorno del <em>Corpus Christi<\/em>. L&#8217;opera, che si sviluppa in altezza per pi\u00f9 di tre metri e pesa oltre 3 quintali, \u00e8 composta da quattro colonnati di forma circolare sovrapposti: la struttura, formata da quattro piani dal diametro progressivamente pi\u00f9 stretto, culmina con una laterna. Sulla <em>Custodia Grande<\/em> del <em>Corpus<\/em> di Siviglia sono scolpiti episodi e protagonisti delle Sacre Scritture e della storia ecclesiastica. In alcuni casi, si tratta delle stesse scene che vengono riproposte nei <em>pasos<\/em>&nbsp;e degli stessi personaggi (San Isidoro, San Leandro e le Sante Giusta e Ruffina) che sfilano al seguito della <em>Custodia<\/em>.<\/p>\n<\/div>\n<p><\/p>\n","protected":false},"excerpt":{"rendered":"<p>La Custodia Grande del Corpus di Siviglia Opera del grande orafo e scultore Juan de Arfe y Villafa\u00f1e (L\u00e9on 1535 &#8211; Madrid 1603), la Custodia Grande di Siviglia \u00e8 uno splendido fercolo in argento usato per portare in processione il Santissimo Sacramento nel giorno del&hellip;<\/p>\n","protected":false},"author":1,"featured_media":0,"parent":6214,"menu_order":0,"comment_status":"closed","ping_status":"closed","template":"","meta":{"footnotes":""},"class_list":["post-7065","page","type-page","status-publish","hentry"],"_links":{"self":[{"href":"https:\/\/digitalhistory.unite.it\/es\/wp-json\/wp\/v2\/pages\/7065","targetHints":{"allow":["GET"]}}],"collection":[{"href":"https:\/\/digitalhistory.unite.it\/es\/wp-json\/wp\/v2\/pages"}],"about":[{"href":"https:\/\/digitalhistory.unite.it\/es\/wp-json\/wp\/v2\/types\/page"}],"author":[{"embeddable":true,"href":"https:\/\/digitalhistory.unite.it\/es\/wp-json\/wp\/v2\/users\/1"}],"replies":[{"embeddable":true,"href":"https:\/\/digitalhistory.unite.it\/es\/wp-json\/wp\/v2\/comments?post=7065"}],"version-history":[{"count":3,"href":"https:\/\/digitalhistory.unite.it\/es\/wp-json\/wp\/v2\/pages\/7065\/revisions"}],"predecessor-version":[{"id":10531,"href":"https:\/\/digitalhistory.unite.it\/es\/wp-json\/wp\/v2\/pages\/7065\/revisions\/10531"}],"up":[{"embeddable":true,"href":"https:\/\/digitalhistory.unite.it\/es\/wp-json\/wp\/v2\/pages\/6214"}],"wp:attachment":[{"href":"https:\/\/digitalhistory.unite.it\/es\/wp-json\/wp\/v2\/media?parent=7065"}],"curies":[{"name":"wp","href":"https:\/\/api.w.org\/{rel}","templated":true}]}}