{"id":7066,"date":"2021-08-20T00:04:19","date_gmt":"2021-08-19T22:04:19","guid":{"rendered":"https:\/\/digitalhistory.unite.it\/i-pasos-del-corpus-christi-di-siviglia\/"},"modified":"2021-11-23T15:26:42","modified_gmt":"2021-11-23T14:26:42","slug":"i-pasos-del-corpus-christi-di-siviglia","status":"publish","type":"page","link":"https:\/\/digitalhistory.unite.it\/es\/temi\/feste-e-rituali\/il-corpus-christi-di-siviglia\/i-pasos-del-corpus-christi-di-siviglia\/","title":{"rendered":"I pasos del Corpus Christi di Siviglia"},"content":{"rendered":"<h1>I pasos del Corpus Christi di Siviglia <\/h1>\n<div class=\"testo\">\n<p style=\"text-align: justify\">I <em>pasos<\/em> del <em>Corpus Christi&nbsp;<\/em> di Siviglia raffigurano la <em>Santa Spina<\/em> (un frammento della corona di spine conservata in un reliquiario noto come <em>Custodia Chica<\/em>), Ges\u00f9 Bambino, l&#8217;Immacolata concenzione, San Ferdinando (il re che nel XIII secolo unific\u00f2 le corone di Castiglia e L\u00e9on), San Isidoro (il celebre vescoso di Siviglia vissuto il VI ed il VII secolo d.C.), San Leandro (fratello maggiore di Isidoro e suo predecessore), le Sante Giusta e Ruffina (le compatrone di Siviglia ritratte attorno alla Girlanda &#8211; la famosa torre campanaria di Siviglia ricavata da un antico minareto) e Sant&#8217;Angela della Croce (la fondatrice della confraternita delle <em>Hermanas de la Cruz<\/em>, cononizzata nel 2002 da Giovanni Paolo II, il cui <em>paso<\/em> \u00e8 stato introdotto nel 2009). In alcune occasioni, a questi fercoli si aggiunge il <em>Misterio de la Hermandad de la Cena<\/em>: il gruppo statuario raffigurante l&#8217;<em>Ultima Cena<\/em>.<\/p>\n<\/div>\n<p><\/p>\n","protected":false},"excerpt":{"rendered":"<p>I pasos del Corpus Christi di Siviglia I pasos del Corpus Christi&nbsp; di Siviglia raffigurano la Santa Spina (un frammento della corona di spine conservata in un reliquiario noto come Custodia Chica), Ges\u00f9 Bambino, l&#8217;Immacolata concenzione, San Ferdinando (il re che nel XIII secolo unific\u00f2&hellip;<\/p>\n","protected":false},"author":1,"featured_media":0,"parent":6214,"menu_order":0,"comment_status":"closed","ping_status":"closed","template":"","meta":{"footnotes":""},"class_list":["post-7066","page","type-page","status-publish","hentry"],"_links":{"self":[{"href":"https:\/\/digitalhistory.unite.it\/es\/wp-json\/wp\/v2\/pages\/7066","targetHints":{"allow":["GET"]}}],"collection":[{"href":"https:\/\/digitalhistory.unite.it\/es\/wp-json\/wp\/v2\/pages"}],"about":[{"href":"https:\/\/digitalhistory.unite.it\/es\/wp-json\/wp\/v2\/types\/page"}],"author":[{"embeddable":true,"href":"https:\/\/digitalhistory.unite.it\/es\/wp-json\/wp\/v2\/users\/1"}],"replies":[{"embeddable":true,"href":"https:\/\/digitalhistory.unite.it\/es\/wp-json\/wp\/v2\/comments?post=7066"}],"version-history":[{"count":3,"href":"https:\/\/digitalhistory.unite.it\/es\/wp-json\/wp\/v2\/pages\/7066\/revisions"}],"predecessor-version":[{"id":10530,"href":"https:\/\/digitalhistory.unite.it\/es\/wp-json\/wp\/v2\/pages\/7066\/revisions\/10530"}],"up":[{"embeddable":true,"href":"https:\/\/digitalhistory.unite.it\/es\/wp-json\/wp\/v2\/pages\/6214"}],"wp:attachment":[{"href":"https:\/\/digitalhistory.unite.it\/es\/wp-json\/wp\/v2\/media?parent=7066"}],"curies":[{"name":"wp","href":"https:\/\/api.w.org\/{rel}","templated":true}]}}