{"id":7067,"date":"2021-08-20T00:04:19","date_gmt":"2021-08-19T22:04:19","guid":{"rendered":"https:\/\/digitalhistory.unite.it\/matera\/"},"modified":"2021-11-23T17:44:55","modified_gmt":"2021-11-23T16:44:55","slug":"matera","status":"publish","type":"page","link":"https:\/\/digitalhistory.unite.it\/es\/temi\/feste-e-rituali\/la-festa-della-madonna-della-bruna-di-matera\/matera\/","title":{"rendered":"Matera"},"content":{"rendered":"<h1>Matera <\/h1>\n<div class=\"testo\">\n<p style=\"text-align: justify\"><img loading=\"lazy\" decoding=\"async\" src=\"https:\/\/digitalhistory.unite.it\/wp-content\/uploads\/2021\/08\/matera.festa_s.maria_la_bruna.0060-0-__fileminimizer__250x167.jpg\" width=\"250\" height=\"167\" alt=\"Matera, festa della Bruna\" align=\"left\">La citt\u00e0 di Matera, oggi capoluogo di provincia della Basilicata, fino a met\u00e0 Seicento ha fatto parte dell&#8217;antica circoscrizione amministrativa della Terra d&#8217;Otranto (una regione storico-geografica situata in prossimit\u00e0 dell&#8217;omonimo Canale). Successivamente, \u00e8 divenuta capoluogo del Giustizierato di Basilicata (1663-1806), una delle province in cui era suddiviso il Regno di Napoli. A Matera si possono ammirare svariate testimonianze artistiche dell&#8217;et\u00e0 barocca: meritano senz&#8217;altro una visita le chiese di San Francesco d&#8217;Assisi e del Purgatorio. Matera \u00e8 anche famosa per i suoi Sassi: le suggestive grotte naturali e artificiali scavate nella roccia, che costituiscono la parte pi\u00f9 antica della citt\u00e0. Si tratta di&nbsp;cavit\u00e0 abitate da tempi immemorabili, il cui sgombero per motivi igenico-sanitari \u00e8 iniziato solo nel 1952. Nel corso del Novecento, prima di essere ricompresi dall&#8217;UNESCO nel novero dei siti Patrimonio dell&#8217;Umanit\u00e0, i Sassi hanno fatto da sfondo ad alcune celebri pellicole cinematografiche, da ultimo il controverso film di Mel Gibson dedicato alla Passione di Cristo. (nella foto: La Festa della Madonna della Bruna di Matera).<\/p>\n<\/div>\n<p><\/p>\n","protected":false},"excerpt":{"rendered":"<p>Matera La citt\u00e0 di Matera, oggi capoluogo di provincia della Basilicata, fino a met\u00e0 Seicento ha fatto parte dell&#8217;antica circoscrizione amministrativa della Terra d&#8217;Otranto (una regione storico-geografica situata in prossimit\u00e0 dell&#8217;omonimo Canale). Successivamente, \u00e8 divenuta capoluogo del Giustizierato di Basilicata (1663-1806), una delle province in&hellip;<\/p>\n","protected":false},"author":1,"featured_media":0,"parent":6219,"menu_order":0,"comment_status":"closed","ping_status":"closed","template":"","meta":{"footnotes":""},"class_list":["post-7067","page","type-page","status-publish","hentry"],"_links":{"self":[{"href":"https:\/\/digitalhistory.unite.it\/es\/wp-json\/wp\/v2\/pages\/7067","targetHints":{"allow":["GET"]}}],"collection":[{"href":"https:\/\/digitalhistory.unite.it\/es\/wp-json\/wp\/v2\/pages"}],"about":[{"href":"https:\/\/digitalhistory.unite.it\/es\/wp-json\/wp\/v2\/types\/page"}],"author":[{"embeddable":true,"href":"https:\/\/digitalhistory.unite.it\/es\/wp-json\/wp\/v2\/users\/1"}],"replies":[{"embeddable":true,"href":"https:\/\/digitalhistory.unite.it\/es\/wp-json\/wp\/v2\/comments?post=7067"}],"version-history":[{"count":3,"href":"https:\/\/digitalhistory.unite.it\/es\/wp-json\/wp\/v2\/pages\/7067\/revisions"}],"predecessor-version":[{"id":10547,"href":"https:\/\/digitalhistory.unite.it\/es\/wp-json\/wp\/v2\/pages\/7067\/revisions\/10547"}],"up":[{"embeddable":true,"href":"https:\/\/digitalhistory.unite.it\/es\/wp-json\/wp\/v2\/pages\/6219"}],"wp:attachment":[{"href":"https:\/\/digitalhistory.unite.it\/es\/wp-json\/wp\/v2\/media?parent=7067"}],"curies":[{"name":"wp","href":"https:\/\/api.w.org\/{rel}","templated":true}]}}