{"id":7069,"date":"2021-08-20T00:04:19","date_gmt":"2021-08-19T22:04:19","guid":{"rendered":"https:\/\/digitalhistory.unite.it\/la-storia-della-festa-dei-mori-e-dei-cristiani-in-spagna\/"},"modified":"2021-11-23T15:26:51","modified_gmt":"2021-11-23T14:26:51","slug":"la-storia-della-festa-dei-mori-e-dei-cristiani-in-spagna","status":"publish","type":"page","link":"https:\/\/digitalhistory.unite.it\/es\/temi\/feste-e-rituali\/le-feste-dei-mori-e-dei-cristiani-in-spagna\/la-storia-della-festa-dei-mori-e-dei-cristiani-in-spagna\/","title":{"rendered":"La storia della Festa dei Mori e dei Cristiani in Spagna"},"content":{"rendered":"<h1>La storia della Festa dei Mori e dei Cristiani in Spagna <\/h1>\n<div class=\"testo\">\n<p style=\"text-align: justify\">Nel corso dei secoli, le rappresentazioni dello scontro tra Mori e Cristiani si sono tenute in occasione delle entrate in citt\u00e0 di sovrani e nobili, durante le cerimonie del <em>Corpus Domini<\/em>, in coincidenza con alcune cononizzazioni o delle feste patronali. Originariamente animato dalle corporazioni, in seguito il rituale \u00e8 passato nelle mani delle Confraternite. La prima et\u00e0 dell&#8217;oro di questa particolare tradizione ha preso avvio durante il regno di <a href=\"\/territori\/percorsi-regionali\/le-plazas-mayores-spagnole-e-il-barocco\/lorigine-e-le-funzioni-delle-plazas-mayores\/filippo-ii-dasburgo\/\" title=\"Filippo II d'Asburgo\">Filippo II<\/a> e ha avuto il suo apogeo durante l&#8217;et\u00e0 barocca, grazie al sostegno della Chiesa <a href=\"\/temi\/feste-e-rituali\/la-settimana-santa-di-siviglia\/la-storia-antica-della-settimana-santa-di-siviglia\/controriforma\/\" title=\"Controriforma\">controriformista<\/a>. Un calo si \u00e8 registrato tra XVIII e XIX secolo, a seguito delle restrizioni imposte da <a href=\"\/territori\/percorsi-regionali\/le-plazas-mayores-spagnole-e-il-barocco\/altri-esempi-burgos-e-plasencia\/carlo-iii-di-borbone\/\" title=\"Carlo III di Borbone\">Carlo III<\/a> alla presenza di elementi profani nelle cerimonie religiose. Nel Novecento, invece, l&#8217;abitudine di mettere in scena lo scontro tra gruppi (<em>bandos<\/em>) di Mori e Cristiani \u00e8 tornata di moda e si \u00e8 diffusa in moltissime localit\u00e0.<\/p>\n<\/div>\n<p><\/p>\n","protected":false},"excerpt":{"rendered":"<p>La storia della Festa dei Mori e dei Cristiani in Spagna Nel corso dei secoli, le rappresentazioni dello scontro tra Mori e Cristiani si sono tenute in occasione delle entrate in citt\u00e0 di sovrani e nobili, durante le cerimonie del Corpus Domini, in coincidenza con&hellip;<\/p>\n","protected":false},"author":1,"featured_media":0,"parent":6222,"menu_order":0,"comment_status":"closed","ping_status":"closed","template":"","meta":{"footnotes":""},"class_list":["post-7069","page","type-page","status-publish","hentry"],"_links":{"self":[{"href":"https:\/\/digitalhistory.unite.it\/es\/wp-json\/wp\/v2\/pages\/7069","targetHints":{"allow":["GET"]}}],"collection":[{"href":"https:\/\/digitalhistory.unite.it\/es\/wp-json\/wp\/v2\/pages"}],"about":[{"href":"https:\/\/digitalhistory.unite.it\/es\/wp-json\/wp\/v2\/types\/page"}],"author":[{"embeddable":true,"href":"https:\/\/digitalhistory.unite.it\/es\/wp-json\/wp\/v2\/users\/1"}],"replies":[{"embeddable":true,"href":"https:\/\/digitalhistory.unite.it\/es\/wp-json\/wp\/v2\/comments?post=7069"}],"version-history":[{"count":3,"href":"https:\/\/digitalhistory.unite.it\/es\/wp-json\/wp\/v2\/pages\/7069\/revisions"}],"predecessor-version":[{"id":10630,"href":"https:\/\/digitalhistory.unite.it\/es\/wp-json\/wp\/v2\/pages\/7069\/revisions\/10630"}],"up":[{"embeddable":true,"href":"https:\/\/digitalhistory.unite.it\/es\/wp-json\/wp\/v2\/pages\/6222"}],"wp:attachment":[{"href":"https:\/\/digitalhistory.unite.it\/es\/wp-json\/wp\/v2\/media?parent=7069"}],"curies":[{"name":"wp","href":"https:\/\/api.w.org\/{rel}","templated":true}]}}