{"id":7072,"date":"2021-08-20T00:04:19","date_gmt":"2021-08-19T22:04:19","guid":{"rendered":"https:\/\/digitalhistory.unite.it\/la-festa-dei-mori-e-dei-cristiani-di-orihuela\/"},"modified":"2021-11-23T15:26:51","modified_gmt":"2021-11-23T14:26:51","slug":"la-festa-dei-mori-e-dei-cristiani-di-orihuela","status":"publish","type":"page","link":"https:\/\/digitalhistory.unite.it\/es\/temi\/feste-e-rituali\/le-feste-dei-mori-e-dei-cristiani-nella-comunita-valenzana-alcoy-orihuela-villajoyosa\/la-festa-dei-mori-e-dei-cristiani-di-orihuela\/","title":{"rendered":"La Festa dei Mori e dei Cristiani di Orihuela"},"content":{"rendered":"<h1>La Festa dei Mori e dei Cristiani di Orihuela <\/h1>\n<div class=\"testo\">\n<p style=\"text-align: justify\"><img loading=\"lazy\" decoding=\"async\" src=\"https:\/\/digitalhistory.unite.it\/wp-content\/uploads\/2021\/08\/maceros_y_autoridades_278x182.jpg\" width=\"278\" height=\"182\" alt=\"Estandarte del Oriol di Orihuela\" align=\"left\">Ogni 17 luglio a Orihuela si tiene la <em>Fiesta de la Reconquista<\/em>: una manifestazione che rievoca la &#8220;liberazione&#8221; della citt\u00e0 valenzana dal dominio arabo, avvenuta nel XIII secolo ad opera di <a href=\"#\" class=\"tooltip yellow-tooltip\">Giacomo II d&#8217;Aragona<span>Giacomo II (1264 ? &#8211; Barcellona, 1327), gi\u00e0 re di Sicilia nel 1285, sal\u00ec sul trono d&#8217;Aragona nel 1291 alla morte del fratello Alfonso III. Uomo di lettere e grande mecenate, a lui si deve anche l&#8217;occupazione aragonese della Sardegna (1323).<\/span><\/a>. Celebrata gi\u00e0 durante la prima et\u00e0 moderna, da qualche decennio la Festa dei Mori e dei Cristiani di Oriuhela \u00e8 tornata ad assumere la forma di una maestosa rappresentazione teatrale. Simbolo della Festa \u00e8 l&#8217;<em>Estandarte<\/em> <em>del Oriol<\/em>, l&#8217;antichissima insegna cittadina issata dall&#8217;autorit\u00e0 municipale nel giorno della riconquista.<\/p>\n<p style=\"text-align: justify\"><a href=\"\/temi\/feste-e-rituali\/le-feste-dei-mori-e-dei-cristiani-nella-comunita-valenzana-alcoy-orihuela-villajoyosa\/\" title=\"Le Feste dei Mori e dei Cristiani nella Comunit\u00e0 Valenzana: Alcoy, Orihuela, Villajoyosa\"> &lt;&lt;&lt;&#8212;torna a Le Feste dei Mori e dei Cristiani nella Comunit\u00e0 Valenzana<\/a><\/p>\n<\/div>\n<p><\/p>\n","protected":false},"excerpt":{"rendered":"<p>La Festa dei Mori e dei Cristiani di Orihuela Ogni 17 luglio a Orihuela si tiene la Fiesta de la Reconquista: una manifestazione che rievoca la &#8220;liberazione&#8221; della citt\u00e0 valenzana dal dominio arabo, avvenuta nel XIII secolo ad opera di Giacomo II d&#8217;AragonaGiacomo II (1264&hellip;<\/p>\n","protected":false},"author":1,"featured_media":0,"parent":6224,"menu_order":0,"comment_status":"closed","ping_status":"closed","template":"","meta":{"footnotes":""},"class_list":["post-7072","page","type-page","status-publish","hentry"],"_links":{"self":[{"href":"https:\/\/digitalhistory.unite.it\/es\/wp-json\/wp\/v2\/pages\/7072","targetHints":{"allow":["GET"]}}],"collection":[{"href":"https:\/\/digitalhistory.unite.it\/es\/wp-json\/wp\/v2\/pages"}],"about":[{"href":"https:\/\/digitalhistory.unite.it\/es\/wp-json\/wp\/v2\/types\/page"}],"author":[{"embeddable":true,"href":"https:\/\/digitalhistory.unite.it\/es\/wp-json\/wp\/v2\/users\/1"}],"replies":[{"embeddable":true,"href":"https:\/\/digitalhistory.unite.it\/es\/wp-json\/wp\/v2\/comments?post=7072"}],"version-history":[{"count":4,"href":"https:\/\/digitalhistory.unite.it\/es\/wp-json\/wp\/v2\/pages\/7072\/revisions"}],"predecessor-version":[{"id":10633,"href":"https:\/\/digitalhistory.unite.it\/es\/wp-json\/wp\/v2\/pages\/7072\/revisions\/10633"}],"up":[{"embeddable":true,"href":"https:\/\/digitalhistory.unite.it\/es\/wp-json\/wp\/v2\/pages\/6224"}],"wp:attachment":[{"href":"https:\/\/digitalhistory.unite.it\/es\/wp-json\/wp\/v2\/media?parent=7072"}],"curies":[{"name":"wp","href":"https:\/\/api.w.org\/{rel}","templated":true}]}}