{"id":7076,"date":"2021-08-20T00:04:19","date_gmt":"2021-08-19T22:04:19","guid":{"rendered":"https:\/\/digitalhistory.unite.it\/hernan-cortes\/"},"modified":"2021-11-23T15:26:55","modified_gmt":"2021-11-23T14:26:55","slug":"hernan-cortes","status":"publish","type":"page","link":"https:\/\/digitalhistory.unite.it\/es\/temi\/vita-materiale\/mangiare-e-bere\/cibi-vecchi-e-nuovi\/hernan-cortes\/","title":{"rendered":"Hern\u00e1n Cort\u00e9s"},"content":{"rendered":"<h1>Hern\u00e1n Cort\u00e9s <\/h1>\n<div class=\"testo\">\n<p style=\"text-align: justify\"><img loading=\"lazy\" decoding=\"async\" src=\"https:\/\/digitalhistory.unite.it\/wp-content\/uploads\/2021\/08\/cortes_227x265.jpg\" width=\"227\" height=\"265\" alt=\"Cortes\" align=\"left\">Hern\u00e1n Cort\u00e9s (1485-1547) \u00e8 stato un condottiero spagnolo, celebre per la conquista del Messico e la distruzione dell&#8217;impero degli Aztechi. Partito dalla Spagna nel febbraio 1519 al comando di 11 navi, un centinaio di marinai e poco pi\u00f9 di 500 soldati, riusc\u00ec a sconfiggere un nemico senz&#8217;altro pi\u00f9 numeroso, ma assolutamente arretrato dal punto di vista della tecnologia militare. Sfruttando l&#8217;appoggio delle altre popolazioni indigene sottomesse al duro dominio degli Aztechi, Cort\u00e9s destitu\u00ec l&#8217;imperatore Montezuma II e, il 13 agosto 1521, port\u00f2 a termine con successo l&#8217;assedio della capitale Tenochtitlan. Entrato a far parte della Monarchia spagnola con il nome di <em>Nueva Espa\u00f1a<\/em>, l&#8217;attuale Messico ebbe come suo primo governatore proprio Cort\u00e9s, nominato dall&#8217;imperatore Carlo V. Tornato in Europa, il conquistatore partecip\u00f2 anche alla sfortuna impresa di Algeri (ottobre 1541), voluta per indebolire la presenza turca nel Mediterraneo. Mor\u00ec nei pressi di Siviglia nel 1547, ma nel XVII secolo il corpo di Cort\u00e9s venne trasportato laddove si trova ancora oggi: nella chiesa di Ges\u00f9 Nazareno a Citt\u00e0 del Messico.<\/p>\n<\/div>\n<p><\/p>\n","protected":false},"excerpt":{"rendered":"<p>Hern\u00e1n Cort\u00e9s Hern\u00e1n Cort\u00e9s (1485-1547) \u00e8 stato un condottiero spagnolo, celebre per la conquista del Messico e la distruzione dell&#8217;impero degli Aztechi. Partito dalla Spagna nel febbraio 1519 al comando di 11 navi, un centinaio di marinai e poco pi\u00f9 di 500 soldati, riusc\u00ec a&hellip;<\/p>\n","protected":false},"author":1,"featured_media":0,"parent":6232,"menu_order":0,"comment_status":"closed","ping_status":"closed","template":"","meta":{"footnotes":""},"class_list":["post-7076","page","type-page","status-publish","hentry"],"_links":{"self":[{"href":"https:\/\/digitalhistory.unite.it\/es\/wp-json\/wp\/v2\/pages\/7076","targetHints":{"allow":["GET"]}}],"collection":[{"href":"https:\/\/digitalhistory.unite.it\/es\/wp-json\/wp\/v2\/pages"}],"about":[{"href":"https:\/\/digitalhistory.unite.it\/es\/wp-json\/wp\/v2\/types\/page"}],"author":[{"embeddable":true,"href":"https:\/\/digitalhistory.unite.it\/es\/wp-json\/wp\/v2\/users\/1"}],"replies":[{"embeddable":true,"href":"https:\/\/digitalhistory.unite.it\/es\/wp-json\/wp\/v2\/comments?post=7076"}],"version-history":[{"count":3,"href":"https:\/\/digitalhistory.unite.it\/es\/wp-json\/wp\/v2\/pages\/7076\/revisions"}],"predecessor-version":[{"id":10672,"href":"https:\/\/digitalhistory.unite.it\/es\/wp-json\/wp\/v2\/pages\/7076\/revisions\/10672"}],"up":[{"embeddable":true,"href":"https:\/\/digitalhistory.unite.it\/es\/wp-json\/wp\/v2\/pages\/6232"}],"wp:attachment":[{"href":"https:\/\/digitalhistory.unite.it\/es\/wp-json\/wp\/v2\/media?parent=7076"}],"curies":[{"name":"wp","href":"https:\/\/api.w.org\/{rel}","templated":true}]}}