{"id":7077,"date":"2021-08-19T22:04:19","date_gmt":"2021-08-19T20:04:19","guid":{"rendered":"https:\/\/digitalhistory.unite.it\/la-settimana-santa-di-malaga-nel-xix-secolo\/"},"modified":"2021-11-23T15:26:45","modified_gmt":"2021-11-23T14:26:45","slug":"la-settimana-santa-di-malaga-nel-xix-secolo","status":"publish","type":"page","link":"https:\/\/digitalhistory.unite.it\/es\/temi\/feste-e-rituali\/la-settimana-santa-di-malaga\/la-storia-della-settimana-santa-di-malaga\/la-settimana-santa-di-malaga-nel-xix-secolo\/","title":{"rendered":"La Settimana Santa di Malaga nel XIX secolo"},"content":{"rendered":"<h1>La Settimana Santa di Malaga nel XIX secolo <\/h1>\n<div class=\"testo\">\n<p style=\"text-align: justify\"><img loading=\"lazy\" decoding=\"async\" src=\"https:\/\/digitalhistory.unite.it\/wp-content\/uploads\/2021\/08\/1_nuestro_padre_jes_s_cautivo_104x160.jpg\" width=\"104\" height=\"160\" alt=\"Malaga1\" align=\"left\">Nell&#8217;Ottocento, la Settimana Santa di Malaga inizi\u00f2 a diventare un&#8217;attrazione turistica nazionale. A met\u00e0 secolo, il numero delle confraternite aument\u00f2 vertiginosamente, crebbe il numero dei fedeli e quello dei <em>tronos<\/em>. Questa seconda et\u00e0 dell&#8217;oro (1851-67), tuttavia, sub\u00ec una battuta d&#8217;arresto durante il cosiddetto <em>sexenio revolucionario<\/em> (1868-74): nel volgere di pochi anni, si pass\u00f2 dall&#8217;esilio di Isabella II all&#8217;elezione di Amedeo I di Savoia, dalla proclamazione della repubblica alla restaurazione borbonica. In questo periodo di instabilit\u00e0 politica, si diffuse un forte spirito anticlericale che port\u00f2 alla sospensione delle processioni pasquali. Con il ritorno dei Borbone (1875), prese avvio una lenta ripresa che culmin\u00f2 nell&#8217;ultimo decennio del XIX secolo, quando il patrimonio artistico delle confraternite si arricch\u00ec di nuove opere, spesso ispirate allo stile barocco.<\/p>\n<\/div>\n<p><\/p>\n","protected":false},"excerpt":{"rendered":"<p>La Settimana Santa di Malaga nel XIX secolo Nell&#8217;Ottocento, la Settimana Santa di Malaga inizi\u00f2 a diventare un&#8217;attrazione turistica nazionale. A met\u00e0 secolo, il numero delle confraternite aument\u00f2 vertiginosamente, crebbe il numero dei fedeli e quello dei tronos. Questa seconda et\u00e0 dell&#8217;oro (1851-67), tuttavia, sub\u00ec&hellip;<\/p>\n","protected":false},"author":1,"featured_media":0,"parent":6262,"menu_order":0,"comment_status":"closed","ping_status":"closed","template":"","meta":{"footnotes":""},"class_list":["post-7077","page","type-page","status-publish","hentry"],"_links":{"self":[{"href":"https:\/\/digitalhistory.unite.it\/es\/wp-json\/wp\/v2\/pages\/7077","targetHints":{"allow":["GET"]}}],"collection":[{"href":"https:\/\/digitalhistory.unite.it\/es\/wp-json\/wp\/v2\/pages"}],"about":[{"href":"https:\/\/digitalhistory.unite.it\/es\/wp-json\/wp\/v2\/types\/page"}],"author":[{"embeddable":true,"href":"https:\/\/digitalhistory.unite.it\/es\/wp-json\/wp\/v2\/users\/1"}],"replies":[{"embeddable":true,"href":"https:\/\/digitalhistory.unite.it\/es\/wp-json\/wp\/v2\/comments?post=7077"}],"version-history":[{"count":3,"href":"https:\/\/digitalhistory.unite.it\/es\/wp-json\/wp\/v2\/pages\/7077\/revisions"}],"predecessor-version":[{"id":10568,"href":"https:\/\/digitalhistory.unite.it\/es\/wp-json\/wp\/v2\/pages\/7077\/revisions\/10568"}],"up":[{"embeddable":true,"href":"https:\/\/digitalhistory.unite.it\/es\/wp-json\/wp\/v2\/pages\/6262"}],"wp:attachment":[{"href":"https:\/\/digitalhistory.unite.it\/es\/wp-json\/wp\/v2\/media?parent=7077"}],"curies":[{"name":"wp","href":"https:\/\/api.w.org\/{rel}","templated":true}]}}