{"id":7078,"date":"2021-08-19T22:04:20","date_gmt":"2021-08-19T20:04:20","guid":{"rendered":"https:\/\/digitalhistory.unite.it\/la-settimana-santa-di-malaga-nel-xx-secolo\/"},"modified":"2021-11-23T15:26:45","modified_gmt":"2021-11-23T14:26:45","slug":"la-settimana-santa-di-malaga-nel-xx-secolo","status":"publish","type":"page","link":"https:\/\/digitalhistory.unite.it\/es\/temi\/feste-e-rituali\/la-settimana-santa-di-malaga\/la-storia-della-settimana-santa-di-malaga\/la-settimana-santa-di-malaga-nel-xx-secolo\/","title":{"rendered":"La Settimana Santa di Malaga nel XX secolo"},"content":{"rendered":"<h1>La Settimana Santa di Malaga nel XX secolo <\/h1>\n<div class=\"testo\">\n<p style=\"text-align: justify\"><img loading=\"lazy\" decoding=\"async\" src=\"https:\/\/digitalhistory.unite.it\/wp-content\/uploads\/2021\/08\/2_mar_a_sant_sima_del_roc_o_252x164.jpg\" width=\"252\" height=\"164\" alt=\"Malaga2\" align=\"left\">Durante la dittatura del generale Miguel Primo de Rivera (1923-1930), lievit\u00f2 anche la presenza delle forze armate nei cortei e si fecero sempre pi\u00f9 stretti i legami tra le confraternite e le gerarchie militari. La caduta del regime di de Rivera inaugur\u00f2 una nuova stagione difficile per la Settimana Santa di Malaga. Con la nascita della seconda repubblica (1931), si assistette alla distruzione del patrimonio artistico delle confraternite ad opera dei militanti repubblicani anticlericali, che lo consideravano un retaggio cattolico e reazionario insopportabile. La situazione precipit\u00f2 nuovamente nel 1936, quando alle elezioni vinse la sinistra e l&#8217;esercito reag\u00ec brutalmente con il sollevamento militare organizzato dal generale Francisco Franco. Gli anni della guerra civile (1936-39) rappresentarono un nuovo periodo di decadenza per le congregazioni e per la Settimana Santa. La vittoria di Franco (1939), invece, pose le basi per una ripresa del movimento passionista. Dal quel momento in poi, le processioni&nbsp;vennero fortemente strumentalizzate del nuovo regime dittatoriale, che faceva sfilare accanto alle immagini sacre anche i suoi simboli politico-militari. Nel dopoguerra, nonostante le difficolt\u00e0 economiche, si ricostituirono e fondarono diverse confraternite e si crearono nuovi <em>tronos<\/em>. Dal 1960 alla met\u00e0 degli anni Settanta, per\u00f2, si apr\u00ec una crisi profonda, con difficolt\u00e0 economiche e organizzative.<\/p>\n<\/div>\n<p><\/p>\n","protected":false},"excerpt":{"rendered":"<p>La Settimana Santa di Malaga nel XX secolo Durante la dittatura del generale Miguel Primo de Rivera (1923-1930), lievit\u00f2 anche la presenza delle forze armate nei cortei e si fecero sempre pi\u00f9 stretti i legami tra le confraternite e le gerarchie militari. La caduta del&hellip;<\/p>\n","protected":false},"author":1,"featured_media":0,"parent":6262,"menu_order":0,"comment_status":"closed","ping_status":"closed","template":"","meta":{"footnotes":""},"class_list":["post-7078","page","type-page","status-publish","hentry"],"_links":{"self":[{"href":"https:\/\/digitalhistory.unite.it\/es\/wp-json\/wp\/v2\/pages\/7078","targetHints":{"allow":["GET"]}}],"collection":[{"href":"https:\/\/digitalhistory.unite.it\/es\/wp-json\/wp\/v2\/pages"}],"about":[{"href":"https:\/\/digitalhistory.unite.it\/es\/wp-json\/wp\/v2\/types\/page"}],"author":[{"embeddable":true,"href":"https:\/\/digitalhistory.unite.it\/es\/wp-json\/wp\/v2\/users\/1"}],"replies":[{"embeddable":true,"href":"https:\/\/digitalhistory.unite.it\/es\/wp-json\/wp\/v2\/comments?post=7078"}],"version-history":[{"count":3,"href":"https:\/\/digitalhistory.unite.it\/es\/wp-json\/wp\/v2\/pages\/7078\/revisions"}],"predecessor-version":[{"id":10569,"href":"https:\/\/digitalhistory.unite.it\/es\/wp-json\/wp\/v2\/pages\/7078\/revisions\/10569"}],"up":[{"embeddable":true,"href":"https:\/\/digitalhistory.unite.it\/es\/wp-json\/wp\/v2\/pages\/6262"}],"wp:attachment":[{"href":"https:\/\/digitalhistory.unite.it\/es\/wp-json\/wp\/v2\/media?parent=7078"}],"curies":[{"name":"wp","href":"https:\/\/api.w.org\/{rel}","templated":true}]}}