{"id":7182,"date":"2021-08-20T00:04:25","date_gmt":"2021-08-19T22:04:25","guid":{"rendered":"https:\/\/digitalhistory.unite.it\/ramiro-nunez-de-guzman-duke-of-medina-de-las-torres\/"},"modified":"2021-11-23T15:27:36","modified_gmt":"2021-11-23T14:27:36","slug":"ramiro-nunez-de-guzman-duke-of-medina-de-las-torres","status":"publish","type":"page","link":"https:\/\/digitalhistory.unite.it\/es\/territories\/urban-routes\/ascanio-filomarino\/the-cardinal-in-naples-palazzo-filomarino\/ramiro-nunez-de-guzman-duke-of-medina-de-las-torres\/","title":{"rendered":"Ramiro N\u00fa\u00f1ez de Guzm\u00e1n, Duke of Medina de las Torres"},"content":{"rendered":"<h1>Ramiro N\u00fa\u00f1ez de Guzm\u00e1n, Duke of Medina de las Torres <\/h1>\n<div class=\"testo\">\n<p style=\"text-align: justify\"><img loading=\"lazy\" decoding=\"async\" src=\"https:\/\/digitalhistory.unite.it\/wp-content\/uploads\/2021\/08\/palazzo_donn_anna_251x188.jpg\" width=\"251\" height=\"188\" alt=\"Palazzi\" align=\"left\">Ramiro N\u00fa\u00f1ez de Guzm\u00e1n (1600-1668), second Duke of Medina de las Torres, was able to build a solid career in politics thanks to the support of the Count-Duke of Olivares, the favourite of King Philip IV and his first wife&#8217;s father. After the death of the latter, the second marriage with the heiress of the Steelyard Anna Carafa (1607-1644), Princess of Stigliano, was a turning point for his political ascension. As a crucial part in the complicated marriage negotiations, the Duke also got the post of Viceroy of Naples, where he served from 1637 to 1644. After the death of Anna Carafa, she married a third time with Catalina&nbsp;<span>V\u00e9lez Ladr\u00f3n<\/span>&nbsp;de Guevara, the daughter of another Spanish aristocrat who held the office of viceroy of Naples, namely the Count of O\u00f1ate. His adulterous affair with the famous actress Mar\u00eda In\u00e9s Calder\u00f3n, known as <em>La Calderona<\/em>, also aroused suspicions about the real origins of Don John of Austria, the illegitimate son of Philip IV and the actress. In 1665, upon the death of Philip IV, Medina de las Torres suffered a serious political defeat, since he was not included in the regency council that was supposed to help the government of Queen Mariana de Austria until Charles II&#8217;s coming of age. (photo: <em>Palazzo Donn&#8217;Anna<\/em>, built by Cosimo Fanzago in honour of Anna Carafa, second wife of the Duke).<\/p>\n<p>Read more:<\/p>\n<ul>\n<li>\n<div style=\"text-align: justify\">R.A. Stradling,&nbsp;<em>A Spanish Statesman of Appeasement: Medina de las Torres and Spanish Policy, 1639-1670<\/em>, in \u00abHistorical Journal\u00bb, 19 (1976), pp.&nbsp;1-31<\/div>\n<\/li>\n<li>\n<div style=\"text-align: justify\">G. Galasso<em>, Storia del Regno di<\/em>&nbsp;Napoli, v. 3<em>, Il&nbsp;Mezzogiorno spagnolo e austriaco (1622-1734),<\/em>&nbsp;Torino 2006<em>.<\/em><\/div>\n<\/li>\n<\/ul><\/div>\n<p><\/p>\n","protected":false},"excerpt":{"rendered":"<p>Ramiro N\u00fa\u00f1ez de Guzm\u00e1n, Duke of Medina de las Torres Ramiro N\u00fa\u00f1ez de Guzm\u00e1n (1600-1668), second Duke of Medina de las Torres, was able to build a solid career in politics thanks to the support of the Count-Duke of Olivares, the favourite of King Philip&hellip;<\/p>\n","protected":false},"author":1,"featured_media":0,"parent":6346,"menu_order":0,"comment_status":"closed","ping_status":"closed","template":"","meta":{"footnotes":""},"class_list":["post-7182","page","type-page","status-publish","hentry"],"_links":{"self":[{"href":"https:\/\/digitalhistory.unite.it\/es\/wp-json\/wp\/v2\/pages\/7182","targetHints":{"allow":["GET"]}}],"collection":[{"href":"https:\/\/digitalhistory.unite.it\/es\/wp-json\/wp\/v2\/pages"}],"about":[{"href":"https:\/\/digitalhistory.unite.it\/es\/wp-json\/wp\/v2\/types\/page"}],"author":[{"embeddable":true,"href":"https:\/\/digitalhistory.unite.it\/es\/wp-json\/wp\/v2\/users\/1"}],"replies":[{"embeddable":true,"href":"https:\/\/digitalhistory.unite.it\/es\/wp-json\/wp\/v2\/comments?post=7182"}],"version-history":[{"count":3,"href":"https:\/\/digitalhistory.unite.it\/es\/wp-json\/wp\/v2\/pages\/7182\/revisions"}],"predecessor-version":[{"id":11098,"href":"https:\/\/digitalhistory.unite.it\/es\/wp-json\/wp\/v2\/pages\/7182\/revisions\/11098"}],"up":[{"embeddable":true,"href":"https:\/\/digitalhistory.unite.it\/es\/wp-json\/wp\/v2\/pages\/6346"}],"wp:attachment":[{"href":"https:\/\/digitalhistory.unite.it\/es\/wp-json\/wp\/v2\/media?parent=7182"}],"curies":[{"name":"wp","href":"https:\/\/api.w.org\/{rel}","templated":true}]}}