{"id":7422,"date":"2021-08-20T00:04:36","date_gmt":"2021-08-19T22:04:36","guid":{"rendered":"https:\/\/digitalhistory.unite.it\/lecce\/"},"modified":"2021-11-23T17:45:15","modified_gmt":"2021-11-23T16:45:15","slug":"lecce","status":"publish","type":"page","link":"https:\/\/digitalhistory.unite.it\/es\/territorios\/itinerarios-urbanos\/lecce\/","title":{"rendered":"Lecce, la ciudad s\u00edmbolo del Barroco"},"content":{"rendered":"<h1>Lecce, la ciudad s\u00edmbolo del Barroco <\/h1>\n<div class=\"testo\">\n<ul>\n<li style=\"text-align: justify\"><a href=\"\/es\/territorios\/itinerarios-urbanos\/lecce\/plaza-de-san-oronzo\/\" title=\"Plaza de San Oronzo\">Plaza de San Oronzo y el poder del obispo Luigi Pappacoda<\/a><\/li>\n<li style=\"text-align: justify\"><a href=\"\/es\/territorios\/itinerarios-urbanos\/lecce\/duomo\/\" title=\"Duomo\">El <em>Duomo<\/em> y la transformaci\u00f3n urban\u00edstica proyectada por Pappacoda<\/a><\/li>\n<li style=\"text-align: justify\"><a href=\"\/es\/territorios\/itinerarios-urbanos\/lecce\/zimbalo\/\" title=\"Zimbalo\">Giuseppe Zimbalo: Bas\u00edlica di Santa Croce, Palacio de los Celestinos, Iglesia del Rosario<\/a><\/li>\n<li style=\"text-align: justify\"><a href=\"\/es\/territorios\/itinerarios-urbanos\/lecce\/seminario\/\" title=\"Seminario\">El seminario y la ciudad despu\u00e9s de Pappacoda<\/a><\/li>\n<li style=\"text-align: justify\"><a href=\"\/es\/territorios\/itinerarios-urbanos\/lecce\/cino\/\" title=\"Cino\">Giuseppe Cino: Palacio de los Celestinos, Iglesia del Carmen, Iglesia de Santa Chiara<\/a><\/li>\n<li style=\"text-align: justify\"><a href=\"\/es\/territorios\/itinerarios-urbanos\/lecce\/otros-restos\/\" title=\"Otros restos\">Otros restos de la Lecce barroca<\/a><\/li>\n<\/ul><\/div>\n<p><\/p>\n","protected":false},"excerpt":{"rendered":"<p>Lecce, la ciudad s\u00edmbolo del Barroco Plaza de San Oronzo y el poder del obispo Luigi Pappacoda El Duomo y la transformaci\u00f3n urban\u00edstica proyectada por Pappacoda Giuseppe Zimbalo: Bas\u00edlica di Santa Croce, Palacio de los Celestinos, Iglesia del Rosario El seminario y la ciudad despu\u00e9s&hellip;<\/p>\n","protected":false},"author":1,"featured_media":0,"parent":5909,"menu_order":0,"comment_status":"closed","ping_status":"closed","template":"","meta":{"footnotes":""},"class_list":["post-7422","page","type-page","status-publish","hentry"],"_links":{"self":[{"href":"https:\/\/digitalhistory.unite.it\/es\/wp-json\/wp\/v2\/pages\/7422","targetHints":{"allow":["GET"]}}],"collection":[{"href":"https:\/\/digitalhistory.unite.it\/es\/wp-json\/wp\/v2\/pages"}],"about":[{"href":"https:\/\/digitalhistory.unite.it\/es\/wp-json\/wp\/v2\/types\/page"}],"author":[{"embeddable":true,"href":"https:\/\/digitalhistory.unite.it\/es\/wp-json\/wp\/v2\/users\/1"}],"replies":[{"embeddable":true,"href":"https:\/\/digitalhistory.unite.it\/es\/wp-json\/wp\/v2\/comments?post=7422"}],"version-history":[{"count":2,"href":"https:\/\/digitalhistory.unite.it\/es\/wp-json\/wp\/v2\/pages\/7422\/revisions"}],"predecessor-version":[{"id":12134,"href":"https:\/\/digitalhistory.unite.it\/es\/wp-json\/wp\/v2\/pages\/7422\/revisions\/12134"}],"up":[{"embeddable":true,"href":"https:\/\/digitalhistory.unite.it\/es\/wp-json\/wp\/v2\/pages\/5909"}],"wp:attachment":[{"href":"https:\/\/digitalhistory.unite.it\/es\/wp-json\/wp\/v2\/media?parent=7422"}],"curies":[{"name":"wp","href":"https:\/\/api.w.org\/{rel}","templated":true}]}}