{"id":7423,"date":"2021-08-20T00:04:36","date_gmt":"2021-08-19T22:04:36","guid":{"rendered":"https:\/\/digitalhistory.unite.it\/lecce\/"},"modified":"2021-11-23T17:45:16","modified_gmt":"2021-11-23T16:45:16","slug":"lecce","status":"publish","type":"page","link":"https:\/\/digitalhistory.unite.it\/es\/territorios\/itinerarios-urbanos\/lecce\/plaza-de-san-oronzo\/lecce\/","title":{"rendered":"Lecce"},"content":{"rendered":"<h1>Lecce <\/h1>\n<div class=\"testo\">\n<p style=\"text-align: justify\"><img loading=\"lazy\" decoding=\"async\" src=\"https:\/\/digitalhistory.unite.it\/wp-content\/uploads\/2021\/08\/lecce_generico_251x192.jpg\" width=\"251\" height=\"192\" alt=\"Lecce link\" align=\"left\">Seg\u00fan la leyenda, incluso antes de la guerra de Troya surg\u00eda una ciudad fundada por los Mesapios que se situaba en la entrada de otra ciudad, Rupiae, lugar de nacimiento del poeta, dramaturgo y escritor Quinto Ennio. Lo que es seguro es que los Romanos conquistaron en el siglo III a.C. una ciudad habitada por el pueblo de los Japigi que se latiniz\u00f3 con el nombre de <em>Lupiae<\/em>. \u00c9sta pas\u00f3 por un periodo de gran esplendor en la \u00e9poca imperial (especialmente durante el gobierno de Marco Aurelio), cuando el n\u00facleo de la ciudad se traslad\u00f3 a unas pocas millas al noreste, tomando el nombre de <em>Licea<\/em> o <em>Litium<\/em>, y fue conectada directamente al puerto Adriano. La ciudad fue evangelizada por el patricio Publio Oronzio, primer obispo y m\u00e1rtir y futuro patr\u00f3n de la ciudad. Saqueada por el rey ostrogodo Totila en el 542 y en el 549, Lecce qued\u00f3 bajo el control de diversos pueblos y dominaciones. Los Normandos la elevaron a condado (en Lecce naci\u00f3 Tancredi, \u00faltimo rey de la dinast\u00eda), y a \u00e9stos siguieron despu\u00e9s los Suevos, Angevinos y Aragoneses. Reflorecida como nudo comercial y centro cultural en el siglo XV, Lecce pas\u00f3 a formar parte, junto con todo el sur de Italia, de la monarqu\u00eda espa\u00f1ola. Al reinado de Carlos V se remontan la nueva cinta amurallada, el castillo (construido para proteger la ciudad de los ataques de piratas y turcos) y la actual Porta Napoli. En el siglo XVII, un momento de intensa construcci\u00f3n y renovaci\u00f3n urban\u00edstica, coincidiendo sobre todo con el episcopado de Luigi Pappacoda (1639-1670), dio a Lecce el estilo barroco que todav\u00eda hoy la distingue (en la foto: la Basilica de Santa Croce y el Palacio de los Celestinos).<\/p>\n<\/p><\/div>\n<p><\/p>\n","protected":false},"excerpt":{"rendered":"<p>Lecce Seg\u00fan la leyenda, incluso antes de la guerra de Troya surg\u00eda una ciudad fundada por los Mesapios que se situaba en la entrada de otra ciudad, Rupiae, lugar de nacimiento del poeta, dramaturgo y escritor Quinto Ennio. Lo que es seguro es que los&hellip;<\/p>\n","protected":false},"author":1,"featured_media":0,"parent":6628,"menu_order":0,"comment_status":"closed","ping_status":"closed","template":"","meta":{"footnotes":""},"class_list":["post-7423","page","type-page","status-publish","hentry"],"_links":{"self":[{"href":"https:\/\/digitalhistory.unite.it\/es\/wp-json\/wp\/v2\/pages\/7423","targetHints":{"allow":["GET"]}}],"collection":[{"href":"https:\/\/digitalhistory.unite.it\/es\/wp-json\/wp\/v2\/pages"}],"about":[{"href":"https:\/\/digitalhistory.unite.it\/es\/wp-json\/wp\/v2\/types\/page"}],"author":[{"embeddable":true,"href":"https:\/\/digitalhistory.unite.it\/es\/wp-json\/wp\/v2\/users\/1"}],"replies":[{"embeddable":true,"href":"https:\/\/digitalhistory.unite.it\/es\/wp-json\/wp\/v2\/comments?post=7423"}],"version-history":[{"count":2,"href":"https:\/\/digitalhistory.unite.it\/es\/wp-json\/wp\/v2\/pages\/7423\/revisions"}],"predecessor-version":[{"id":12148,"href":"https:\/\/digitalhistory.unite.it\/es\/wp-json\/wp\/v2\/pages\/7423\/revisions\/12148"}],"up":[{"embeddable":true,"href":"https:\/\/digitalhistory.unite.it\/es\/wp-json\/wp\/v2\/pages\/6628"}],"wp:attachment":[{"href":"https:\/\/digitalhistory.unite.it\/es\/wp-json\/wp\/v2\/media?parent=7423"}],"curies":[{"name":"wp","href":"https:\/\/api.w.org\/{rel}","templated":true}]}}