{"id":7424,"date":"2021-08-20T00:04:36","date_gmt":"2021-08-19T22:04:36","guid":{"rendered":"https:\/\/digitalhistory.unite.it\/ordenes-religiosas\/"},"modified":"2021-11-23T15:29:13","modified_gmt":"2021-11-23T14:29:13","slug":"ordenes-religiosas","status":"publish","type":"page","link":"https:\/\/digitalhistory.unite.it\/es\/territorios\/itinerarios-urbanos\/lecce\/plaza-de-san-oronzo\/ordenes-religiosas\/","title":{"rendered":"\u00d3rdenes religiosas"},"content":{"rendered":"<h1>\u00d3rdenes religiosas <\/h1>\n<div class=\"testo\">\n<p style=\"text-align: justify\">Despu\u00e9s del inicio de la Reforma Protestante (1517), surgieron nuevas \u00d3rdenes religiosas destinadas a convertirse, en los siglos posteriores, en instrumentos eficaces para la renovaci\u00f3n e impulso confesional de la Iglesia Cat\u00f3lica. Un papel especial jug\u00f3 la Congregaci\u00f3n de Cl\u00e9rigos Regulares, formada por sacerdotes que viv\u00edan de acuerdo a las reglas de la vida com\u00fan, pero que fueron liberados de las obligaciones de la vida mon\u00e1stica y se centraron en actuar de manera pr\u00e1ctica sobre la sociedad: los Barnabitas (1533), los Somascos (1540), la Compa\u00f1\u00eda de Jes\u00fas (1540), los Camilianos (1586), los Caracciolini o Cl\u00e9rigos Regulares Menores (1588), los Cl\u00e9rigos Regulares de la Madre de Dios (1595) y los Escolapios (1617). Asimismo, desde 1524, Gian Pietro Carafa (1476-1559) hab\u00eda establecido, con la ayuda de Gaetano da Thiene (1480-1547), la Orden de los Cl\u00e9rigos Regulares, despu\u00e9s llamados Teatinos seg\u00fan el nombre latino (Theate) de la sede episcopal (Chieti, la ciudad de Abruzzo) de Carafa. Los Cl\u00e9rigos Regulares se organizaban en \u00d3rdenes y Congregaciones con superiores diferentes, bajo el control directo de la Santa Sede, y una fuerte autonom\u00eda organizativa y operativa. Su campo de acci\u00f3n era diverso: de la predicaci\u00f3n a la educaci\u00f3n, de la asistencia a los enfermos a los estudios teol\u00f3gicos. Cada Orden regular se especializ\u00f3, por as\u00ed decirlo, en una o m\u00e1s \u00e1reas: por ejemplo, los Barnabitas en la educaci\u00f3n superior, los escolapios en la escuela elemental destinada a los m\u00e1s humildes, los Camilianos en el cuidado de los enfermos y moribundos. Las \u00d3rdenes regulares jugaron un papel crucial en el control de la vida religiosa y la reforma de las costumbres sociales, marcando profundamente a la sociedad de su tiempo.<\/p>\n<p style=\"text-align: justify\">Para leer m\u00e1s:<\/p>\n<ul>\n<li style=\"text-align: justify\">R. Po-Chia Hsia, <em>The World of Catholic Renewal, 1540-1770<\/em>, Cambridge 1998.<\/li>\n<li style=\"text-align: justify\"><em>Religione, conflittualit\u00e0 e cultura. Il clero regolare nell&#8217;Europa d&#8217;antico regime<\/em>, a cura di M.C. Giannini, in &#8220;Cheiron&#8221;, 43-44 (2005)<em>.<\/em><\/li>\n<\/ul><\/div>\n<p><\/p>\n","protected":false},"excerpt":{"rendered":"<p>\u00d3rdenes religiosas Despu\u00e9s del inicio de la Reforma Protestante (1517), surgieron nuevas \u00d3rdenes religiosas destinadas a convertirse, en los siglos posteriores, en instrumentos eficaces para la renovaci\u00f3n e impulso confesional de la Iglesia Cat\u00f3lica. Un papel especial jug\u00f3 la Congregaci\u00f3n de Cl\u00e9rigos Regulares, formada por&hellip;<\/p>\n","protected":false},"author":1,"featured_media":0,"parent":6628,"menu_order":0,"comment_status":"closed","ping_status":"closed","template":"","meta":{"footnotes":""},"class_list":["post-7424","page","type-page","status-publish","hentry"],"_links":{"self":[{"href":"https:\/\/digitalhistory.unite.it\/es\/wp-json\/wp\/v2\/pages\/7424","targetHints":{"allow":["GET"]}}],"collection":[{"href":"https:\/\/digitalhistory.unite.it\/es\/wp-json\/wp\/v2\/pages"}],"about":[{"href":"https:\/\/digitalhistory.unite.it\/es\/wp-json\/wp\/v2\/types\/page"}],"author":[{"embeddable":true,"href":"https:\/\/digitalhistory.unite.it\/es\/wp-json\/wp\/v2\/users\/1"}],"replies":[{"embeddable":true,"href":"https:\/\/digitalhistory.unite.it\/es\/wp-json\/wp\/v2\/comments?post=7424"}],"version-history":[{"count":2,"href":"https:\/\/digitalhistory.unite.it\/es\/wp-json\/wp\/v2\/pages\/7424\/revisions"}],"predecessor-version":[{"id":12149,"href":"https:\/\/digitalhistory.unite.it\/es\/wp-json\/wp\/v2\/pages\/7424\/revisions\/12149"}],"up":[{"embeddable":true,"href":"https:\/\/digitalhistory.unite.it\/es\/wp-json\/wp\/v2\/pages\/6628"}],"wp:attachment":[{"href":"https:\/\/digitalhistory.unite.it\/es\/wp-json\/wp\/v2\/media?parent=7424"}],"curies":[{"name":"wp","href":"https:\/\/api.w.org\/{rel}","templated":true}]}}