{"id":7425,"date":"2021-08-20T00:04:36","date_gmt":"2021-08-19T22:04:36","guid":{"rendered":"https:\/\/digitalhistory.unite.it\/el-concilio-de-trento\/"},"modified":"2021-11-23T15:29:12","modified_gmt":"2021-11-23T14:29:12","slug":"el-concilio-de-trento","status":"publish","type":"page","link":"https:\/\/digitalhistory.unite.it\/es\/territorios\/itinerarios-urbanos\/lecce\/plaza-de-san-oronzo\/el-concilio-de-trento\/","title":{"rendered":"El Concilio de Trento"},"content":{"rendered":"<h1>El Concilio de Trento <\/h1>\n<div class=\"testo\">\n<p style=\"text-align: justify\"><img loading=\"lazy\" decoding=\"async\" src=\"https:\/\/digitalhistory.unite.it\/wp-content\/uploads\/2021\/08\/council_of_trent_251x203.jpg\" width=\"251\" height=\"203\" alt=\"Concilio di Trento\" align=\"left\">El Concilio de Trento dio inicio el 13 de diciembre 1545 y fue convocado por el Papa Paulo III, como respuesta a la Reforma protestante, y a petici\u00f3n del emperador Habsburgo Carlos V (1500-1558), quien estaba ansioso por poner fin a los desacuerdos religiosos. La sede de Trento fue elegida por su ubicaci\u00f3n estrat\u00e9gica, que favorec\u00eda tanto a las necesidades papales como a las imperiales: se trataba, de hecho, de una ciudad del Sacro Imperio Romano, por lo que culturalmente y geogr\u00e1ficamente se hallaba cerca de los lugares donde el protestantismo se estaba extendiendo, sin embargo no formaba parte del territorio alem\u00e1n y, adem\u00e1s, estaba gobernada por un pr\u00edncipe-obispo. El Consejo se llev\u00f3 a cabo en tres fases diversas, con varias interrupciones, con una sesi\u00f3n intermedia que se movi\u00f3 de Trento a Bolonia (1547-1549) y bajo la autoridad de cuatro Papas sucesivos: Paulo III, Julio III, Paulo IV y P\u00edo IV, clausur\u00e1ndose en 1563. En total, las sesiones de trabajo del Concilio duraron cuatro a\u00f1os. Fue una asamblea exclusivamente cat\u00f3lica, que trabaj\u00f3 para reafirmar la autoridad \u00fanica de la Iglesia de Roma, para contrarrestar el avance del protestantismo y comenzar una reacci\u00f3n ideal, religiosa, pol\u00edtica y hasta militar, llamado por los historiadores como Contrarreforma (o, en su defecto, Reforma Cat\u00f3lica, por aquellos que enfatizan los aspectos positivos). Una vez acabado el Concilio, el Papa P\u00edo IV aprob\u00f3 los decretos y promulg\u00f3 la nueva confesi\u00f3n de fe tridentina (1564). La aplicaci\u00f3n de las nuevas normas condujo a una profunda reestructuraci\u00f3n de la Iglesia, llamando a sus miembros a trabajar en una especie de nueva evangelizaci\u00f3n de la sociedad. Los obispos, por ejemplo, fueron los encargados de llevar a cabo las visitas pastorales de manera peri\u00f3dica en sus respectivas di\u00f3cesis para verificar las condiciones morales y materiales de los fieles y para promover la aplicaci\u00f3n de los decretos. En asuntos teol\u00f3gicos, el Concilio reafirm\u00f3 los principios rebatidos por los protestantes: el valor de la tradici\u00f3n eclesi\u00e1stica, la mediaci\u00f3n del clero y de la Iglesia en la relaci\u00f3n de los fieles con la palabra divina y la presencia mediadora de la Iglesia terrenal y de los santos, as\u00ed como las buenas obras para conseguir la salvaci\u00f3n, la validez de los siete sacramentos.<\/p>\n<p>  Para leer m\u00e1s:<\/p>\n<ul>\n<li>\n<div style=\"text-align: justify\">H. Jedin, <em>Geschichte des Konzils von Trient<\/em>, 5 vv., Freiburg 1957-1977.<\/div>\n<\/li>\n<li>\n<div style=\"text-align: justify\">P. Prodi, W. Reinhard (a cura di), <em>Il Concilio di Trento e il moderno<\/em>, Bologna 1996.<\/div>\n<\/li>\n<li>\n<div style=\"text-align: justify\">A. Prosperi, <em>Il Concilio di Trento. Una introduzione storica<\/em>, Torino 2001.<\/div>\n<\/li>\n<\/ul><\/div>\n<p><\/p>\n","protected":false},"excerpt":{"rendered":"<p>El Concilio de Trento El Concilio de Trento dio inicio el 13 de diciembre 1545 y fue convocado por el Papa Paulo III, como respuesta a la Reforma protestante, y a petici\u00f3n del emperador Habsburgo Carlos V (1500-1558), quien estaba ansioso por poner fin a&hellip;<\/p>\n","protected":false},"author":1,"featured_media":0,"parent":6628,"menu_order":0,"comment_status":"closed","ping_status":"closed","template":"","meta":{"footnotes":""},"class_list":["post-7425","page","type-page","status-publish","hentry"],"_links":{"self":[{"href":"https:\/\/digitalhistory.unite.it\/es\/wp-json\/wp\/v2\/pages\/7425","targetHints":{"allow":["GET"]}}],"collection":[{"href":"https:\/\/digitalhistory.unite.it\/es\/wp-json\/wp\/v2\/pages"}],"about":[{"href":"https:\/\/digitalhistory.unite.it\/es\/wp-json\/wp\/v2\/types\/page"}],"author":[{"embeddable":true,"href":"https:\/\/digitalhistory.unite.it\/es\/wp-json\/wp\/v2\/users\/1"}],"replies":[{"embeddable":true,"href":"https:\/\/digitalhistory.unite.it\/es\/wp-json\/wp\/v2\/comments?post=7425"}],"version-history":[{"count":2,"href":"https:\/\/digitalhistory.unite.it\/es\/wp-json\/wp\/v2\/pages\/7425\/revisions"}],"predecessor-version":[{"id":12147,"href":"https:\/\/digitalhistory.unite.it\/es\/wp-json\/wp\/v2\/pages\/7425\/revisions\/12147"}],"up":[{"embeddable":true,"href":"https:\/\/digitalhistory.unite.it\/es\/wp-json\/wp\/v2\/pages\/6628"}],"wp:attachment":[{"href":"https:\/\/digitalhistory.unite.it\/es\/wp-json\/wp\/v2\/media?parent=7425"}],"curies":[{"name":"wp","href":"https:\/\/api.w.org\/{rel}","templated":true}]}}