{"id":7427,"date":"2021-08-20T00:04:36","date_gmt":"2021-08-19T22:04:36","guid":{"rendered":"https:\/\/digitalhistory.unite.it\/teatinos\/"},"modified":"2021-11-23T15:29:13","modified_gmt":"2021-11-23T14:29:13","slug":"teatinos","status":"publish","type":"page","link":"https:\/\/digitalhistory.unite.it\/es\/territorios\/itinerarios-urbanos\/lecce\/plaza-de-san-oronzo\/teatinos\/","title":{"rendered":"Teatinos"},"content":{"rendered":"<h1>Teatinos <\/h1>\n<div class=\"testo\">\n<p style=\"text-align: justify\">Los Cl\u00e9rigos Regulares Teatinos son una Orden religiosa fundada en la Bas\u00edlica de San Pedro en el Vaticano, en Roma, el 14 de septiembre de 1524. Se llaman as\u00ed por el antiguo nombre (Theate) de la ciudad de Chieti, de quien en su momento era obispo uno de los fundadores de la Orden, Gian Pietro Carafa (1476-1559). El otro fundador era Gaetano de Thiene (1480-1547), quien tambi\u00e9n proven\u00eda, como Carafa, del Oratorio del Amor Divino y, posteriormente, fue proclamado santo por el Papa Clemente X. La Orden fue una expresi\u00f3n del deseo de renovaci\u00f3n de la vida eclesi\u00e1stica expresada por el mundo cat\u00f3lico, incluso antes del Concilio de Trento (1545-1563). Se expandi\u00f3 r\u00e1pidamente en la pen\u00ednsula italiana durante el siglo XVI, alcanzando gran poder cuando Carafa fue elegido Papa con el nombre de Pablo IV. En el siglo XVII los Teatinos tambi\u00e9n se asentaron fuera de Italia, por ejemplo, en Madrid, Barcelona, Par\u00eds, Lisboa, Munich, Praga y Viena. Dedicados a la actividad misionera en el este de Europa y el Lejano Oriente, los Teatinos, como otras \u00d3rdenes, conocieron un per\u00edodo de fuerte crisis a finales del siglo XVIII, hasta su renacimiento puesto en marcha por el Papa P\u00edo X a principios del siglo XX.<\/p>\n<\/p><\/div>\n<p><\/p>\n","protected":false},"excerpt":{"rendered":"<p>Teatinos Los Cl\u00e9rigos Regulares Teatinos son una Orden religiosa fundada en la Bas\u00edlica de San Pedro en el Vaticano, en Roma, el 14 de septiembre de 1524. Se llaman as\u00ed por el antiguo nombre (Theate) de la ciudad de Chieti, de quien en su momento&hellip;<\/p>\n","protected":false},"author":1,"featured_media":0,"parent":6628,"menu_order":0,"comment_status":"closed","ping_status":"closed","template":"","meta":{"footnotes":""},"class_list":["post-7427","page","type-page","status-publish","hentry"],"_links":{"self":[{"href":"https:\/\/digitalhistory.unite.it\/es\/wp-json\/wp\/v2\/pages\/7427","targetHints":{"allow":["GET"]}}],"collection":[{"href":"https:\/\/digitalhistory.unite.it\/es\/wp-json\/wp\/v2\/pages"}],"about":[{"href":"https:\/\/digitalhistory.unite.it\/es\/wp-json\/wp\/v2\/types\/page"}],"author":[{"embeddable":true,"href":"https:\/\/digitalhistory.unite.it\/es\/wp-json\/wp\/v2\/users\/1"}],"replies":[{"embeddable":true,"href":"https:\/\/digitalhistory.unite.it\/es\/wp-json\/wp\/v2\/comments?post=7427"}],"version-history":[{"count":2,"href":"https:\/\/digitalhistory.unite.it\/es\/wp-json\/wp\/v2\/pages\/7427\/revisions"}],"predecessor-version":[{"id":12150,"href":"https:\/\/digitalhistory.unite.it\/es\/wp-json\/wp\/v2\/pages\/7427\/revisions\/12150"}],"up":[{"embeddable":true,"href":"https:\/\/digitalhistory.unite.it\/es\/wp-json\/wp\/v2\/pages\/6628"}],"wp:attachment":[{"href":"https:\/\/digitalhistory.unite.it\/es\/wp-json\/wp\/v2\/media?parent=7427"}],"curies":[{"name":"wp","href":"https:\/\/api.w.org\/{rel}","templated":true}]}}