{"id":7428,"date":"2021-08-20T00:04:36","date_gmt":"2021-08-19T22:04:36","guid":{"rendered":"https:\/\/digitalhistory.unite.it\/brindisi\/"},"modified":"2021-11-23T17:45:16","modified_gmt":"2021-11-23T16:45:16","slug":"brindisi","status":"publish","type":"page","link":"https:\/\/digitalhistory.unite.it\/es\/territorios\/itinerarios-urbanos\/lecce\/plaza-de-san-oronzo\/brindisi\/","title":{"rendered":"Brindisi"},"content":{"rendered":"<h1>Brindisi <\/h1>\n<div class=\"testo\">\n<p style=\"text-align: justify\"><img loading=\"lazy\" decoding=\"async\" src=\"https:\/\/digitalhistory.unite.it\/wp-content\/uploads\/2021\/08\/brindisi_341x142.jpg\" width=\"341\" height=\"142\" alt=\"Brindisi\" align=\"left\">De origen antiguo, Brindisi fue fundada por el pueblo de los Mesapios, que colonizaron parte de la Apulia en el siglo VIII a. C. Despu\u00e9s de la conquista romana, la ciudad adquiri\u00f3 una importancia vital, gracias a su puerto, como una v\u00eda para la conquista de los Balcanes y Grecia, y como centro neur\u00e1lgico para el comercio con el Mediterr\u00e1neo Oriental. Conectada directamente con Roma por la Via Appia en el siglo II a. C., Brindisi fue escenario de muchos acontecimientos significativos de la historia de Roma, como el asedio de Julio C\u00e9sar durante la Guerra Civil o de la reconciliaci\u00f3n entre Octavio y Marco Antonio. Con la ca\u00edda del Imperio Romano comenz\u00f3 un largo per\u00edodo de declive. En la Edad Media, la recuperaci\u00f3n de la ciudad estuvo, una vez m\u00e1s, ligada a su puerto: desde Brindisi, de hecho, zarpaban peregrinos y cruzados directos hacia Tierra Santa, y entre ellos tambi\u00e9n estaba el emperador Federico II de Suabia, que por la ciudad de Brindisi tuvo una aut\u00e9ntica predilecci\u00f3n. En la Edad moderna la ciudad se sumi\u00f3 en una grave crisis econ\u00f3mica y demogr\u00e1fica, fiel reflejo de la p\u00e9rdida de importancia de su puerto. En 1656 la poblaci\u00f3n tambi\u00e9n fue diezmada por una terrible epidemia de peste.<\/p>\n<\/p><\/div>\n<p><\/p>\n","protected":false},"excerpt":{"rendered":"<p>Brindisi De origen antiguo, Brindisi fue fundada por el pueblo de los Mesapios, que colonizaron parte de la Apulia en el siglo VIII a. C. Despu\u00e9s de la conquista romana, la ciudad adquiri\u00f3 una importancia vital, gracias a su puerto, como una v\u00eda para la&hellip;<\/p>\n","protected":false},"author":1,"featured_media":0,"parent":6628,"menu_order":0,"comment_status":"closed","ping_status":"closed","template":"","meta":{"footnotes":""},"class_list":["post-7428","page","type-page","status-publish","hentry"],"_links":{"self":[{"href":"https:\/\/digitalhistory.unite.it\/es\/wp-json\/wp\/v2\/pages\/7428","targetHints":{"allow":["GET"]}}],"collection":[{"href":"https:\/\/digitalhistory.unite.it\/es\/wp-json\/wp\/v2\/pages"}],"about":[{"href":"https:\/\/digitalhistory.unite.it\/es\/wp-json\/wp\/v2\/types\/page"}],"author":[{"embeddable":true,"href":"https:\/\/digitalhistory.unite.it\/es\/wp-json\/wp\/v2\/users\/1"}],"replies":[{"embeddable":true,"href":"https:\/\/digitalhistory.unite.it\/es\/wp-json\/wp\/v2\/comments?post=7428"}],"version-history":[{"count":2,"href":"https:\/\/digitalhistory.unite.it\/es\/wp-json\/wp\/v2\/pages\/7428\/revisions"}],"predecessor-version":[{"id":12146,"href":"https:\/\/digitalhistory.unite.it\/es\/wp-json\/wp\/v2\/pages\/7428\/revisions\/12146"}],"up":[{"embeddable":true,"href":"https:\/\/digitalhistory.unite.it\/es\/wp-json\/wp\/v2\/pages\/6628"}],"wp:attachment":[{"href":"https:\/\/digitalhistory.unite.it\/es\/wp-json\/wp\/v2\/media?parent=7428"}],"curies":[{"name":"wp","href":"https:\/\/api.w.org\/{rel}","templated":true}]}}