{"id":7429,"date":"2021-08-20T00:04:36","date_gmt":"2021-08-19T22:04:36","guid":{"rendered":"https:\/\/digitalhistory.unite.it\/indice-de-libros-prohibidos\/"},"modified":"2021-11-23T17:45:15","modified_gmt":"2021-11-23T16:45:15","slug":"indice-de-libros-prohibidos","status":"publish","type":"page","link":"https:\/\/digitalhistory.unite.it\/es\/territorios\/itinerarios-urbanos\/lecce\/duomo\/indice-de-libros-prohibidos\/","title":{"rendered":"\u00cdndice de Libros Prohibidos"},"content":{"rendered":"<h1>\u00cdndice de Libros Prohibidos <\/h1>\n<div class=\"testo\">\n<p style=\"text-align: justify\">Como reacci\u00f3n a la difusi\u00f3n de la doctrina protestante, la Iglesia Cat\u00f3lica se arm\u00f3, durante el siglo XVI, de una serie de instrumentos de represi\u00f3n y control. De ellos, el <em>\u00cdndice de Libros Prohibidos<\/em> ocup\u00f3 un lugar preeminente. El primero de \u00e9stos fue publicado por el Papa Pablo IV (1476-1559) en 1559, y consisti\u00f3 en una lista de obras impresas que no s\u00f3lo tuvieron que prohibir su difusi\u00f3n en los centros de ense\u00f1anza, sino que, el s\u00f3lo hecho de poseerlos estaba vetado a los fieles y constitu\u00eda una se\u00f1al de seguir alguna tendencia her\u00e9tica. De esta manera fueron prohibidas las obras de los escritores no cat\u00f3licos, las traducciones de la Biblia a las lenguas vulgares, toda la producci\u00f3n de algunas imprentas, las obras completas de autores singulares como Luciano de Samosata, Guillermo de Ockham o Nicol\u00e1s Maquiavelo, y determinados textos como el&nbsp;<em>De Monarchia<\/em> de Dante o el <em>Decamer\u00f3n<\/em> de Boccaccio. Despu\u00e9s de la versi\u00f3n de 1559, el <em>\u00cdndice<\/em> se actualizaba regularmente durante los a\u00f1os siguientes, a partir de la segunda edici\u00f3n de 1564. Para tales actualizaciones, nada sencillas dada la cantidad de publicaciones impresas, se fund\u00f3 la correspondiente Congregaci\u00f3n cardenalicia del \u00cdndice, en 1572.<\/p>\n<p style=\"margin-bottom: 0pt\">Para leer m\u00e1s:<\/p>\n<ul>\n<li style=\"text-align: justify\">M. Infelise, <em>I libri proibiti. Da Gutenberg all&#8217;Encyclopedie<\/em>, Roma 1999.<\/li>\n<li style=\"text-align: justify\">P. Burke, <em>A social history of knowledge. From Gutenberg to Diderot<\/em>, Cambridge 2000.<\/li>\n<li style=\"text-align: justify\"><em>La Congregazione dell&#8217;Indice e la cultura italiana in et\u00e0 moderna<\/em>, a cura di V. Frajese, Roma 2012.<\/li>\n<\/ul><\/div>\n<p><\/p>\n","protected":false},"excerpt":{"rendered":"<p>\u00cdndice de Libros Prohibidos Como reacci\u00f3n a la difusi\u00f3n de la doctrina protestante, la Iglesia Cat\u00f3lica se arm\u00f3, durante el siglo XVI, de una serie de instrumentos de represi\u00f3n y control. De ellos, el \u00cdndice de Libros Prohibidos ocup\u00f3 un lugar preeminente. El primero de&hellip;<\/p>\n","protected":false},"author":1,"featured_media":0,"parent":6629,"menu_order":0,"comment_status":"closed","ping_status":"closed","template":"","meta":{"footnotes":""},"class_list":["post-7429","page","type-page","status-publish","hentry"],"_links":{"self":[{"href":"https:\/\/digitalhistory.unite.it\/es\/wp-json\/wp\/v2\/pages\/7429","targetHints":{"allow":["GET"]}}],"collection":[{"href":"https:\/\/digitalhistory.unite.it\/es\/wp-json\/wp\/v2\/pages"}],"about":[{"href":"https:\/\/digitalhistory.unite.it\/es\/wp-json\/wp\/v2\/types\/page"}],"author":[{"embeddable":true,"href":"https:\/\/digitalhistory.unite.it\/es\/wp-json\/wp\/v2\/users\/1"}],"replies":[{"embeddable":true,"href":"https:\/\/digitalhistory.unite.it\/es\/wp-json\/wp\/v2\/comments?post=7429"}],"version-history":[{"count":2,"href":"https:\/\/digitalhistory.unite.it\/es\/wp-json\/wp\/v2\/pages\/7429\/revisions"}],"predecessor-version":[{"id":12136,"href":"https:\/\/digitalhistory.unite.it\/es\/wp-json\/wp\/v2\/pages\/7429\/revisions\/12136"}],"up":[{"embeddable":true,"href":"https:\/\/digitalhistory.unite.it\/es\/wp-json\/wp\/v2\/pages\/6629"}],"wp:attachment":[{"href":"https:\/\/digitalhistory.unite.it\/es\/wp-json\/wp\/v2\/media?parent=7429"}],"curies":[{"name":"wp","href":"https:\/\/api.w.org\/{rel}","templated":true}]}}