{"id":7430,"date":"2021-08-20T00:04:36","date_gmt":"2021-08-19T22:04:36","guid":{"rendered":"https:\/\/digitalhistory.unite.it\/dominicos\/"},"modified":"2021-11-23T15:29:12","modified_gmt":"2021-11-23T14:29:12","slug":"dominicos","status":"publish","type":"page","link":"https:\/\/digitalhistory.unite.it\/es\/territorios\/itinerarios-urbanos\/lecce\/zimbalo\/dominicos\/","title":{"rendered":"Dominicos"},"content":{"rendered":"<h1>Dominicos <\/h1>\n<div class=\"testo\">\n<p style=\"text-align: justify\">La Orden de los Predicadores es una Orden mendicante nacida en Liguadoca (actual sur-oeste de Francia) en el siglo XIII. Sus miembros son conocidos com\u00fanmente como Dominicos en honor a su fundador, el espa\u00f1ol Domingo de Guzm\u00e1n. El objetivo original y principal de la Orden era combatir la propagaci\u00f3n de la herej\u00eda c\u00e1tara y promover el retorno a la espiritualidad y a la forma de vida de la Iglesia primitiva, de una manera no muy diferente a lo que propon\u00eda la Orden Franciscana fundada, por esos mismos a\u00f1os, por San Francisco de As\u00eds. A la obligaci\u00f3n de la pobreza y la mendicidad de los Dominicos se a\u00f1ad\u00eda la necesidad de una s\u00f3lida preparaci\u00f3n cultural para sus actividades de predicaci\u00f3n y lucha contra la herej\u00eda. No es casual, por tanto, que los conventos dominicos se impusieron como grandes centros de estudios b\u00edblicos y teol\u00f3gicos y que algunos de los m\u00e1s grandes pensadores de la \u00faltima fase de la Edad Media, como Tom\u00e1s de Aquino, eran miembros de esta Orden. Durante la Edad Moderna, los Dominicos continuaron desempe\u00f1ando un papel de liderazgo en la predicaci\u00f3n, la ense\u00f1anza y la actividad misionera, a pesar del creciente n\u00famero de \u00d3rdenes fundadas despu\u00e9s de la propagaci\u00f3n de las doctrinas luteranas.<\/p>\n<\/p><\/div>\n<p><\/p>\n","protected":false},"excerpt":{"rendered":"<p>Dominicos La Orden de los Predicadores es una Orden mendicante nacida en Liguadoca (actual sur-oeste de Francia) en el siglo XIII. Sus miembros son conocidos com\u00fanmente como Dominicos en honor a su fundador, el espa\u00f1ol Domingo de Guzm\u00e1n. El objetivo original y principal de la&hellip;<\/p>\n","protected":false},"author":1,"featured_media":0,"parent":6630,"menu_order":0,"comment_status":"closed","ping_status":"closed","template":"","meta":{"footnotes":""},"class_list":["post-7430","page","type-page","status-publish","hentry"],"_links":{"self":[{"href":"https:\/\/digitalhistory.unite.it\/es\/wp-json\/wp\/v2\/pages\/7430","targetHints":{"allow":["GET"]}}],"collection":[{"href":"https:\/\/digitalhistory.unite.it\/es\/wp-json\/wp\/v2\/pages"}],"about":[{"href":"https:\/\/digitalhistory.unite.it\/es\/wp-json\/wp\/v2\/types\/page"}],"author":[{"embeddable":true,"href":"https:\/\/digitalhistory.unite.it\/es\/wp-json\/wp\/v2\/users\/1"}],"replies":[{"embeddable":true,"href":"https:\/\/digitalhistory.unite.it\/es\/wp-json\/wp\/v2\/comments?post=7430"}],"version-history":[{"count":2,"href":"https:\/\/digitalhistory.unite.it\/es\/wp-json\/wp\/v2\/pages\/7430\/revisions"}],"predecessor-version":[{"id":12143,"href":"https:\/\/digitalhistory.unite.it\/es\/wp-json\/wp\/v2\/pages\/7430\/revisions\/12143"}],"up":[{"embeddable":true,"href":"https:\/\/digitalhistory.unite.it\/es\/wp-json\/wp\/v2\/pages\/6630"}],"wp:attachment":[{"href":"https:\/\/digitalhistory.unite.it\/es\/wp-json\/wp\/v2\/media?parent=7430"}],"curies":[{"name":"wp","href":"https:\/\/api.w.org\/{rel}","templated":true}]}}