{"id":7431,"date":"2021-08-20T00:04:36","date_gmt":"2021-08-19T22:04:36","guid":{"rendered":"https:\/\/digitalhistory.unite.it\/inocencio-xii\/"},"modified":"2021-11-23T15:29:12","modified_gmt":"2021-11-23T14:29:12","slug":"inocencio-xii","status":"publish","type":"page","link":"https:\/\/digitalhistory.unite.it\/es\/territorios\/itinerarios-urbanos\/lecce\/seminario\/inocencio-xii\/","title":{"rendered":"Inocencio XII"},"content":{"rendered":"<h1>Inocencio XII <\/h1>\n<div class=\"testo\">\n<p style=\"text-align: justify\"><img loading=\"lazy\" decoding=\"async\" src=\"https:\/\/digitalhistory.unite.it\/wp-content\/uploads\/2021\/08\/innocenzo_xii_225x284.jpg\" width=\"225\" height=\"284\" alt=\"Innocenzo XII\" align=\"left\">Antonio Pignatelli (1615-1700) naci\u00f3 en Spinazzola, en la Apulia, del linaje del Marqu\u00e9s de Spinazzola. Formado en el colegio de los Jesuitas en Roma, entr\u00f3 en la corte romana durante el pontificado de Urbano VIII (1623-1644). Bajo pontificados posteriores ejerci\u00f3 numerosos cargos fuera de Roma, entre los que destacaban los de gobernador de Perugia y Viterbo, inquisidor de Malta, nuncio apost\u00f3lico en Florencia, Polonia y Viena. Puesto al frente de la di\u00f3cesis de Lecce en 1671, fue nombrado cardenal en 1681 y, primero, arzobispo de Faenza, y luego, desde 1687, de N\u00e1poles. A la muerte de Alejandro VIII, en 1691, el C\u00f3nclave le eligi\u00f3 Pont\u00edfice con el nombre de Inocencio XII. Como Papa, luch\u00f3 con vigor la pr\u00e1ctica del nepotismo y reiter\u00f3 la condena del jansenismo y el quietismo. Tambi\u00e9n cre\u00f3 en 1694 la Congregaci\u00f3n para la disciplina y la reforma de las \u00d3rdenes regulares. En su honor se erigi\u00f3, despu\u00e9s de su muerte, una tumba en la bas\u00edlica de San Pedro en el Vaticano.<\/p>\n<\/p><\/div>\n<p><\/p>\n","protected":false},"excerpt":{"rendered":"<p>Inocencio XII Antonio Pignatelli (1615-1700) naci\u00f3 en Spinazzola, en la Apulia, del linaje del Marqu\u00e9s de Spinazzola. Formado en el colegio de los Jesuitas en Roma, entr\u00f3 en la corte romana durante el pontificado de Urbano VIII (1623-1644). Bajo pontificados posteriores ejerci\u00f3 numerosos cargos fuera&hellip;<\/p>\n","protected":false},"author":1,"featured_media":0,"parent":6631,"menu_order":0,"comment_status":"closed","ping_status":"closed","template":"","meta":{"footnotes":""},"class_list":["post-7431","page","type-page","status-publish","hentry"],"_links":{"self":[{"href":"https:\/\/digitalhistory.unite.it\/es\/wp-json\/wp\/v2\/pages\/7431","targetHints":{"allow":["GET"]}}],"collection":[{"href":"https:\/\/digitalhistory.unite.it\/es\/wp-json\/wp\/v2\/pages"}],"about":[{"href":"https:\/\/digitalhistory.unite.it\/es\/wp-json\/wp\/v2\/types\/page"}],"author":[{"embeddable":true,"href":"https:\/\/digitalhistory.unite.it\/es\/wp-json\/wp\/v2\/users\/1"}],"replies":[{"embeddable":true,"href":"https:\/\/digitalhistory.unite.it\/es\/wp-json\/wp\/v2\/comments?post=7431"}],"version-history":[{"count":2,"href":"https:\/\/digitalhistory.unite.it\/es\/wp-json\/wp\/v2\/pages\/7431\/revisions"}],"predecessor-version":[{"id":12138,"href":"https:\/\/digitalhistory.unite.it\/es\/wp-json\/wp\/v2\/pages\/7431\/revisions\/12138"}],"up":[{"embeddable":true,"href":"https:\/\/digitalhistory.unite.it\/es\/wp-json\/wp\/v2\/pages\/6631"}],"wp:attachment":[{"href":"https:\/\/digitalhistory.unite.it\/es\/wp-json\/wp\/v2\/media?parent=7431"}],"curies":[{"name":"wp","href":"https:\/\/api.w.org\/{rel}","templated":true}]}}