{"id":7432,"date":"2021-08-20T00:04:36","date_gmt":"2021-08-19T22:04:36","guid":{"rendered":"https:\/\/digitalhistory.unite.it\/la-compania-de-jesus\/"},"modified":"2021-11-23T15:29:12","modified_gmt":"2021-11-23T14:29:12","slug":"la-compania-de-jesus","status":"publish","type":"page","link":"https:\/\/digitalhistory.unite.it\/es\/territorios\/itinerarios-urbanos\/lecce\/seminario\/la-compania-de-jesus\/","title":{"rendered":"La Compa\u00f1\u00eda de Jes\u00fas"},"content":{"rendered":"<h1>La Compa\u00f1\u00eda de Jes\u00fas <\/h1>\n<div class=\"testo\">\n<p style=\"text-align: justify\"><img loading=\"lazy\" decoding=\"async\" src=\"https:\/\/digitalhistory.unite.it\/wp-content\/uploads\/2021\/08\/chiesa_del_gesu_250x167.jpg\" width=\"250\" height=\"167\" alt=\"Chiesa del Ges\u00f9\" align=\"left\">La Compa\u00f1\u00eda de Jes\u00fas es la m\u00e1s importante de las congregaciones de cl\u00e9rigos regulares fundada en el seno dela Iglesia cat\u00f3lica durante el siglo XVI, en respuesta a la Reforma protestante. Su fundador, Ignacio de Loyola (1491-1556), canonizado en 1622, recibi\u00f3 la aprobaci\u00f3n pontificia de la nueva Orden en 1540. Adem\u00e1s de los tres votos ordinarios (pobreza, castidad, obediencia), los miembros dela Compa\u00f1\u00eda, llamados Jesuitas, estaban obligados a pronunciar un voto de obediencia directa al Pont\u00edfice, que les compromet\u00eda a desarrollar su trabajo donde quisiera el Papa que fueran enviados. La Orden ten\u00eda una estructura fuertemente jerarquizada, dirigida por un General (el primer General de la Orden fue Ignacio de Loyola), cuyos miembros se distingu\u00edan por un alto nivel de preparaci\u00f3n cultural. Pronto se convirti\u00f3 en una Orden muy potente e influyente, convertida en un instrumento importante de la acci\u00f3n contrarreformista puesta en marcha por la Iglesia Cat\u00f3lica entre los siglos XVI y XVII. Los Jesuitas privilegiaban la actividad educativa y misionera, dirigi\u00e9ndose tanto a las \u00e9lites como a las masas rurales, adapt\u00e1ndose en cada momento a los hombres y culturas a las que dirig\u00edan su apostolado. Muchas fueron las misiones en Am\u00e9rica Latina y Extremo Oriente, mientras que una especie de nueva evangelizaci\u00f3n se practicaba entre las poblaciones rurales de Europa. La ense\u00f1anza, sin embargo, se practicaba en los colegios de acuerdo con el m\u00e9todo de la <em>Ratio Studiorum<\/em> (Plan de estudios), que era la base de un conjunto de reglas escolares y pedag\u00f3gicas que prescrib\u00edan las obligaciones de los dedicados a la educaci\u00f3n; los programas y los m\u00e9todos que se deb\u00edan adoptar. Aprendizaje gradual, distinciones en clases, repeticiones y ejercitaciones regulares, as\u00ed como concursos y disputas entre los estudiantes, representan los puntos cardinales de la ense\u00f1anza jesu\u00edtica. Adem\u00e1s de la educaci\u00f3n cl\u00e1sica, los Jesuitas tambi\u00e9n impart\u00edan una serie de disciplinas (esgrima, m\u00fasica, danza, idiomas, arquitectura militar) que preparaba a los estudiantes para la vida de la corte y las pr\u00e1cticas de gobierno. Los Jesuitas, a trav\u00e9s de una red de colegios, llegaron a monopolizar la educaci\u00f3n de las clases dirigentes europeas, de pr\u00edncipes y arist\u00f3cratas, fortaleciendo la lealtad al catolicismo y al ideal mon\u00e1rquico. No s\u00f3lo eso. Consiguieron incluso restaurar la primac\u00eda cat\u00f3lica en algunos pa\u00edses que se hab\u00edan pasado a la Reforma. Durante el siglo XVIII la Compa\u00f1\u00eda de Jes\u00fas fue duramente criticada por su influencia desorbitada en la Iglesia Cat\u00f3lica, as\u00ed como en la pol\u00edtica y en la sociedad, hasta el punto de que sus miembros fueron expulsados de muchas cortes europeas. El Papa Clemente XIV decidi\u00f3 disolver formalmente la Orden en 1773. S\u00f3lo en 1814 la Compa\u00f1\u00eda volvi\u00f3 a ser restablecida por P\u00edo VII.<\/p>\n<p style=\"text-align: justify\">Para leer m\u00e1s:<\/p>\n<ul>\n<li>J.W. O&#8217;Malley, <em>The first Jesuits<\/em>, Harvard University 1993.<\/li>\n<li style=\"text-align: justify\">R. Bireley, <em>The Jesuits and the Thirty Years War. Kings, courts and confessors<\/em>, Cambridge 2003.<\/li>\n<li style=\"text-align: justify\">J. Mart\u00ednez Mill\u00e1n, H. Pizarro Llorente, E. Jim\u00e9nez Pablo (a cura di), <em>Los Jesuitas. Religi\u00f3n, pol\u00edtica y educaci\u00f3n (siglos XVI-XVIII)<\/em>, 3 voll.,&nbsp;Madrid 2012.<\/li>\n<\/ul><\/div>\n<p><\/p>\n","protected":false},"excerpt":{"rendered":"<p>La Compa\u00f1\u00eda de Jes\u00fas La Compa\u00f1\u00eda de Jes\u00fas es la m\u00e1s importante de las congregaciones de cl\u00e9rigos regulares fundada en el seno dela Iglesia cat\u00f3lica durante el siglo XVI, en respuesta a la Reforma protestante. Su fundador, Ignacio de Loyola (1491-1556), canonizado en 1622, recibi\u00f3&hellip;<\/p>\n","protected":false},"author":1,"featured_media":0,"parent":6631,"menu_order":0,"comment_status":"closed","ping_status":"closed","template":"","meta":{"footnotes":""},"class_list":["post-7432","page","type-page","status-publish","hentry"],"_links":{"self":[{"href":"https:\/\/digitalhistory.unite.it\/es\/wp-json\/wp\/v2\/pages\/7432","targetHints":{"allow":["GET"]}}],"collection":[{"href":"https:\/\/digitalhistory.unite.it\/es\/wp-json\/wp\/v2\/pages"}],"about":[{"href":"https:\/\/digitalhistory.unite.it\/es\/wp-json\/wp\/v2\/types\/page"}],"author":[{"embeddable":true,"href":"https:\/\/digitalhistory.unite.it\/es\/wp-json\/wp\/v2\/users\/1"}],"replies":[{"embeddable":true,"href":"https:\/\/digitalhistory.unite.it\/es\/wp-json\/wp\/v2\/comments?post=7432"}],"version-history":[{"count":2,"href":"https:\/\/digitalhistory.unite.it\/es\/wp-json\/wp\/v2\/pages\/7432\/revisions"}],"predecessor-version":[{"id":12139,"href":"https:\/\/digitalhistory.unite.it\/es\/wp-json\/wp\/v2\/pages\/7432\/revisions\/12139"}],"up":[{"embeddable":true,"href":"https:\/\/digitalhistory.unite.it\/es\/wp-json\/wp\/v2\/pages\/6631"}],"wp:attachment":[{"href":"https:\/\/digitalhistory.unite.it\/es\/wp-json\/wp\/v2\/media?parent=7432"}],"curies":[{"name":"wp","href":"https:\/\/api.w.org\/{rel}","templated":true}]}}