{"id":7433,"date":"2021-08-20T00:04:36","date_gmt":"2021-08-19T22:04:36","guid":{"rendered":"https:\/\/digitalhistory.unite.it\/carmelitas\/"},"modified":"2021-11-23T15:29:12","modified_gmt":"2021-11-23T14:29:12","slug":"carmelitas","status":"publish","type":"page","link":"https:\/\/digitalhistory.unite.it\/es\/territorios\/itinerarios-urbanos\/lecce\/cino\/carmelitas\/","title":{"rendered":"Carmelitas"},"content":{"rendered":"<h1>Carmelitas <\/h1>\n<div class=\"testo\">\n<p style=\"text-align: justify\">La Orden de los Carmelitas, a saber, la Orden de Nuestra Se\u00f1ora del Monte Carmelo, naci\u00f3 en Palestina con un esp\u00edritu puramente mon\u00e1stico. La regla de la Orden, nacida de la pobreza, el silencio, el ayuno, la abstinencia y las vigilias nocturnas, fue aprobada por primera vez por Honorio III en 1226. Durante el siglo XIII los Carmelitas abandonaron el Medio Oriente y se establecieron en Europa, extendi\u00e9ndose r\u00e1pidamente por todo el continente. En 1432 el Papa Eugenio IV mitig\u00f3 el rigor de la regla original, lo que provoc\u00f3, en las d\u00e9cadas siguientes, diversas reformas internas ala Orden para detener la relajaci\u00f3n de las costumbres que le siguieron. Con la reforma de Juan dela Cruz y Teresa de \u00c1vila nacieron los Carmelitas Descalzos, que obtuvieron m\u00e1s tarde, a partir de 1593, la autonom\u00eda completa de los Carmelitas Calzados, o los de la Antigua Observancia. A pesar de estas divisiones, la Orden continu\u00f3 su expansi\u00f3n durante la Edad moderna. La gran difusi\u00f3n entre los laicos tambi\u00e9n llev\u00f3 a la creaci\u00f3n de la Tercera Orden del Carmen y la Cofrad\u00eda del Escapulario del Carmen. Reducida en gran medida despu\u00e9s de la Revoluci\u00f3n Francesa y en el siglo XIX, la Orden retom\u00f3 algo de vigor en el siglo XX, redefini\u00e9ndo su propia misi\u00f3n despu\u00e9s del Concilio Vaticano II.<\/p>\n<\/p><\/div>\n<p><\/p>\n","protected":false},"excerpt":{"rendered":"<p>Carmelitas La Orden de los Carmelitas, a saber, la Orden de Nuestra Se\u00f1ora del Monte Carmelo, naci\u00f3 en Palestina con un esp\u00edritu puramente mon\u00e1stico. La regla de la Orden, nacida de la pobreza, el silencio, el ayuno, la abstinencia y las vigilias nocturnas, fue aprobada&hellip;<\/p>\n","protected":false},"author":1,"featured_media":0,"parent":6632,"menu_order":0,"comment_status":"closed","ping_status":"closed","template":"","meta":{"footnotes":""},"class_list":["post-7433","page","type-page","status-publish","hentry"],"_links":{"self":[{"href":"https:\/\/digitalhistory.unite.it\/es\/wp-json\/wp\/v2\/pages\/7433","targetHints":{"allow":["GET"]}}],"collection":[{"href":"https:\/\/digitalhistory.unite.it\/es\/wp-json\/wp\/v2\/pages"}],"about":[{"href":"https:\/\/digitalhistory.unite.it\/es\/wp-json\/wp\/v2\/types\/page"}],"author":[{"embeddable":true,"href":"https:\/\/digitalhistory.unite.it\/es\/wp-json\/wp\/v2\/users\/1"}],"replies":[{"embeddable":true,"href":"https:\/\/digitalhistory.unite.it\/es\/wp-json\/wp\/v2\/comments?post=7433"}],"version-history":[{"count":2,"href":"https:\/\/digitalhistory.unite.it\/es\/wp-json\/wp\/v2\/pages\/7433\/revisions"}],"predecessor-version":[{"id":12141,"href":"https:\/\/digitalhistory.unite.it\/es\/wp-json\/wp\/v2\/pages\/7433\/revisions\/12141"}],"up":[{"embeddable":true,"href":"https:\/\/digitalhistory.unite.it\/es\/wp-json\/wp\/v2\/pages\/6632"}],"wp:attachment":[{"href":"https:\/\/digitalhistory.unite.it\/es\/wp-json\/wp\/v2\/media?parent=7433"}],"curies":[{"name":"wp","href":"https:\/\/api.w.org\/{rel}","templated":true}]}}