{"id":7434,"date":"2021-08-20T00:04:36","date_gmt":"2021-08-19T22:04:36","guid":{"rendered":"https:\/\/digitalhistory.unite.it\/reino-de-napoles\/"},"modified":"2021-11-23T15:27:37","modified_gmt":"2021-11-23T14:27:37","slug":"reino-de-napoles","status":"publish","type":"page","link":"https:\/\/digitalhistory.unite.it\/es\/territorios\/itinerarios-urbanos\/lecce\/otros-restos\/reino-de-napoles\/","title":{"rendered":"Reino de N\u00e1poles"},"content":{"rendered":"<h1>Reino de N\u00e1poles <\/h1>\n<div class=\"testo\">\n<p style=\"text-align: justify\"><img loading=\"lazy\" decoding=\"async\" src=\"https:\/\/digitalhistory.unite.it\/wp-content\/uploads\/2021\/08\/regno_di_napoli_225x307.jpg\" width=\"225\" height=\"307\" alt=\"Regno di Napoli\" align=\"left\">El Reino de N\u00e1poles se convirti\u00f3 en una entidad aut\u00f3noma con la divisi\u00f3n en dos del Reino de Sicilia, seguido de la revuelta de las V\u00edsperas y la guerra que le sigui\u00f3 (1282-1302). Los Angevinos, que reinaron en Sicilia y N\u00e1poles desde 1266, perdieron la isla, derrotados por los Aragoneses, pero mantuvieron la parte peninsular del reino. En 1442 Alfonso V el Magn\u00e1nimo de Arag\u00f3n (1396-1458), finalmente derrot\u00f3 a los Anjou, conquist\u00f3 N\u00e1poles y reunific\u00f3 los dos Estados bajo un mismo soberano. Los dos reinos, sin embargo, mantuvieron la distinci\u00f3n nominal que fue superada s\u00f3lo en 1816, con el nacimiento del Reino de las Dos Sicilias. Despu\u00e9s de una breve ocupaci\u00f3n francesa (iniciada en 1494), a partir de 1503 el reino de N\u00e1poles sigui\u00f3 el destino de Espa\u00f1a, quien confi\u00f3 el gobierno a un virrey. En 1647 estall\u00f3 la revuelta, m\u00e1s tarde llamada de Masaniello, que fue aplastada por la fuerza de las armas en abril del a\u00f1o siguiente. Durante la Guerra de Sucesi\u00f3n Espa\u00f1ola (1701-1713), el reino de N\u00e1poles pas\u00f3 a los Habsburgo de Austria. En 1734, Carlos de Borb\u00f3n (1716-1788, hijo de Felipe V de Espa\u00f1a) reconquist\u00f3 la capital. El Tratado de Viena (1738) reconoci\u00f3 a Carlos como rey de N\u00e1poles y Sicilia, que marcaba las bases para el establecimiento de un reino independiente.<\/p>\n<p style=\"text-align: justify\">Para leer m\u00e1s:<\/p>\n<ul>\n<li>\n<div style=\"text-align: justify\">G. Galasso, <em>Storia del Regno di Napoli<\/em>, 6 voll., Torino 2006.<\/div>\n<\/li>\n<\/ul><\/div>\n<p><\/p>\n","protected":false},"excerpt":{"rendered":"<p>Reino de N\u00e1poles El Reino de N\u00e1poles se convirti\u00f3 en una entidad aut\u00f3noma con la divisi\u00f3n en dos del Reino de Sicilia, seguido de la revuelta de las V\u00edsperas y la guerra que le sigui\u00f3 (1282-1302). Los Angevinos, que reinaron en Sicilia y N\u00e1poles desde&hellip;<\/p>\n","protected":false},"author":1,"featured_media":0,"parent":6633,"menu_order":0,"comment_status":"closed","ping_status":"closed","template":"","meta":{"footnotes":""},"class_list":["post-7434","page","type-page","status-publish","hentry"],"_links":{"self":[{"href":"https:\/\/digitalhistory.unite.it\/es\/wp-json\/wp\/v2\/pages\/7434","targetHints":{"allow":["GET"]}}],"collection":[{"href":"https:\/\/digitalhistory.unite.it\/es\/wp-json\/wp\/v2\/pages"}],"about":[{"href":"https:\/\/digitalhistory.unite.it\/es\/wp-json\/wp\/v2\/types\/page"}],"author":[{"embeddable":true,"href":"https:\/\/digitalhistory.unite.it\/es\/wp-json\/wp\/v2\/users\/1"}],"replies":[{"embeddable":true,"href":"https:\/\/digitalhistory.unite.it\/es\/wp-json\/wp\/v2\/comments?post=7434"}],"version-history":[{"count":3,"href":"https:\/\/digitalhistory.unite.it\/es\/wp-json\/wp\/v2\/pages\/7434\/revisions"}],"predecessor-version":[{"id":11120,"href":"https:\/\/digitalhistory.unite.it\/es\/wp-json\/wp\/v2\/pages\/7434\/revisions\/11120"}],"up":[{"embeddable":true,"href":"https:\/\/digitalhistory.unite.it\/es\/wp-json\/wp\/v2\/pages\/6633"}],"wp:attachment":[{"href":"https:\/\/digitalhistory.unite.it\/es\/wp-json\/wp\/v2\/media?parent=7434"}],"curies":[{"name":"wp","href":"https:\/\/api.w.org\/{rel}","templated":true}]}}