{"id":7435,"date":"2021-08-20T00:04:37","date_gmt":"2021-08-19T22:04:37","guid":{"rendered":"https:\/\/digitalhistory.unite.it\/carlos-v-de-habsburgo\/"},"modified":"2021-11-23T15:27:37","modified_gmt":"2021-11-23T14:27:37","slug":"carlos-v-de-habsburgo","status":"publish","type":"page","link":"https:\/\/digitalhistory.unite.it\/es\/territorios\/itinerarios-urbanos\/lecce\/otros-restos\/carlos-v-de-habsburgo\/","title":{"rendered":"Carlos V de Habsburgo"},"content":{"rendered":"<h1>Carlos V de Habsburgo <\/h1>\n<div class=\"testo\">\n<p style=\"text-align: justify\"><img loading=\"lazy\" decoding=\"async\" src=\"https:\/\/digitalhistory.unite.it\/wp-content\/uploads\/2021\/08\/palazzo_reale_di_napoli_-_carlo_v_d_asburgo_251x377.jpg\" width=\"251\" height=\"377\" alt=\"Carlo V\" align=\"left\">Carlos de Habsburgo (1500-1558), Carlos V como emperador y Carlos I como soberano de la Monarqu\u00eda espa\u00f1ola, concentr\u00f3 en sus manos una gran herencia, resultado de la pol\u00edtica matrimonial orquestada por su abuelo paterno, Maximiliano I. Soberano tambi\u00e9n del antiguo ducado de Borgo\u00f1a, los reinos de Cerde\u00f1a, Sicilia y N\u00e1poles y, a partir de 1535, duque de Mil\u00e1n, Carlos era el eje de una corte itinerante. Los principales objetivos de su pol\u00edtica internacional eran el dominio militar en Europa, logrado a expensas de Francia, y la lucha en contra de la doctrina protestante, cuya difusi\u00f3n fue sancionada oficialmente por la Paz de Augsburgo (1555). En la c\u00faspide de la Monarqu\u00eda espa\u00f1ola, Carlos fue un rey a menudo ausente, que deleg\u00f3 el gobierno en manos de hombres de confianza, como su secretario Mercurino Gattinara. Sofoc\u00f3 la revuelta de los Comuneros (1520-1521), que hab\u00eda puesto en riesgo&nbsp;su poder. El gobierno de Carlos vio la formaci\u00f3n del sistema de Consejos que caracteriz\u00f3 el mecanismo burocr\u00e1tico de la Monarqu\u00eda. Despu\u00e9s de la abdicaci\u00f3n de 1556, que dividi\u00f3 sus dominios entre su hermano Fernando y su hijo Felipe, se retir\u00f3 solo a Espa\u00f1a, hasta su muerte en el monasterio de Yuste en 1558.<\/p>\n<p style=\"text-align: justify\">Para leer m\u00e1s:<\/p>\n<ul>\n<li>\n<div style=\"text-align: justify\">D. Lynch, <em>Spain 1516-1598: from nation state to world empire<\/em>, Oxford 1991.<\/div>\n<\/li>\n<li>\n<div style=\"text-align: justify\">A. Kohler, <em>Karl V, 1500-1558. Eine Biographie<\/em>, M\u00fcnchen 1999.<\/div>\n<\/li>\n<li>\n<div style=\"text-align: justify\">M. Fern\u00e1ndez \u00c1lvarez, <em>Carlos V, el c\u00e9sar y el hombre<\/em>, Madrid 1999.<\/div>\n<\/li>\n<\/ul><\/div>\n<p><\/p>\n","protected":false},"excerpt":{"rendered":"<p>Carlos V de Habsburgo Carlos de Habsburgo (1500-1558), Carlos V como emperador y Carlos I como soberano de la Monarqu\u00eda espa\u00f1ola, concentr\u00f3 en sus manos una gran herencia, resultado de la pol\u00edtica matrimonial orquestada por su abuelo paterno, Maximiliano I. Soberano tambi\u00e9n del antiguo ducado&hellip;<\/p>\n","protected":false},"author":1,"featured_media":0,"parent":6633,"menu_order":0,"comment_status":"closed","ping_status":"closed","template":"","meta":{"footnotes":""},"class_list":["post-7435","page","type-page","status-publish","hentry"],"_links":{"self":[{"href":"https:\/\/digitalhistory.unite.it\/es\/wp-json\/wp\/v2\/pages\/7435","targetHints":{"allow":["GET"]}}],"collection":[{"href":"https:\/\/digitalhistory.unite.it\/es\/wp-json\/wp\/v2\/pages"}],"about":[{"href":"https:\/\/digitalhistory.unite.it\/es\/wp-json\/wp\/v2\/types\/page"}],"author":[{"embeddable":true,"href":"https:\/\/digitalhistory.unite.it\/es\/wp-json\/wp\/v2\/users\/1"}],"replies":[{"embeddable":true,"href":"https:\/\/digitalhistory.unite.it\/es\/wp-json\/wp\/v2\/comments?post=7435"}],"version-history":[{"count":3,"href":"https:\/\/digitalhistory.unite.it\/es\/wp-json\/wp\/v2\/pages\/7435\/revisions"}],"predecessor-version":[{"id":11119,"href":"https:\/\/digitalhistory.unite.it\/es\/wp-json\/wp\/v2\/pages\/7435\/revisions\/11119"}],"up":[{"embeddable":true,"href":"https:\/\/digitalhistory.unite.it\/es\/wp-json\/wp\/v2\/pages\/6633"}],"wp:attachment":[{"href":"https:\/\/digitalhistory.unite.it\/es\/wp-json\/wp\/v2\/media?parent=7435"}],"curies":[{"name":"wp","href":"https:\/\/api.w.org\/{rel}","templated":true}]}}