{"id":7437,"date":"2021-08-20T00:04:37","date_gmt":"2021-08-19T22:04:37","guid":{"rendered":"https:\/\/digitalhistory.unite.it\/madrid\/"},"modified":"2021-11-23T17:44:58","modified_gmt":"2021-11-23T16:44:58","slug":"madrid","status":"publish","type":"page","link":"https:\/\/digitalhistory.unite.it\/es\/territorios\/itinerarios-urbanos\/valladolid\/iglesia-de-san-pablo\/madrid\/","title":{"rendered":"Madrid"},"content":{"rendered":"<h1>Madrid <\/h1>\n<div class=\"testo\">\n<p style=\"text-align: justify\"><img loading=\"lazy\" decoding=\"async\" src=\"https:\/\/digitalhistory.unite.it\/wp-content\/uploads\/2021\/08\/orso_madrid_251x188.jpg\" width=\"251\" height=\"188\" alt=\"Madrid\" align=\"left\">En la segunda mitad del siglo XVI, roto el sue\u00f1o imperial, Carlos V (1500-1558) se vio obligado a dividir sus posesiones entre su hijo y su hermano. Espa\u00f1a fue asignada a Felipe II (1527-1598). En 1561 el nuevo monarca eligi\u00f3 Madrid (en la foto el s\u00edmbolo de la ciudad, <em>El Oso y el Madro\u00f1o<\/em>) como la nueva capital de su reino (que tambi\u00e9n inclu\u00eda los territorios italianos y las colonias del Nuevo Mundo) y mand\u00f3 construir en sus alrededores el palacio-monasterio de San Lorenzo de El Escorial. En unas pocas d\u00e9cadas, de ser una peque\u00f1a villa (que no superaba los 10.000 habitantes), Madrid se convirti\u00f3 en una ciudad populosa: &#8220;S\u00f3lo Madrid es Corte&#8221;, dec\u00eda un proverbio de la \u00e9poca, por no decir que el centro castellano era ahora la \u00fanica sede de la corte de los Habsburgo (Carlos V hab\u00eda sido, en cambio, un soberano itinerante), y que todo giraba en torno a esta ciudad. Especialmente durante el reinado de Felipe III (1598-1621), Madrid se adapt\u00f3 a las nuevas exigencias institucionales: la Plaza Mayor se convirti\u00f3 en el punto de convergencia del agregado de calles alrededor de la cual la ciudad iba a crecer en los siguientes a\u00f1os. En el siglo XVII, Madrid acogi\u00f3 las ceremonias religiosas y procesiones solemnes, marcadas por el estilo barroco y la Contrarreforma, y los caracter\u00edsticos Autos de fe (los actos de fe p\u00fablicos impuestos por la Inquisici\u00f3n a los declarados culpables, que pod\u00eda terminar con la quema de los mismos). En el siglo XVIII, la capital del reino adquiri\u00f3 un aspecto particular, distinto del Barroco, que hoy sigue siendo admirable.<\/p>\n<\/p><\/div>\n<p><\/p>\n","protected":false},"excerpt":{"rendered":"<p>Madrid En la segunda mitad del siglo XVI, roto el sue\u00f1o imperial, Carlos V (1500-1558) se vio obligado a dividir sus posesiones entre su hijo y su hermano. Espa\u00f1a fue asignada a Felipe II (1527-1598). En 1561 el nuevo monarca eligi\u00f3 Madrid (en la foto&hellip;<\/p>\n","protected":false},"author":1,"featured_media":0,"parent":6665,"menu_order":0,"comment_status":"closed","ping_status":"closed","template":"","meta":{"footnotes":""},"class_list":["post-7437","page","type-page","status-publish","hentry"],"_links":{"self":[{"href":"https:\/\/digitalhistory.unite.it\/es\/wp-json\/wp\/v2\/pages\/7437","targetHints":{"allow":["GET"]}}],"collection":[{"href":"https:\/\/digitalhistory.unite.it\/es\/wp-json\/wp\/v2\/pages"}],"about":[{"href":"https:\/\/digitalhistory.unite.it\/es\/wp-json\/wp\/v2\/types\/page"}],"author":[{"embeddable":true,"href":"https:\/\/digitalhistory.unite.it\/es\/wp-json\/wp\/v2\/users\/1"}],"replies":[{"embeddable":true,"href":"https:\/\/digitalhistory.unite.it\/es\/wp-json\/wp\/v2\/comments?post=7437"}],"version-history":[{"count":3,"href":"https:\/\/digitalhistory.unite.it\/es\/wp-json\/wp\/v2\/pages\/7437\/revisions"}],"predecessor-version":[{"id":11137,"href":"https:\/\/digitalhistory.unite.it\/es\/wp-json\/wp\/v2\/pages\/7437\/revisions\/11137"}],"up":[{"embeddable":true,"href":"https:\/\/digitalhistory.unite.it\/es\/wp-json\/wp\/v2\/pages\/6665"}],"wp:attachment":[{"href":"https:\/\/digitalhistory.unite.it\/es\/wp-json\/wp\/v2\/media?parent=7437"}],"curies":[{"name":"wp","href":"https:\/\/api.w.org\/{rel}","templated":true}]}}