{"id":7438,"date":"2021-08-20T00:04:37","date_gmt":"2021-08-19T22:04:37","guid":{"rendered":"https:\/\/digitalhistory.unite.it\/alcala-de-henares\/"},"modified":"2021-11-23T17:45:16","modified_gmt":"2021-11-23T16:45:16","slug":"alcala-de-henares","status":"publish","type":"page","link":"https:\/\/digitalhistory.unite.it\/es\/territorios\/itinerarios-urbanos\/valladolid\/universidad\/alcala-de-henares\/","title":{"rendered":"Alcal\u00e1 de Henares"},"content":{"rendered":"<h1>Alcal\u00e1 de Henares <\/h1>\n<div class=\"testo\">\n<p style=\"text-align: justify\"><img loading=\"lazy\" decoding=\"async\" src=\"https:\/\/digitalhistory.unite.it\/wp-content\/uploads\/2021\/08\/universidad_de_alcal__de_henares_02_252x189.jpg\" width=\"252\" height=\"189\" alt=\"Alcal\u00e0\" align=\"left\">Durante la \u00e9poca moderna, el nombre de Alcal\u00e1 de Henares se hizo especialmente famoso por su Universidad, la \u00fanica capaz de competir en valor y prestigio con la Universidad de Salamanca (foto). Fue fundada en 1499 por el cardenal Francisco Jim\u00e9nez de Cisneros. Estudiaron en Alcal\u00e1, entre otros, personajes fundamentales de la historia pol\u00edtica, religiosa e intelectual de la Espa\u00f1a de la \u00e9poca, como Francisco de Quevedo, Tirso de Molina, Francisco Su\u00e1rez, Ignacio de Loyola, Lope de Vega, Calder\u00f3n dela Barca, Juan de Mariana, Juan Gin\u00e9s de Sep\u00falveda y Benito Arias Montano. Adem\u00e1s, en Alcal\u00e1 naci\u00f3, el 29 de septiembre de 1547, Miguel de Cervantes, autor de la obra m\u00e1s c\u00e9lebre de la literatura barroca espa\u00f1ola: <em>Don Quijote de la Mancha<\/em>.<\/p>\n<\/p><\/div>\n<p><\/p>\n","protected":false},"excerpt":{"rendered":"<p>Alcal\u00e1 de Henares Durante la \u00e9poca moderna, el nombre de Alcal\u00e1 de Henares se hizo especialmente famoso por su Universidad, la \u00fanica capaz de competir en valor y prestigio con la Universidad de Salamanca (foto). Fue fundada en 1499 por el cardenal Francisco Jim\u00e9nez de&hellip;<\/p>\n","protected":false},"author":1,"featured_media":0,"parent":6667,"menu_order":0,"comment_status":"closed","ping_status":"closed","template":"","meta":{"footnotes":""},"class_list":["post-7438","page","type-page","status-publish","hentry"],"_links":{"self":[{"href":"https:\/\/digitalhistory.unite.it\/es\/wp-json\/wp\/v2\/pages\/7438","targetHints":{"allow":["GET"]}}],"collection":[{"href":"https:\/\/digitalhistory.unite.it\/es\/wp-json\/wp\/v2\/pages"}],"about":[{"href":"https:\/\/digitalhistory.unite.it\/es\/wp-json\/wp\/v2\/types\/page"}],"author":[{"embeddable":true,"href":"https:\/\/digitalhistory.unite.it\/es\/wp-json\/wp\/v2\/users\/1"}],"replies":[{"embeddable":true,"href":"https:\/\/digitalhistory.unite.it\/es\/wp-json\/wp\/v2\/comments?post=7438"}],"version-history":[{"count":2,"href":"https:\/\/digitalhistory.unite.it\/es\/wp-json\/wp\/v2\/pages\/7438\/revisions"}],"predecessor-version":[{"id":12193,"href":"https:\/\/digitalhistory.unite.it\/es\/wp-json\/wp\/v2\/pages\/7438\/revisions\/12193"}],"up":[{"embeddable":true,"href":"https:\/\/digitalhistory.unite.it\/es\/wp-json\/wp\/v2\/pages\/6667"}],"wp:attachment":[{"href":"https:\/\/digitalhistory.unite.it\/es\/wp-json\/wp\/v2\/media?parent=7438"}],"curies":[{"name":"wp","href":"https:\/\/api.w.org\/{rel}","templated":true}]}}