{"id":7439,"date":"2021-08-20T00:04:37","date_gmt":"2021-08-19T22:04:37","guid":{"rendered":"https:\/\/digitalhistory.unite.it\/cisneros\/"},"modified":"2021-11-23T17:45:14","modified_gmt":"2021-11-23T16:45:14","slug":"cisneros","status":"publish","type":"page","link":"https:\/\/digitalhistory.unite.it\/es\/territorios\/itinerarios-urbanos\/alcala\/alcala-de-henares\/cisneros\/","title":{"rendered":"Francisco Jim\u00e9nez de Cisneros"},"content":{"rendered":"<h1>Francisco Jim\u00e9nez de Cisneros <\/h1>\n<div class=\"testo\">\n<p style=\"text-align: justify\"><img loading=\"lazy\" decoding=\"async\" src=\"https:\/\/digitalhistory.unite.it\/wp-content\/uploads\/2021\/08\/ximenez_de_cisneros__fileminimizer__226x448.jpg\" width=\"226\" height=\"448\" alt=\"Cisneros\" align=\"left\">Naci\u00f3 en Torrelaguna (Madrid) en el a\u00f1o 1436. Estudi\u00f3 teolog\u00eda y derecho en las universidades de Salamanca y Roma. Comenz\u00f3 su carrera sacerdotal como Arcipreste de Uceda y Vicario general de la di\u00f3cesis de Sig\u00fcenza, no obstante, prefiri\u00f3 la disciplina franciscana ingresando en dicha Orden en 1484. Lleg\u00f3 a ser provincial del convento franciscano de San Juan de los Reyes en Toledo, pero la amistad de la reina Isabel la Cat\u00f3lica, quien le nombr\u00f3 su confesor, le llev\u00f3 a convertirse en uno de los principales consejeros de la corte de los Reyes Cat\u00f3licos. En 1495 fue nombrado Arzobispo de Toledo, y desde esta posici\u00f3n se encarg\u00f3 de reformar los conventos franciscanos y las desviaciones de las costumbres del clero secular. En 1507 obtuvo el capelo cardenalicio y un a\u00f1o m\u00e1s tarde daba comienzo su proyecto m\u00e1s ambicioso y renovador: la creaci\u00f3n de la Universidad de Alcal\u00e1 de Henares. Fue regente de los reinos hispanos en varias ocasiones: a la muerte de Felipe I el Hermoso en 1506, y a la muerte de Fernando el Cat\u00f3lico en 1516, a la espera de la llegada de Carlos I. El Cardenal Cisneros fallec\u00eda un a\u00f1o m\u00e1s tarde, el 8 de noviembre de 1517 en Roa, Burgos.<\/p>\n<p style=\"text-align: justify\">Para leer m\u00e1s:<\/p>\n<ul style=\"text-align: justify\">\n<li>J. Garc\u00eda Oro, <em>Cisneros: un cardenal reformista en el Reino de Espa\u00f1a (1436-1517)<\/em>, Madrid 2005.<\/li>\n<li>S. Aguad\u00e9 Nieto (coord.), <em>Cisneros y el Siglo de Oro de la Universidad de Alcal\u00e1,<\/em> Centro Internacional de Estudios Hist\u00f3ricos Cisneros. Universidad de Alcal\u00e1 de Henares. Fundaci\u00f3n General de la Universidad de Alcal\u00e1 de Henares. Consejer\u00eda de Educaci\u00f3n de la Comunidad de Madrid, 1999.<\/li>\n<\/ul><\/div>\n<p><\/p>\n","protected":false},"excerpt":{"rendered":"<p>Francisco Jim\u00e9nez de Cisneros Naci\u00f3 en Torrelaguna (Madrid) en el a\u00f1o 1436. Estudi\u00f3 teolog\u00eda y derecho en las universidades de Salamanca y Roma. Comenz\u00f3 su carrera sacerdotal como Arcipreste de Uceda y Vicario general de la di\u00f3cesis de Sig\u00fcenza, no obstante, prefiri\u00f3 la disciplina franciscana&hellip;<\/p>\n","protected":false},"author":1,"featured_media":0,"parent":6634,"menu_order":0,"comment_status":"closed","ping_status":"closed","template":"","meta":{"footnotes":""},"class_list":["post-7439","page","type-page","status-publish","hentry"],"_links":{"self":[{"href":"https:\/\/digitalhistory.unite.it\/es\/wp-json\/wp\/v2\/pages\/7439","targetHints":{"allow":["GET"]}}],"collection":[{"href":"https:\/\/digitalhistory.unite.it\/es\/wp-json\/wp\/v2\/pages"}],"about":[{"href":"https:\/\/digitalhistory.unite.it\/es\/wp-json\/wp\/v2\/types\/page"}],"author":[{"embeddable":true,"href":"https:\/\/digitalhistory.unite.it\/es\/wp-json\/wp\/v2\/users\/1"}],"replies":[{"embeddable":true,"href":"https:\/\/digitalhistory.unite.it\/es\/wp-json\/wp\/v2\/comments?post=7439"}],"version-history":[{"count":2,"href":"https:\/\/digitalhistory.unite.it\/es\/wp-json\/wp\/v2\/pages\/7439\/revisions"}],"predecessor-version":[{"id":12091,"href":"https:\/\/digitalhistory.unite.it\/es\/wp-json\/wp\/v2\/pages\/7439\/revisions\/12091"}],"up":[{"embeddable":true,"href":"https:\/\/digitalhistory.unite.it\/es\/wp-json\/wp\/v2\/pages\/6634"}],"wp:attachment":[{"href":"https:\/\/digitalhistory.unite.it\/es\/wp-json\/wp\/v2\/media?parent=7439"}],"curies":[{"name":"wp","href":"https:\/\/api.w.org\/{rel}","templated":true}]}}