{"id":7441,"date":"2021-08-20T00:04:37","date_gmt":"2021-08-19T22:04:37","guid":{"rendered":"https:\/\/digitalhistory.unite.it\/escolastica-medieval\/"},"modified":"2021-11-23T15:29:07","modified_gmt":"2021-11-23T14:29:07","slug":"escolastica-medieval","status":"publish","type":"page","link":"https:\/\/digitalhistory.unite.it\/es\/territorios\/itinerarios-urbanos\/alcala\/alcala-de-henares\/escolastica-medieval\/","title":{"rendered":"Escol\u00e1stica medieval"},"content":{"rendered":"<h1>Escol\u00e1stica medieval <\/h1>\n<div class=\"testo\">\n<p style=\"text-align: justify\">Corriente doctrinal, de car\u00e1cter filos\u00f3fico-teol\u00f3gico, cultivada y extendida en las escuelas de la Europa Medieval desde el Imperio carolingio hasta el Renacimiento. Las escuelas filos\u00f3ficas que albergaron este pensamiento se localizaron en las catedrales y los conventos para, luego m\u00e1s tarde, durante el siglo XIII, pasar a las Universidades. Su planteamiento trataba de comprender el cristianismo utilizando la filosof\u00eda cl\u00e1sica, especialmente a trav\u00e9s del pensamiento aristot\u00e9lico. La finalidad era acabar subordinando la raz\u00f3n a la fe, y para ello utilizaba un m\u00e9todo por el cual el conocimiento quedaba limitado por la repetici\u00f3n de los textos antiguos y de la Biblia.&nbsp;<\/p>\n<p style=\"text-align: justify\">Para leer m\u00e1s:<\/p>\n<ul style=\"text-align: justify\">\n<li>J. A. Merino, <em>Historia de la filosof\u00eda medieval,<\/em> Madrid 2001.<\/li>\n<li>P. Vignaux (traducci\u00f3n de T. Segovia), <em>El pensamiento en la Edad Media<\/em>, M\u00e9xico 1990.<\/li>\n<li>\u00c9. Gilson, <em>El esp\u00edritu de la filosof\u00eda medieval,<\/em> Madrid 2004.<\/li>\n<\/ul><\/div>\n<p><\/p>\n","protected":false},"excerpt":{"rendered":"<p>Escol\u00e1stica medieval Corriente doctrinal, de car\u00e1cter filos\u00f3fico-teol\u00f3gico, cultivada y extendida en las escuelas de la Europa Medieval desde el Imperio carolingio hasta el Renacimiento. Las escuelas filos\u00f3ficas que albergaron este pensamiento se localizaron en las catedrales y los conventos para, luego m\u00e1s tarde, durante el&hellip;<\/p>\n","protected":false},"author":1,"featured_media":0,"parent":6634,"menu_order":0,"comment_status":"closed","ping_status":"closed","template":"","meta":{"footnotes":""},"class_list":["post-7441","page","type-page","status-publish","hentry"],"_links":{"self":[{"href":"https:\/\/digitalhistory.unite.it\/es\/wp-json\/wp\/v2\/pages\/7441","targetHints":{"allow":["GET"]}}],"collection":[{"href":"https:\/\/digitalhistory.unite.it\/es\/wp-json\/wp\/v2\/pages"}],"about":[{"href":"https:\/\/digitalhistory.unite.it\/es\/wp-json\/wp\/v2\/types\/page"}],"author":[{"embeddable":true,"href":"https:\/\/digitalhistory.unite.it\/es\/wp-json\/wp\/v2\/users\/1"}],"replies":[{"embeddable":true,"href":"https:\/\/digitalhistory.unite.it\/es\/wp-json\/wp\/v2\/comments?post=7441"}],"version-history":[{"count":2,"href":"https:\/\/digitalhistory.unite.it\/es\/wp-json\/wp\/v2\/pages\/7441\/revisions"}],"predecessor-version":[{"id":12090,"href":"https:\/\/digitalhistory.unite.it\/es\/wp-json\/wp\/v2\/pages\/7441\/revisions\/12090"}],"up":[{"embeddable":true,"href":"https:\/\/digitalhistory.unite.it\/es\/wp-json\/wp\/v2\/pages\/6634"}],"wp:attachment":[{"href":"https:\/\/digitalhistory.unite.it\/es\/wp-json\/wp\/v2\/media?parent=7441"}],"curies":[{"name":"wp","href":"https:\/\/api.w.org\/{rel}","templated":true}]}}