{"id":7442,"date":"2021-08-20T00:04:37","date_gmt":"2021-08-19T22:04:37","guid":{"rendered":"https:\/\/digitalhistory.unite.it\/inquisicion-espanola\/"},"modified":"2021-11-23T15:29:07","modified_gmt":"2021-11-23T14:29:07","slug":"inquisicion-espanola","status":"publish","type":"page","link":"https:\/\/digitalhistory.unite.it\/es\/territorios\/itinerarios-urbanos\/alcala\/alcala-de-henares\/inquisicion-espanola\/","title":{"rendered":"La Inquisici\u00f3n espa\u00f1ola"},"content":{"rendered":"<h1>La Inquisici\u00f3n espa\u00f1ola <\/h1>\n<div class=\"testo\">\n<p style=\"text-align: justify\"><img loading=\"lazy\" decoding=\"async\" src=\"https:\/\/digitalhistory.unite.it\/wp-content\/uploads\/2021\/08\/goya_tribunal_341x213.jpg\" width=\"341\" height=\"213\" alt=\"Inquisizione spagnola\" align=\"left\">La Inquisici\u00f3n espa\u00f1ola fue la instituci\u00f3n eclesi\u00e1stica con poder judicial, destinada a la lucha contra las herej\u00edas y contra las minor\u00edas no cat\u00f3licas, que oper\u00f3 en Espa\u00f1a a partir del siglo XV, bajo el control directo de los monarcas espa\u00f1oles. Fue establecida por una bula del Papa Sixto IV en 1478, y fue una herramienta clave en manos de Fernando de Arag\u00f3n e Isabel de Castilla para concluir el proceso de Reconquista y golpear a los numerosos grupos de jud\u00edos y musulmanes presentes en la Pen\u00ednsula Ib\u00e9rica. La expulsi\u00f3n de los primeros en 1492 y la adopci\u00f3n de medidas restrictivas contra los Moriscos (musulmanes convertidos, a menudo por la fuerza, al cristianismo) fueron tambi\u00e9n fruto de la acci\u00f3n dominante del Inquisidor General, Tom\u00e1s de Torquemada. A continuaci\u00f3n, la Inquisici\u00f3n atac\u00f3 a diversos grupos considerados herejes, como los erasmistas, luteranos, alumbrados, m\u00edsticos, iluminados y, en las colonias americanas, indios sospechosos de &#8220;superstici\u00f3n&#8221; id\u00f3latra. A la cabeza de la Inquisici\u00f3n espa\u00f1ola, estaba el Consejo de la General y Suprema Inquisici\u00f3n, cuyo presidente era el Inquisidor General. Los tribunales juzgaban a los acusados, incluso si despu\u00e9s eran las autoridades civiles quienes se ocupaban de ejecutar la sentencia. Por su parte, los familiares eran aquellos que, aunque carec\u00edan de un salario fijo, jugaron un papel fundamental, fomentando las denuncias, recopilando pruebas y capturando a los acusados. En su lugar, disfrutaban de privilegios como la exenci\u00f3n de impuestos y el derecho a llevar armas. Los autos de fe eran las ceremonias durante las cuales los condenados sufr\u00edan la pena por su causa, que pod\u00eda ir de la p\u00fablica humillaci\u00f3n a la hoguera. Temporalmente abolida por el gobierno napole\u00f3nico, la Inquisici\u00f3n espa\u00f1ola desapareci\u00f3 definitivamente en 1834.<\/p>\n<p style=\"text-align: justify\">Para leer m\u00e1s:<\/p>\n<ul>\n<li>\n<div style=\"text-align: justify\">H. Kamen, <em>The Spanish Inquisition<\/em>, London 1965.<\/div>\n<\/li>\n<li>\n<div style=\"text-align: justify\">N. Roth, <em>Conversos, Inquisition and the expulsion of the Jews from Spain<\/em>, University of Wisconsin Press 1995.<\/div>\n<\/li>\n<li>\n<div style=\"text-align: justify\">J. Mart\u00ednez Mill\u00e1n, <em>La Inquisici\u00f3n espa\u00f1ola<\/em>, Madrid 2009.<\/div>\n<\/li>\n<\/ul><\/div>\n<p><\/p>\n","protected":false},"excerpt":{"rendered":"<p>La Inquisici\u00f3n espa\u00f1ola La Inquisici\u00f3n espa\u00f1ola fue la instituci\u00f3n eclesi\u00e1stica con poder judicial, destinada a la lucha contra las herej\u00edas y contra las minor\u00edas no cat\u00f3licas, que oper\u00f3 en Espa\u00f1a a partir del siglo XV, bajo el control directo de los monarcas espa\u00f1oles. Fue establecida&hellip;<\/p>\n","protected":false},"author":1,"featured_media":0,"parent":6634,"menu_order":0,"comment_status":"closed","ping_status":"closed","template":"","meta":{"footnotes":""},"class_list":["post-7442","page","type-page","status-publish","hentry"],"_links":{"self":[{"href":"https:\/\/digitalhistory.unite.it\/es\/wp-json\/wp\/v2\/pages\/7442","targetHints":{"allow":["GET"]}}],"collection":[{"href":"https:\/\/digitalhistory.unite.it\/es\/wp-json\/wp\/v2\/pages"}],"about":[{"href":"https:\/\/digitalhistory.unite.it\/es\/wp-json\/wp\/v2\/types\/page"}],"author":[{"embeddable":true,"href":"https:\/\/digitalhistory.unite.it\/es\/wp-json\/wp\/v2\/users\/1"}],"replies":[{"embeddable":true,"href":"https:\/\/digitalhistory.unite.it\/es\/wp-json\/wp\/v2\/comments?post=7442"}],"version-history":[{"count":2,"href":"https:\/\/digitalhistory.unite.it\/es\/wp-json\/wp\/v2\/pages\/7442\/revisions"}],"predecessor-version":[{"id":12093,"href":"https:\/\/digitalhistory.unite.it\/es\/wp-json\/wp\/v2\/pages\/7442\/revisions\/12093"}],"up":[{"embeddable":true,"href":"https:\/\/digitalhistory.unite.it\/es\/wp-json\/wp\/v2\/pages\/6634"}],"wp:attachment":[{"href":"https:\/\/digitalhistory.unite.it\/es\/wp-json\/wp\/v2\/media?parent=7442"}],"curies":[{"name":"wp","href":"https:\/\/api.w.org\/{rel}","templated":true}]}}