{"id":7443,"date":"2021-08-20T00:04:37","date_gmt":"2021-08-19T22:04:37","guid":{"rendered":"https:\/\/digitalhistory.unite.it\/cervantes\/"},"modified":"2021-11-23T15:29:07","modified_gmt":"2021-11-23T14:29:07","slug":"cervantes","status":"publish","type":"page","link":"https:\/\/digitalhistory.unite.it\/es\/territorios\/itinerarios-urbanos\/alcala\/alcala-de-henares\/cervantes\/","title":{"rendered":"Miguel de Cervantes Saavedra"},"content":{"rendered":"<h1>Miguel de Cervantes Saavedra <\/h1>\n<div class=\"testo\">\n<p style=\"text-align: justify\"><img loading=\"lazy\" decoding=\"async\" src=\"https:\/\/digitalhistory.unite.it\/wp-content\/uploads\/2021\/08\/imagen_9_226x345.jpg\" width=\"226\" height=\"345\" alt=\"Imagen 9\" align=\"left\">Miguel de Cervantes Saavedra (1547-1616) es el principal autor de la literatura espa\u00f1ola, una de las figuras m\u00e1s importantes de toda la literatura europea. Naci\u00f3 en Alcal\u00e1 de Henares, de una numerosa cuanto modesta familia, en 1568 se traslad\u00f3 a Italia para evitar la condena de cortarle la mano derecha y diez a\u00f1os de exilio por herir a un tal Antonio de Segura. En 1571, tom\u00f3 parte, a bordo de la galera <em>Marquesa<\/em>, de la Batalla de Lepanto, en la que fue herido y qued\u00f3 manco de su mano izquierda. Cuatro a\u00f1os m\u00e1s tarde, al regresar a Espa\u00f1a, el barco en el que viajaba fue atacado por piratas y Cervantes fue conducido a Argel y vendido como esclavo. Despu\u00e9s de 5 a\u00f1os de prisi\u00f3n y varios intentos de fuga fallidos, por fin logr\u00f3 regresar a Espa\u00f1a en 1580, pero las aventuras y desventuras personales a\u00fan no hab\u00edan terminado. Adem\u00e1s del breve e infeliz matrimonio con Catalina de Salazar y Palacios (casada en 1584), Cervantes trabaj\u00f3 en Andaluc\u00eda como comisario para el suministro de alimentos de la derrotada Armada Invencible, pero termin\u00f3 en la c\u00e1rcel de Sevilla en 1602 por delitos de administraci\u00f3n. Volvi\u00f3 de nuevo a la c\u00e1rcel, aunque fue por poco tiempo, en Valladolid, donde fue acusado injustamente por el asesinato de un caballero. Amargado por las insinuaciones acerca de la moralidad de sus hermanas y de su hija natural Isabel, Cervantes se traslad\u00f3 a Madrid en 1606 para seguir la corte de Felipe III y permaneci\u00f3 all\u00ed hasta su muerte. Su obra m\u00e1s famosa es sin duda la novela <em>El ingenioso hidalgo don Quijote de la Mancha<\/em>, una obra maestra de la literatura barroca europea publicada en dos partes en 1605 y 1615, y sin embargo no le garantiz\u00f3 una condici\u00f3n de vida m\u00e1s c\u00f3moda. Despu\u00e9s de la novela pastorilla <em>Galatea<\/em>(1585), otras obras a destacar son: <em>Novelas ejemplares<\/em> (1613), <em>El viaje del Parnaso<\/em>(1614), <em>Ocho comedias y ocho entremeses<\/em> (1615, en particular, la comedia de <em>Pedro de Urdemelas<\/em> y el entrem\u00e9s <em>El retablo de las Maravillas<\/em>) y <em>Los Trabajos de Persiles y Sigismunda<\/em> (p\u00f3stuma, 1616).<\/p>\n<p style=\"text-align: justify\">Para leer m\u00e1s:<\/p>\n<ul>\n<li>\n<div style=\"text-align: justify\">J. Canavaggio, <em>Cervantes<\/em>, Madrid 2004.<\/div>\n<\/li>\n<li>\n<div style=\"text-align: justify\">M. Fern\u00e1ndez \u00c1lvarez, <em>Cervantes visto por un historiador<\/em>, Madrid 2005.<\/div>\n<\/li>\n<li>\n<div style=\"text-align: justify\">M. Duran, F. R. Rogg, <em>Fighting Windmills: Encounters with Don Quixote<\/em>, Yale University Press 2006.<\/div>\n<\/li>\n<\/ul><\/div>\n<p><\/p>\n","protected":false},"excerpt":{"rendered":"<p>Miguel de Cervantes Saavedra Miguel de Cervantes Saavedra (1547-1616) es el principal autor de la literatura espa\u00f1ola, una de las figuras m\u00e1s importantes de toda la literatura europea. Naci\u00f3 en Alcal\u00e1 de Henares, de una numerosa cuanto modesta familia, en 1568 se traslad\u00f3 a Italia&hellip;<\/p>\n","protected":false},"author":1,"featured_media":0,"parent":6634,"menu_order":0,"comment_status":"closed","ping_status":"closed","template":"","meta":{"footnotes":""},"class_list":["post-7443","page","type-page","status-publish","hentry"],"_links":{"self":[{"href":"https:\/\/digitalhistory.unite.it\/es\/wp-json\/wp\/v2\/pages\/7443","targetHints":{"allow":["GET"]}}],"collection":[{"href":"https:\/\/digitalhistory.unite.it\/es\/wp-json\/wp\/v2\/pages"}],"about":[{"href":"https:\/\/digitalhistory.unite.it\/es\/wp-json\/wp\/v2\/types\/page"}],"author":[{"embeddable":true,"href":"https:\/\/digitalhistory.unite.it\/es\/wp-json\/wp\/v2\/users\/1"}],"replies":[{"embeddable":true,"href":"https:\/\/digitalhistory.unite.it\/es\/wp-json\/wp\/v2\/comments?post=7443"}],"version-history":[{"count":2,"href":"https:\/\/digitalhistory.unite.it\/es\/wp-json\/wp\/v2\/pages\/7443\/revisions"}],"predecessor-version":[{"id":12094,"href":"https:\/\/digitalhistory.unite.it\/es\/wp-json\/wp\/v2\/pages\/7443\/revisions\/12094"}],"up":[{"embeddable":true,"href":"https:\/\/digitalhistory.unite.it\/es\/wp-json\/wp\/v2\/pages\/6634"}],"wp:attachment":[{"href":"https:\/\/digitalhistory.unite.it\/es\/wp-json\/wp\/v2\/media?parent=7443"}],"curies":[{"name":"wp","href":"https:\/\/api.w.org\/{rel}","templated":true}]}}