{"id":7444,"date":"2021-08-20T00:04:37","date_gmt":"2021-08-19T22:04:37","guid":{"rendered":"https:\/\/digitalhistory.unite.it\/ignacio-de-loyola\/"},"modified":"2021-11-23T15:29:07","modified_gmt":"2021-11-23T14:29:07","slug":"ignacio-de-loyola","status":"publish","type":"page","link":"https:\/\/digitalhistory.unite.it\/es\/territorios\/itinerarios-urbanos\/alcala\/alcala-de-henares\/ignacio-de-loyola\/","title":{"rendered":"Ignacio de Loyola"},"content":{"rendered":"<h1>Ignacio de Loyola <\/h1>\n<div class=\"testo\">\n<p style=\"text-align: justify\" class=\"NormalWeb\"><img loading=\"lazy\" decoding=\"async\" src=\"https:\/\/digitalhistory.unite.it\/wp-content\/uploads\/2021\/08\/san_ignacio_de_loyola__fileminimizer__227x340.jpg\" width=\"227\" height=\"340\" alt=\"Loyola\" align=\"left\">Fundador de la Compa\u00f1\u00eda de Jes\u00fas. Naci\u00f3 en el a\u00f1o 1491 en Azpeitia, en las provincias vascongadas. Su juventud transcurri\u00f3 en la corte de los Reyes Cat\u00f3licos y luego se dedic\u00f3 por completo a la milicia. Herido de guerra por las tropas francesas durante la defensa del reino de Navarra, pas\u00f3 unos meses convaleciente, produci\u00e9ndose entonces su conversi\u00f3n a la vida religiosa por medio de la lectura de libros de Santos y de la vida de Cristo. A partir de ese momento dej\u00f3 de dedicarse a la guerra para sumirse por completo en una vida espiritual. En 1522 comenz\u00f3 su peregrinaci\u00f3n a Montserrat, llena de pobreza y caridad, y fue entonces cuando formul\u00f3 el que ser\u00eda m\u00e1s tarde el manual de los <em>Ejercicios Espirituales<\/em> de Ignacio de Loyola. Poco a poco se le uni\u00f3 a Ignacio un grupo de religiosos que le acompa\u00f1\u00f3 en todo momento y que form\u00f3 la primitiva Compa\u00f1\u00eda de Jes\u00fas, no sin antes abandonar los territorios espa\u00f1oles para estudiar en Par\u00eds, dadas las sospechas inquisitoriales que despertaba su novedosa forma de predicar y de ense\u00f1ar teolog\u00eda. M\u00e1s tarde, con la idea de fundar una nueva Orden religiosa, se march\u00f3 a Roma, donde obtuvo la confirmaci\u00f3n por parte del Papa Paulo III, que permiti\u00f3 la creaci\u00f3n de la Compa\u00f1\u00eda de Jes\u00fas en 1540. Fue entonces elegido primer superior General de la Compa\u00f1\u00eda. Fij\u00f3 las constituciones de la Compa\u00f1\u00eda de Jes\u00fas, infundiendo en la Orden una clara vocaci\u00f3n educativa y misionera, estando los jesuitas a disposici\u00f3n del Pont\u00edfice y de su lucha contra la herej\u00eda. Falleci\u00f3 en Roma en el a\u00f1o 1556, siendo beatificado en 1609 y canonizado en 1622.<\/p>\n<p style=\"text-align: justify\" class=\"NormalWeb\">Para leer m\u00e1s:<\/p>\n<ul style=\"text-align: justify\">\n<li>R. Garc\u00eda Villoslada, <em>San Ignacio de Loyola. Nueva Biograf\u00eda,<\/em> Madrid 1986.<\/li>\n<li>T. Egido (coord.), <em>Los jesuitas en Espa\u00f1a y en el mundo hisp\u00e1nico,<\/em> Madrid 2004<\/li>\n<\/ul><\/div>\n<p><\/p>\n","protected":false},"excerpt":{"rendered":"<p>Ignacio de Loyola Fundador de la Compa\u00f1\u00eda de Jes\u00fas. Naci\u00f3 en el a\u00f1o 1491 en Azpeitia, en las provincias vascongadas. Su juventud transcurri\u00f3 en la corte de los Reyes Cat\u00f3licos y luego se dedic\u00f3 por completo a la milicia. Herido de guerra por las tropas&hellip;<\/p>\n","protected":false},"author":1,"featured_media":0,"parent":6634,"menu_order":0,"comment_status":"closed","ping_status":"closed","template":"","meta":{"footnotes":""},"class_list":["post-7444","page","type-page","status-publish","hentry"],"_links":{"self":[{"href":"https:\/\/digitalhistory.unite.it\/es\/wp-json\/wp\/v2\/pages\/7444","targetHints":{"allow":["GET"]}}],"collection":[{"href":"https:\/\/digitalhistory.unite.it\/es\/wp-json\/wp\/v2\/pages"}],"about":[{"href":"https:\/\/digitalhistory.unite.it\/es\/wp-json\/wp\/v2\/types\/page"}],"author":[{"embeddable":true,"href":"https:\/\/digitalhistory.unite.it\/es\/wp-json\/wp\/v2\/users\/1"}],"replies":[{"embeddable":true,"href":"https:\/\/digitalhistory.unite.it\/es\/wp-json\/wp\/v2\/comments?post=7444"}],"version-history":[{"count":2,"href":"https:\/\/digitalhistory.unite.it\/es\/wp-json\/wp\/v2\/pages\/7444\/revisions"}],"predecessor-version":[{"id":12092,"href":"https:\/\/digitalhistory.unite.it\/es\/wp-json\/wp\/v2\/pages\/7444\/revisions\/12092"}],"up":[{"embeddable":true,"href":"https:\/\/digitalhistory.unite.it\/es\/wp-json\/wp\/v2\/pages\/6634"}],"wp:attachment":[{"href":"https:\/\/digitalhistory.unite.it\/es\/wp-json\/wp\/v2\/media?parent=7444"}],"curies":[{"name":"wp","href":"https:\/\/api.w.org\/{rel}","templated":true}]}}